{"id":823,"date":"2022-09-17T14:05:52","date_gmt":"2022-09-17T14:05:52","guid":{"rendered":"https:\/\/www.largepillow.com\/product\/wedge-pillow-for-acid-reflux_37_38_39_40_41"},"modified":"2024-10-03T16:31:35","modified_gmt":"2024-10-03T16:31:35","slug":"luku-kiila-paaty","status":"publish","type":"product","link":"https:\/\/www.largepillow.com\/fi\/product\/reading-wedge-headboard\/","title":{"rendered":"Reading Wedge -p\u00e4\u00e4ty"},"content":{"rendered":"<p>Nauti mukavuudesta Ultimate Reading Wedge -p\u00e4\u00e4tyyn avulla<\/p>\n<p>Kuvittele uppoutuvasi muhkean mukavuuden pilveen uppoutuessasi suosikkikirjoihisi tai -esityksiisi. Reading Wedge -p\u00e4\u00e4ty on t\u00e4\u00e4ll\u00e4 nostaaksesi nukkumaanmenokokemuksesi uusiin korkeuksiin!<\/p>\n<p>Poikkeuksellinen mukavuus:<\/p>\n<p>T\u00e4ss\u00e4 ergonomisesti suunnitellussa s\u00e4ngynp\u00e4\u00e4tyynyss\u00e4 on kaareva muoto, joka tukee kehoasi ja tarjoaa poikkeuksellista mukavuutta. Sen kaksirivinen kohotettu selk\u00e4noja tarjoaa vertaansa vailla olevan tuen niskaa ja selk\u00e4\u00e4 varten, mik\u00e4 tekee siit\u00e4 ihanteellisen y\u00f6ky\u00f6peleille, innokkaille lukijoille ja tv-harrastajille.<\/p>\n<p>Monitoiminen monipuolisuus:<\/p>\n<p>Riitt\u00e4v\u00e4n monipuolinen moneen k\u00e4ytt\u00f6\u00f6n, t\u00e4t\u00e4 tyyny\u00e4 voidaan k\u00e4ytt\u00e4\u00e4 pystysuorana selk\u00e4tyynyn\u00e4, kiilatyynyn\u00e4 tai jalkatyynyn\u00e4. Etsitp\u00e4 sitten tukea lukemiseen, elokuvien katseluun tai yksinkertaisesti rentoutumiseen s\u00e4ngyss\u00e4, se on t\u00e4ydellinen kumppani.<\/p>\n<p>Ylivoimaista k\u00e4sity\u00f6taitoa:<\/p>\n<p>Ylellisest\u00e4 pellavan\u00e4k\u00f6isest\u00e4 kankaasta ja ymp\u00e4rist\u00f6yst\u00e4v\u00e4llisest\u00e4 polyesterikuitut\u00e4ytteest\u00e4 valmistettu Reading Wedge Headboard huokuu laatua. Sen irrotettava pehmustepehmuste on konepest\u00e4v\u00e4, mik\u00e4 tekee siivoamisesta vaivatonta, kun taas k\u00e4tev\u00e4t sivutaskut lis\u00e4\u00e4v\u00e4t ripauksen k\u00e4yt\u00e4nn\u00f6llisyytt\u00e4.<\/p>\n<p>Helppo huolto:<\/p>\n<p>Reading Wedge -p\u00e4\u00e4tyosan huoltaminen on helppoa. S\u00e4ngynp\u00e4\u00e4dyn tyynynp\u00e4\u00e4llinen on helposti irrotettavissa napeilla ja vetoketjulla, mik\u00e4 mahdollistaa nopean konepesun.<\/p>\n<p>Saatavana eri kokoisina:<\/p>\n<p>Valitse useista eri kokoista, jotka sopivat t\u00e4ydellisesti s\u00e4nkyyn: 100 cm, 120 cm, 140 cm, 160 cm, 180 cm ja 200 cm. Jokaisessa koossa on tyylik\u00e4s sarakepainikkeen muotoilu, joka lis\u00e4\u00e4 tyyli\u00e4.<\/p>\n<p>Asiakkaiden kokemuksia:<\/p>\n<p>\u201dRakastan todella paljon Reading Wedge -p\u00e4\u00e4tyt\u00e4ni! Se on niin mukavaa ja tekee s\u00e4ngyss\u00e4 lukemisesta unelman. Korotettu selk\u00e4noja muuttaa niskaani ja selk\u00e4\u00e4ni. \u2013 Sarah K.<\/p>\n<p>\u201dT\u00e4m\u00e4 tyyny on pakollinen hankinta kaikille, jotka rakastavat viett\u00e4\u00e4 aikaa s\u00e4ngyss\u00e4. Se on niin monipuolinen ja sit\u00e4 voidaan k\u00e4ytt\u00e4\u00e4 niin moneen asiaan. Suosittelen l\u00e4mpim\u00e4sti!\u201d \u2013 John B.<\/p>\n<p>Paranna nukkumaanmenokokemustasi Reading Wedge Headboardin avulla. Tilaa omasi jo t\u00e4n\u00e4\u00e4n ja nauti ennenn\u00e4kem\u00e4tt\u00f6m\u00e4st\u00e4 mukavuudesta ja monipuolisuudesta!<\/p>","protected":false},"excerpt":{"rendered":"<ul>\n<li><strong>\u00c4\u00e4rimm\u00e4ist\u00e4 mukavuutta:<\/strong> T\u00e4m\u00e4 xl kohotettu p\u00e4\u00e4tytyyny tarjoaa erinomaisen mukavuuden kaarevan muotoilunsa ansiosta. T\u00e4m\u00e4 s\u00e4ngynp\u00e4\u00e4dyn lukutyyny auttaa sinua pysym\u00e4\u00e4n j\u00e4nnittym\u00e4tt\u00f6m\u00e4n\u00e4 vuodesohva-sohvassa tai sohvalla, joka on ihanteellinen y\u00f6ky\u00f6pelien, kirjatoukkien ty\u00f6skentelyyn ja television katseluun s\u00e4ngyss\u00e4.<\/li>\n<li><strong>Korotettu selk\u00e4nojan muotoilu:<\/strong> Nauti vertaansa vailla olevasta mukavuudesta p\u00e4\u00e4tytyynymme ainutlaatuisen kaksirivisen kohotetun selk\u00e4nojan ansiosta. Korotettu selk\u00e4nojan p\u00e4\u00e4tytyyny tarjoaa erinomaisen tuen niskallesi ja sel\u00e4llesi, joten se on t\u00e4ydellinen paikka rentoutua ja lukea s\u00e4ngyss\u00e4.<\/li>\n<li><strong>Monik\u00e4ytt\u00f6inen tyyny:<\/strong> Kolmella eri k\u00e4ytt\u00f6tavalla tyynymme sopii t\u00e4ydellisesti kaikkiin tilanteisiin. Haluatpa k\u00e4ytt\u00e4\u00e4 sit\u00e4 pystysuorana selk\u00e4tyynyn\u00e4, kiilatyynyn\u00e4 tai jalkatyynyn\u00e4 korkeamman tuen saamiseksi, se on ihanteellinen lis\u00e4varuste mukavaan lepoon ja rentoutumiseen.<\/li>\n<li><strong>Ylivoimaista k\u00e4sity\u00f6taitoa:<\/strong> Valmistettu pellavan\u00e4k\u00f6isest\u00e4 kankaasta, jonka koostumus on 100% polyesteri, p\u00e4\u00e4tytyynymme on t\u00e4ytetty ymp\u00e4rist\u00f6yst\u00e4v\u00e4llisell\u00e4 ja eritt\u00e4in kimmoisalla polyesterikuitut\u00e4ytteell\u00e4. Irrotettava pehmustetyyny on helppo pest\u00e4 koneessa, kun taas pienet sivutaskut lis\u00e4\u00e4v\u00e4t k\u00e4yt\u00e4nn\u00f6llisyytt\u00e4 jo ennest\u00e4\u00e4n ylelliseen tuotteeseen.<\/li>\n<li><strong>Helppo pest\u00e4:<\/strong> S\u00e4ngynp\u00e4\u00e4dyn tyynynp\u00e4\u00e4llinen on kiinnitetty tyynyn sis\u00e4osaan napeilla ja se on helppo irrottaa yksinkertaisella vetoketjulla. T\u00e4m\u00e4 tekee sen puhdistamisesta vaivatonta. Poista vain p\u00e4\u00e4llinen ja pese tyyny nopeasti koneella, jotta se n\u00e4ytt\u00e4\u00e4 uudelta.<\/li>\n<li><strong>Koko:<\/strong> 100 cm (L100 x L26 x K55 | 3 sarakepainiketta), 120 cm (P120 x L26 x K55 | 4 sarakkeen painiketta), 140 cm (L140 x L26 x K55 | 4 sarakkeen painiketta), 160 cm (P160 x 5 | 5 x 5 painikkeet) ), 180 cm (L180 x L26 x K55 | 6 sarakepainiketta), 200 cm (P200 x L26 x K55 | 7 sarakkeen painiketta).<\/li>\n<\/ul>","protected":false},"featured_media":809,"comment_status":"open","ping_status":"closed","template":"","meta":[],"product_brand":[],"product_cat":[15],"product_tag":[109,164,161,143,166,162,65],"class_list":{"0":"post-823","1":"product","2":"type-product","3":"status-publish","4":"has-post-thumbnail","6":"product_cat-large-wedge-pillow","7":"product_tag-daybed-cushion","8":"product_tag-detachable-bolster-bed-cushion","9":"product_tag-elevated-headboard-pillow","10":"product_tag-multifunctional-pillow","11":"product_tag-reading-wedge-headboard","12":"product_tag-upright-back-pillow","13":"product_tag-wedge-pillow","15":"first","16":"instock","17":"featured","18":"shipping-taxable","19":"purchasable","20":"product-type-variable"},"_links":{"self":[{"href":"https:\/\/www.largepillow.com\/fi\/wp-json\/wp\/v2\/product\/823","targetHints":{"allow":["GET"]}}],"collection":[{"href":"https:\/\/www.largepillow.com\/fi\/wp-json\/wp\/v2\/product"}],"about":[{"href":"https:\/\/www.largepillow.com\/fi\/wp-json\/wp\/v2\/types\/product"}],"replies":[{"embeddable":true,"href":"https:\/\/www.largepillow.com\/fi\/wp-json\/wp\/v2\/comments?post=823"}],"wp:featuredmedia":[{"embeddable":true,"href":"https:\/\/www.largepillow.com\/fi\/wp-json\/wp\/v2\/media\/809"}],"wp:attachment":[{"href":"https:\/\/www.largepillow.com\/fi\/wp-json\/wp\/v2\/media?parent=823"}],"wp:term":[{"taxonomy":"product_brand","embeddable":true,"href":"https:\/\/www.largepillow.com\/fi\/wp-json\/wp\/v2\/product_brand?post=823"},{"taxonomy":"product_cat","embeddable":true,"href":"https:\/\/www.largepillow.com\/fi\/wp-json\/wp\/v2\/product_cat?post=823"},{"taxonomy":"product_tag","embeddable":true,"href":"https:\/\/www.largepillow.com\/fi\/wp-json\/wp\/v2\/product_tag?post=823"}],"curies":[{"name":"wp","href":"https:\/\/api.w.org\/{rel}","templated":true}]}}