{"id":8334,"date":"2025-06-16T02:13:39","date_gmt":"2025-06-16T02:13:39","guid":{"rendered":"https:\/\/www.largepillow.com\/product\/stylish-bedroom-wedge-pillow-with-ergonomic-neck-rest"},"modified":"2025-06-17T02:29:59","modified_gmt":"2025-06-17T02:29:59","slug":"tyylikas-makuuhuoneen-kiilatyyny-ergonomisella-niskatukella","status":"publish","type":"product","link":"https:\/\/www.largepillow.com\/fi\/product\/stylish-bedroom-wedge-pillow-with-ergonomic-neck-rest","title":{"rendered":"Tyylik\u00e4s makuuhuoneen kiilatyyny ergonomisella niskatuella"},"content":{"rendered":"[zc_getpagecontent mb=&#8221;mb_aplus&#8221; apid=&#8221;118&#8243;]\n","protected":false},"excerpt":{"rendered":"<ul>\n<li>Innovatiivinen kaksiosainen muotoilu \u2013 T\u00e4m\u00e4 s\u00e4ngynp\u00e4\u00e4tytyyny erottuu ainutlaatuisella muotoilullaan. Ylempi valkoinen niskatuki tarjoaa pilvim\u00e4isen turvapaikan p\u00e4\u00e4n tuelle, kun taas alempi, leve\u00e4mpi sininen selk\u00e4noja tarjoaa tukevan tuen sel\u00e4llesi, mik\u00e4 tuo makuuhuoneeseesi harmonisen yhdistelm\u00e4n toimivuutta ja tyyli\u00e4.<\/li>\n<li>Loputtomat k\u00e4ytt\u00f6mahdollisuudet \u2013 Uppoudutpa sitten kiehtovaan romaaniin, katsotpa suosikkiohjelmiasi ahmimalla tai nautit vain rauhan hetkest\u00e4, t\u00e4m\u00e4 tyyny on t\u00e4ydellinen kumppanisi. Ihanteellinen laiskoille sunnuntaiaamuille, iltap\u00e4iv\u00e4n siestoille tai my\u00f6h\u00e4isillan lukuhetkille, se nostaa rentoutumiskokemuksesi s\u00e4ngyss\u00e4 uudelle tasolle.<\/li>\n<li>Kaikkien mukavuutta ajatellen \u2013 Tyynymme on suunniteltu kaikille, ja se sopii kaikille. Opiskelijat voivat rentoutua pitkien opiskelutuokioiden j\u00e4lkeen, ammattilaiset voivat rentoutua kiireisen p\u00e4iv\u00e4n j\u00e4lkeen ja ik\u00e4\u00e4ntyneet voivat l\u00f6yt\u00e4\u00e4 lis\u00e4mukavuutta lev\u00e4tess\u00e4\u00e4n. Sen ergonominen muotoilu varmistaa, ett\u00e4 kaikenik\u00e4iset ja -tyyppiset ihmiset voivat nauttia sen erinomaisesta tuesta ja mukavuudesta.<\/li>\n<li>Mukautettavan korkeuden etu \u2013 Mukautettava korkeusominaisuus muuttaa kaiken. K\u00e4tev\u00e4n tarranauhan avulla voit vaivattomasti s\u00e4\u00e4t\u00e4\u00e4 niskatuen asentoa. Nosta sit\u00e4 paremman niskatuen saamiseksi tai laske sit\u00e4 rennomman asennon saavuttamiseksi, r\u00e4\u00e4t\u00e4l\u00f6iden mukavuutesi juuri sinun mieltymystesi mukaan.<\/li>\n<li>Huippuluokan materiaalien laatu \u2013 P\u00e4\u00e4tytyynymme lupaa laatua ja mukavuutta. Niskatuen PP-puuvillat\u00e4yte ja samettip\u00e4\u00e4llinen tarjoavat ylellisen ja ihoyst\u00e4v\u00e4llisen tuntuman. Selk\u00e4nojan PP-puuvilla- ja polyesteripellavap\u00e4\u00e4llinen on hengitt\u00e4v\u00e4 ja kest\u00e4v\u00e4, mik\u00e4 takaa pitk\u00e4aikaisen mukavuuden ja helpon hoidon.<\/li>\n<\/ul>","protected":false},"featured_media":8323,"comment_status":"open","ping_status":"closed","template":"","meta":[],"product_brand":[],"product_cat":[228],"product_tag":[],"class_list":{"0":"post-8334","1":"product","2":"type-product","3":"status-publish","4":"has-post-thumbnail","6":"product_cat-cushions","8":"first","9":"instock","10":"sold-individually","11":"shipping-taxable","12":"purchasable","13":"product-type-variable","14":"has-default-attributes"},"_links":{"self":[{"href":"https:\/\/www.largepillow.com\/fi\/wp-json\/wp\/v2\/product\/8334","targetHints":{"allow":["GET"]}}],"collection":[{"href":"https:\/\/www.largepillow.com\/fi\/wp-json\/wp\/v2\/product"}],"about":[{"href":"https:\/\/www.largepillow.com\/fi\/wp-json\/wp\/v2\/types\/product"}],"replies":[{"embeddable":true,"href":"https:\/\/www.largepillow.com\/fi\/wp-json\/wp\/v2\/comments?post=8334"}],"wp:featuredmedia":[{"embeddable":true,"href":"https:\/\/www.largepillow.com\/fi\/wp-json\/wp\/v2\/media\/8323"}],"wp:attachment":[{"href":"https:\/\/www.largepillow.com\/fi\/wp-json\/wp\/v2\/media?parent=8334"}],"wp:term":[{"taxonomy":"product_brand","embeddable":true,"href":"https:\/\/www.largepillow.com\/fi\/wp-json\/wp\/v2\/product_brand?post=8334"},{"taxonomy":"product_cat","embeddable":true,"href":"https:\/\/www.largepillow.com\/fi\/wp-json\/wp\/v2\/product_cat?post=8334"},{"taxonomy":"product_tag","embeddable":true,"href":"https:\/\/www.largepillow.com\/fi\/wp-json\/wp\/v2\/product_tag?post=8334"}],"curies":[{"name":"wp","href":"https:\/\/api.w.org\/{rel}","templated":true}]}}