{"id":8343,"date":"2025-06-16T02:24:31","date_gmt":"2025-06-16T02:24:31","guid":{"rendered":"https:\/\/www.largepillow.com\/product\/indoor-kids-playroom-furniture-7pcs-modular-foam-sofa"},"modified":"2025-06-17T03:43:28","modified_gmt":"2025-06-17T03:43:28","slug":"sisatiloissa-lasten-leikkihuoneen-kalusteet-7-kpl-modulaarinen-vaahtomuovinen-sohva","status":"publish","type":"product","link":"https:\/\/www.largepillow.com\/fi\/product\/indoor-kids-playroom-furniture-7pcs-modular-foam-sofa\/","title":{"rendered":"Sis\u00e4tilojen lasten leikkihuoneen kalusteet, 7 kpl modulaarinen vaahtomuovi sohva"},"content":{"rendered":"[zc_getpagecontent mb=&#8221;mb_aplus&#8221; apid=&#8221;114&#8243;]\n","protected":false},"excerpt":{"rendered":"<ul>\n<li>Vapauta mielikuvitus ja stimuloi sit\u00e4: Esittelyss\u00e4 monipuolinen modulaarinen lasten sohvamme, joka on suunniteltu seitsem\u00e4ll\u00e4 joustavalla vaahtomuovipalikalla, jotka voidaan muuntaa loputtomiksi leikkirakenteiksi. Viihtyisist\u00e4 sohvista, liukum\u00e4ist\u00e4 ja linnoista palloaltaisiin ja mini-esteradoihin, t\u00e4m\u00e4 monitoiminen muotoilu ei ainoastaan kannusta luovuuteen, vaan antaa lapsille my\u00f6s mahdollisuuden rakentaa omia mielikuvituksellisia leikkitilojaan. Leikkisohvamme sopii t\u00e4ydellisesti mielikuvituksen, luovuuden sek\u00e4 sosiaalisten ja motoristen taitojen kehitt\u00e4miseen ja on lopullinen ty\u00f6kalu kiipeilyyn, jutteluun, lep\u00e4\u00e4miseen ja interaktiivisesta leikist\u00e4 nauttimiseen.\u00a0<\/li>\n<li>Parannettu mukavuus, turvallisuus ja kest\u00e4vyys: Lasten turvallisuus ja mukavuus mieless\u00e4 suunnitellussa leikkisohvassamme on tihe\u00e4 vaahtomuoviydin ja eritt\u00e4in joustava sieni, joka kest\u00e4\u00e4 vuosien rankkaa leikki\u00e4. Pehme\u00e4 ja iskunkest\u00e4v\u00e4 pinta takaa turvallisen ymp\u00e4rist\u00f6n hyppimiseen ja ry\u00f6mimiseen, ilman ter\u00e4vi\u00e4 reunoja tai kovia kulmia. Lasten sohvaryhm\u00e4mme on p\u00e4\u00e4llystetty vedenpit\u00e4v\u00e4ll\u00e4 ja kulutusta kest\u00e4v\u00e4ll\u00e4 keinonahalla, joka on helppo puhdistaa, ja sen neutraali v\u00e4rimaailma kest\u00e4\u00e4 tahroja, varmistaen, ett\u00e4 se s\u00e4ilytt\u00e4\u00e4 uudenveroisen ulkon\u00e4k\u00f6ns\u00e4 tulevina vuosina.<\/li>\n<li>Innostavia vanhemman ja lapsen v\u00e4lisi\u00e4 kokemuksia: Koe arvokkaita yhteyden hetki\u00e4 lastesi kanssa modulaarisen leikkisohvamme avulla. Se toimii viihtyis\u00e4n\u00e4 ymp\u00e4rist\u00f6n\u00e4 laadukkaille vanhemman ja lapsen v\u00e4lisille vuorovaikutuksille, kannustaen leikkiin, rentoutumiseen ja luoden kodikkaan ymp\u00e4rist\u00f6n. Ihanteellinen makuuhuoneisiin, leikkihuoneisiin, lastenhuoneisiin tai olohuoneisiin, ja se on my\u00f6s loistava syntym\u00e4p\u00e4iv\u00e4-, joulu- tai vauvakutsulahja, joka tuo iloa ja naurua kotiisi.<\/li>\n<li>K\u00e4tev\u00e4 huolto ja s\u00e4ilytys: Lasten sohvassamme on irrotettava, konepest\u00e4v\u00e4 p\u00e4\u00e4llinen, mik\u00e4 tekee huollosta helppoa. Sen entist\u00e4 suurempi koko ja kevyt muotoilu mahdollistavat helpon liikuteltavuuden ja s\u00e4ilytyksen, jolloin lapset voivat vaivattomasti siirt\u00e4\u00e4 ja muokata sohvaa huoneesta toiseen. Jokainen moduuli on varustettu vetoketjuilla helppoa puhdistusta varten, mik\u00e4 takaa pitk\u00e4aikaisen puhtauden ja nautinnon.<\/li>\n<li>Vaivaton kokoaminen ja v\u00e4lit\u00f6nt\u00e4 hauskanpitoa: Tehokkaan kuljetuksen takaamiseksi tyhji\u00f6pakkauksessa lasten sohvamme saattaa aluksi n\u00e4ytt\u00e4\u00e4 ep\u00e4muodostuneelta tai ohemmalta avattuna. T\u00e4m\u00e4 ei kuitenkaan ole laatuongelma. Anna vaahtomuovin laajentua kokonaan ja palauttaa normaali kokonsa ja paksuutensa 48\u201372 tunnissa. Kokoamista ei tarvita, joten lapset voivat suoraan uppoutua oman pienen maailmansa luomiseen ja tutkimiseen, mik\u00e4 tarjoaa v\u00e4lit\u00f6nt\u00e4 hauskanpitoa ja toimivuutta. Tavallisena sohvana k\u00e4ytett\u00e4ess\u00e4 sen vakauden lis\u00e4\u00e4miseksi on suositeltavaa sijoittaa se sein\u00e4\u00e4 vasten.<\/li>\n<li>Paino: 17 paunaa, mitat: 13 tuumaa S x 39 tuumaa L x 19 tuumaa K.<\/li>\n<\/ul>","protected":false},"featured_media":8337,"comment_status":"open","ping_status":"closed","template":"","meta":[],"product_brand":[],"product_cat":[228],"product_tag":[],"class_list":{"0":"post-8343","1":"product","2":"type-product","3":"status-publish","4":"has-post-thumbnail","6":"product_cat-cushions","8":"first","9":"instock","10":"sold-individually","11":"shipping-taxable","12":"purchasable","13":"product-type-simple"},"_links":{"self":[{"href":"https:\/\/www.largepillow.com\/fi\/wp-json\/wp\/v2\/product\/8343","targetHints":{"allow":["GET"]}}],"collection":[{"href":"https:\/\/www.largepillow.com\/fi\/wp-json\/wp\/v2\/product"}],"about":[{"href":"https:\/\/www.largepillow.com\/fi\/wp-json\/wp\/v2\/types\/product"}],"replies":[{"embeddable":true,"href":"https:\/\/www.largepillow.com\/fi\/wp-json\/wp\/v2\/comments?post=8343"}],"wp:featuredmedia":[{"embeddable":true,"href":"https:\/\/www.largepillow.com\/fi\/wp-json\/wp\/v2\/media\/8337"}],"wp:attachment":[{"href":"https:\/\/www.largepillow.com\/fi\/wp-json\/wp\/v2\/media?parent=8343"}],"wp:term":[{"taxonomy":"product_brand","embeddable":true,"href":"https:\/\/www.largepillow.com\/fi\/wp-json\/wp\/v2\/product_brand?post=8343"},{"taxonomy":"product_cat","embeddable":true,"href":"https:\/\/www.largepillow.com\/fi\/wp-json\/wp\/v2\/product_cat?post=8343"},{"taxonomy":"product_tag","embeddable":true,"href":"https:\/\/www.largepillow.com\/fi\/wp-json\/wp\/v2\/product_tag?post=8343"}],"curies":[{"name":"wp","href":"https:\/\/api.w.org\/{rel}","templated":true}]}}