{"id":845,"date":"2022-09-17T14:14:51","date_gmt":"2022-09-17T14:14:51","guid":{"rendered":"https:\/\/www.largepillow.com\/product\/wedge-pillow-for-acid-reflux_37_38_39_40_41_42"},"modified":"2024-12-04T12:25:24","modified_gmt":"2024-12-04T12:25:24","slug":"koristetyynyt-sankyyn","status":"publish","type":"product","link":"https:\/\/www.largepillow.com\/fi\/product\/decorative-pillows-for-bed","title":{"rendered":"Koristeelliset tyynyt s\u00e4nkyyn"},"content":{"rendered":"<p>Nauti vertaansa vailla olevasta mukavuudesta koristeellisilla s\u00e4nkymme tyynyill\u00e4<\/p>\n<p>Muuta nukkumaanmenokokemustasi huolellisesti valmistetuilla koristetyynyill\u00e4mme, jotka on suunniteltu lis\u00e4\u00e4m\u00e4\u00e4n mukavuuttasi ja rentoutumistasi.<\/p>\n<p>\u00c4\u00e4rimm\u00e4ist\u00e4 mukavuutta ja tukea<\/p>\n<p>Tyynyiss\u00e4mme on kaareva muotoilu, joka mukautuu kehosi muotoihin ja tarjoaa vertaansa vailla olevan mukavuuden. L\u00f6ysitp\u00e4 sitten s\u00e4ngyss\u00e4, rentoudut sohvalla tai haaveilet sohvalla, s\u00e4ngynp\u00e4\u00e4dyn lukutyynymme pit\u00e4\u00e4 sinut j\u00e4nnitteett\u00f6m\u00e4n\u00e4 ja tukena.<\/p>\n<p>Korotettu selk\u00e4noja optimaalista tukea varten<\/p>\n<p>Nauti kaksirivisen kohotetun selk\u00e4nojan ylellisyydest\u00e4, joka on ammattitaidolla suunniteltu tarjoamaan poikkeuksellista tukea niskallesi ja sel\u00e4llesi. Uppoudu suosikkikirjaasi tai hukkaa itsesi kiehtovaan elokuvaan ilman ep\u00e4mukavuutta tai rasitusta.<\/p>\n<p>Monipuolinen toiminnallisuus<\/p>\n<p>Nauti tyynymme monipuolisuudesta sen kolmella eri k\u00e4ytt\u00f6tavalla. Aseta se pystyasentoon selk\u00e4tyynyksi, tue se kiilatyynyksi tai nosta jalkojasi mukavuuden lis\u00e4\u00e4miseksi. Se on t\u00e4ydellinen lis\u00e4varuste viihtymiseen ja rentoutumiseen.<\/p>\n<p>Ensiluokkaista k\u00e4sity\u00f6t\u00e4 ja kest\u00e4vyytt\u00e4<\/p>\n<p>S\u00e4ngynp\u00e4\u00e4tyynymme on valmistettu huolellisesti korkealaatuisesta pellavakankaasta, joka koostuu 100%-polyesterista kest\u00e4vyyden ja helpon huollon takaamiseksi. Ymp\u00e4rist\u00f6yst\u00e4v\u00e4llinen ja joustava polyesterikuitut\u00e4yte takaa pitk\u00e4kestoisen mukavuuden. Lis\u00e4ksi irrotettava pehmustetyyny tekee siivoamisesta helppoa.<\/p>\n<p>Vaivaton puhdistus<\/p>\n<p>S\u00e4ilyt\u00e4 tyynysi koskematon kunto vaivattomasti. S\u00e4ngynp\u00e4\u00e4dyn tyynynp\u00e4\u00e4llinen on kiinnitetty napeilla, mik\u00e4 mahdollistaa helpon irrotuksen. Avaa kansi ja heit\u00e4 se pesukoneeseen nopeaa virkistyst\u00e4 varten.<\/p>\n<p>Mukautettavat kokovaihtoehdot<\/p>\n<p>Valitse s\u00e4nkyllesi t\u00e4ydellinen koko kattavasta valikoimastamme:<\/p>\n<p>* 100 cm (P100 x L26 x K55)<br \/>\n* 120 cm (P120 x L26 x K55)<br \/>\n* 140 cm (P140 x L26 x K55)<br \/>\n* 160 cm (P160 x L26 x K55)<br \/>\n* 180 cm (P180 x L26 x K55)<br \/>\n* 200 cm (P200 x L26 x K55)<\/p>\n<p>Asiakkaiden suosittelut<\/p>\n<p>Tyytyv\u00e4iset asiakkaamme kehuvat s\u00e4nkyyn tarkoitettujen koristetyynyjemme poikkeuksellista laatua:<\/p>\n<p>* \u201dT\u00e4m\u00e4 kolmiotyyny ei ole vain mukava, vaan my\u00f6s eritt\u00e4in k\u00e4yt\u00e4nn\u00f6llinen. Olen todella iloinen siit\u00e4!\u201d<br \/>\n* &quot;Rakastan pellavamateriaalia. Se on pehme\u00e4 ja hengitt\u00e4v\u00e4, ja v\u00e4ri on kaunis.&quot;<br \/>\n* &quot;Ostin t\u00e4m\u00e4n tyynyn \u00e4idilleni, jolla on selk\u00e4kipu. Se on tehnyt suuren eron h\u00e4nen mukavuutensa kannalta.&quot;<\/p>\n<p>Nauti \u00e4\u00e4rimm\u00e4isest\u00e4 mukavuudesta ja rentoutumisesta koristeellisilla s\u00e4nkymme tyynyill\u00e4. Tilaa omasi t\u00e4n\u00e4\u00e4n ja koe ansaitsemasi vertaansa vailla oleva tuki ja ylellisyys.<\/p>","protected":false},"excerpt":{"rendered":"<ul>\n<li><strong>\u00c4\u00e4rimm\u00e4ist\u00e4 mukavuutta:<\/strong> T\u00e4m\u00e4 xl kohotettu p\u00e4\u00e4tytyyny tarjoaa erinomaisen mukavuuden kaarevan muotoilunsa ansiosta. T\u00e4m\u00e4 s\u00e4ngynp\u00e4\u00e4dyn lukutyyny auttaa sinua pysym\u00e4\u00e4n j\u00e4nnittym\u00e4tt\u00f6m\u00e4n\u00e4 vuodesohva-sohvassa tai sohvalla, joka on ihanteellinen y\u00f6ky\u00f6pelien, kirjatoukkien ty\u00f6skentelyyn ja television katseluun s\u00e4ngyss\u00e4.<\/li>\n<li><strong>Korotettu selk\u00e4nojan muotoilu:<\/strong> Nauti vertaansa vailla olevasta mukavuudesta p\u00e4\u00e4tytyynymme ainutlaatuisen kaksirivisen kohotetun selk\u00e4nojan ansiosta. Korotettu selk\u00e4nojan p\u00e4\u00e4tytyyny tarjoaa erinomaisen tuen niskallesi ja sel\u00e4llesi, joten se on t\u00e4ydellinen paikka rentoutua ja lukea s\u00e4ngyss\u00e4.<\/li>\n<li><strong>Monik\u00e4ytt\u00f6inen tyyny:<\/strong> Kolmella eri k\u00e4ytt\u00f6tavalla tyynymme sopii t\u00e4ydellisesti kaikkiin tilanteisiin. Haluatpa k\u00e4ytt\u00e4\u00e4 sit\u00e4 pystysuorana selk\u00e4tyynyn\u00e4, kiilatyynyn\u00e4 tai jalkatyynyn\u00e4 korkeamman tuen saamiseksi, se on ihanteellinen lis\u00e4varuste mukavaan lepoon ja rentoutumiseen.<\/li>\n<li><strong>Ylivoimaista k\u00e4sity\u00f6taitoa:<\/strong> Valmistettu pellavan\u00e4k\u00f6isest\u00e4 kankaasta, jonka koostumus on 100% polyesteri, p\u00e4\u00e4tytyynymme on t\u00e4ytetty ymp\u00e4rist\u00f6yst\u00e4v\u00e4llisell\u00e4 ja eritt\u00e4in kimmoisalla polyesterikuitut\u00e4ytteell\u00e4. Irrotettava pehmustetyyny on helppo pest\u00e4 koneessa, kun taas pienet sivutaskut lis\u00e4\u00e4v\u00e4t k\u00e4yt\u00e4nn\u00f6llisyytt\u00e4 jo ennest\u00e4\u00e4n ylelliseen tuotteeseen.<\/li>\n<li><strong>Helppo pest\u00e4:<\/strong> S\u00e4ngynp\u00e4\u00e4dyn tyynynp\u00e4\u00e4llinen on kiinnitetty tyynyn sis\u00e4osaan napeilla ja se on helppo irrottaa yksinkertaisella vetoketjulla. T\u00e4m\u00e4 tekee sen puhdistamisesta vaivatonta. Poista vain p\u00e4\u00e4llinen ja pese tyyny nopeasti koneella, jotta se n\u00e4ytt\u00e4\u00e4 uudelta.<\/li>\n<li><strong>Koko:<\/strong> 100 cm (L100 x L26 x K55 | 3 sarakepainiketta), 120 cm (P120 x L26 x K55 | 4 sarakkeen painiketta), 140 cm (L140 x L26 x K55 | 4 sarakkeen painiketta), 160 cm (P160 x 5 | 5 x 5 painikkeet) ), 180 cm (L180 x L26 x K55 | 6 sarakepainiketta), 200 cm (P200 x L26 x K55 | 7 sarakkeen painiketta).<\/li>\n<\/ul>","protected":false},"featured_media":830,"comment_status":"open","ping_status":"closed","template":"","meta":[],"product_brand":[],"product_cat":[15],"product_tag":[145,165,164,161,143,162,65],"class_list":{"0":"post-845","1":"product","2":"type-product","3":"status-publish","4":"has-post-thumbnail","6":"product_cat-large-wedge-pillow","7":"product_tag-decorative-pillow","8":"product_tag-detachable-bolster","9":"product_tag-detachable-bolster-bed-cushion","10":"product_tag-elevated-headboard-pillow","11":"product_tag-multifunctional-pillow","12":"product_tag-upright-back-pillow","13":"product_tag-wedge-pillow","15":"first","16":"instock","17":"featured","18":"shipping-taxable","19":"purchasable","20":"product-type-variable"},"_links":{"self":[{"href":"https:\/\/www.largepillow.com\/fi\/wp-json\/wp\/v2\/product\/845","targetHints":{"allow":["GET"]}}],"collection":[{"href":"https:\/\/www.largepillow.com\/fi\/wp-json\/wp\/v2\/product"}],"about":[{"href":"https:\/\/www.largepillow.com\/fi\/wp-json\/wp\/v2\/types\/product"}],"replies":[{"embeddable":true,"href":"https:\/\/www.largepillow.com\/fi\/wp-json\/wp\/v2\/comments?post=845"}],"wp:featuredmedia":[{"embeddable":true,"href":"https:\/\/www.largepillow.com\/fi\/wp-json\/wp\/v2\/media\/830"}],"wp:attachment":[{"href":"https:\/\/www.largepillow.com\/fi\/wp-json\/wp\/v2\/media?parent=845"}],"wp:term":[{"taxonomy":"product_brand","embeddable":true,"href":"https:\/\/www.largepillow.com\/fi\/wp-json\/wp\/v2\/product_brand?post=845"},{"taxonomy":"product_cat","embeddable":true,"href":"https:\/\/www.largepillow.com\/fi\/wp-json\/wp\/v2\/product_cat?post=845"},{"taxonomy":"product_tag","embeddable":true,"href":"https:\/\/www.largepillow.com\/fi\/wp-json\/wp\/v2\/product_tag?post=845"}],"curies":[{"name":"wp","href":"https:\/\/api.w.org\/{rel}","templated":true}]}}