{"id":866,"date":"2022-09-17T14:44:55","date_gmt":"2022-09-17T14:44:55","guid":{"rendered":"https:\/\/www.largepillow.com\/product\/wedge-pillow-for-acid-reflux_37_38_39_40_41_42_43"},"modified":"2025-04-18T01:36:58","modified_gmt":"2025-04-18T01:36:58","slug":"selkatyyny-nukkumiseen","status":"publish","type":"product","link":"https:\/\/www.largepillow.com\/fi\/product\/back-pillow-for-sleeping","title":{"rendered":"Selk\u00e4tyyny Nukkumiseen"},"content":{"rendered":"<p>Selk\u00e4tyyny nukkumiseen: \u00e4\u00e4rimm\u00e4isen mukava lis\u00e4varuste<\/p>\n<p>Oletko kyll\u00e4stynyt tuntemaan ep\u00e4mukavuutta, kun yrit\u00e4t rentoutua s\u00e4ngyss\u00e4, sohvalla, leposohvalla tai sohvalla? Huomaatko usein, ett\u00e4 sinulla on vaikeuksia viihty\u00e4 lukiessasi, katsoessasi televisiota tai ty\u00f6skennelless\u00e4si s\u00e4ngyss\u00e4? Jos n\u00e4in on, Nukkumisen selk\u00e4tyyny on t\u00e4ydellinen lis\u00e4varuste sinulle!<\/p>\n<p>Yksi t\u00e4m\u00e4n tuotteen erottuvista ominaisuuksista on sen kaareva muotoilu, joka tarjoaa erinomaisen mukavuuden. T\u00e4m\u00e4 s\u00e4ngynp\u00e4\u00e4dyn lukutyyny voi auttaa sinua pysym\u00e4\u00e4n j\u00e4nnitteett\u00f6m\u00e4n\u00e4 miss\u00e4 tahansa oletkin. Olitpa y\u00f6ky\u00f6peli, joka nauttii ty\u00f6skentelyst\u00e4 my\u00f6h\u00e4\u00e4n y\u00f6h\u00f6n, kirjatoukka, joka rakastaa lukemista s\u00e4ngyss\u00e4 tai joku, joka vain nauttii television katselusta s\u00e4ngyss\u00e4, t\u00e4m\u00e4 tyyny pit\u00e4\u00e4 sinut peitossa.<\/p>\n<p>Toinen nukkumiseen tarkoitetun selk\u00e4tyynyn ainutlaatuinen ominaisuus on sen korotettu selk\u00e4noja. Kaksirivisen kohotetun selk\u00e4nojan ansiosta t\u00e4m\u00e4 tyyny tarjoaa erinomaisen tuen niskallesi ja sel\u00e4llesi. T\u00e4m\u00e4 tekee siit\u00e4 t\u00e4ydellisen lis\u00e4varusteen niille, jotka k\u00e4rsiv\u00e4t selk\u00e4- tai niskakivuista tai kaikille, jotka haluavat vain rentoutua ja lukea s\u00e4ngyss\u00e4.<\/p>\n<p>Nukkumiseen tarkoitetun selk\u00e4tyynyn monik\u00e4ytt\u00f6inen muotoilu on toinen t\u00e4rke\u00e4 myyntivaltti. Kolmella eri k\u00e4ytt\u00f6tavalla t\u00e4m\u00e4 tyyny sopii t\u00e4ydellisesti kaikkiin tilanteisiin. Haluatpa k\u00e4ytt\u00e4\u00e4 sit\u00e4 pystysuorana selk\u00e4tyynyn\u00e4, kiilatyynyn\u00e4 tai jalkatyynyn\u00e4 korkeamman tuen saamiseksi, se on ihanteellinen lis\u00e4varuste mukavaan lepoon ja rentoutumiseen.<\/p>\n<p>K\u00e4sity\u00f6taidon kannalta Nukkumisen selk\u00e4tyyny on valmistettu korkealaatuisista materiaaleista. Pellavan\u00e4k\u00f6inen kangas on valmistettu 100% polyesterista ja tyyny on t\u00e4ytetty ymp\u00e4rist\u00f6yst\u00e4v\u00e4llisell\u00e4 ja eritt\u00e4in kimmoisalla polyesterikuitut\u00e4ytteell\u00e4. Lis\u00e4ksi irrotettava pehmustetyyny on helppo pest\u00e4 koneessa, kun taas pienet sivutaskut lis\u00e4\u00e4v\u00e4t k\u00e4yt\u00e4nn\u00f6llisyytt\u00e4 jo ennest\u00e4\u00e4n ylelliseen tuotteeseen.<\/p>\n<p>Yksi t\u00e4m\u00e4n tyynyn houkuttelevimmista puolista on sen helppok\u00e4ytt\u00f6isyys ja huolto. S\u00e4ngynp\u00e4\u00e4dyn tyynynp\u00e4\u00e4llinen on kiinnitetty tyynyn sis\u00e4osaan napeilla ja se on helppo irrottaa yksinkertaisella vetoketjulla. T\u00e4m\u00e4 tekee puhdistamisesta vaivatonta. Poista vain p\u00e4\u00e4llinen ja pese tyyny nopeasti koneella, jotta se n\u00e4ytt\u00e4\u00e4 uudelta.<\/p>\n<p>Nukkumiseen tarkoitettua selk\u00e4tyyny\u00e4 on saatavana eri kokoisina, jotka sopivat kaikkiin s\u00e4nkyihin: 100 cm, 120 cm, 140 cm, 160 cm, 180 cm ja 200 cm. T\u00e4m\u00e4n ansiosta on helppo l\u00f6yt\u00e4\u00e4 juuri sinun tarpeisiisi sopiva.<\/p>\n<p>Kuten er\u00e4s tyytyv\u00e4inen asiakas kirjoittaa: \u201dT\u00e4m\u00e4 tyyny on pelin muuttaja! Se tarjoaa niin paljon tukea ja mukavuutta, ja useat k\u00e4ytt\u00f6tavat tekev\u00e4t siit\u00e4 t\u00e4ydellisen kaikkiin tilanteisiin. Suosittelen sit\u00e4 kaikille, jotka haluavat parantaa uni- ja rentoutumiskokemuksiaan.\u201d<\/p>\n<p>Kaiken kaikkiaan nukkumisen selk\u00e4tyyny on erinomainen sijoitus kaikille, jotka haluavat parantaa mukavuuttaan ja rentoutumiskokemustaan. Korkealaatuisen ammattitaitonsa, monik\u00e4ytt\u00f6isen suunnittelunsa sek\u00e4 helppok\u00e4ytt\u00f6isyytens\u00e4 ja huoltonsa ansiosta t\u00e4st\u00e4 tyynyst\u00e4 tulee varmasti suosikkiasusteena tulevina vuosina.<\/p>","protected":false},"excerpt":{"rendered":"<ul>\n<li><strong>\u00c4\u00e4rimm\u00e4ist\u00e4 mukavuutta:<\/strong> T\u00e4m\u00e4 xl kohotettu p\u00e4\u00e4tytyyny tarjoaa erinomaisen mukavuuden kaarevan muotoilunsa ansiosta. T\u00e4m\u00e4 s\u00e4ngynp\u00e4\u00e4dyn lukutyyny auttaa sinua pysym\u00e4\u00e4n j\u00e4nnittym\u00e4tt\u00f6m\u00e4n\u00e4 vuodesohva-sohvassa tai sohvalla, joka on ihanteellinen y\u00f6ky\u00f6pelien, kirjatoukkien ty\u00f6skentelyyn ja television katseluun s\u00e4ngyss\u00e4.<\/li>\n<li><strong>Korotettu selk\u00e4nojan muotoilu:<\/strong> Nauti vertaansa vailla olevasta mukavuudesta p\u00e4\u00e4tytyynymme ainutlaatuisen kaksirivisen kohotetun selk\u00e4nojan ansiosta. Korotettu selk\u00e4nojan p\u00e4\u00e4tytyyny tarjoaa erinomaisen tuen niskallesi ja sel\u00e4llesi, joten se on t\u00e4ydellinen paikka rentoutua ja lukea s\u00e4ngyss\u00e4.<\/li>\n<li><strong>Monik\u00e4ytt\u00f6inen tyyny:<\/strong> Kolmella eri k\u00e4ytt\u00f6tavalla tyynymme sopii t\u00e4ydellisesti kaikkiin tilanteisiin. Haluatpa k\u00e4ytt\u00e4\u00e4 sit\u00e4 pystysuorana selk\u00e4tyynyn\u00e4, kiilatyynyn\u00e4 tai jalkatyynyn\u00e4 korkeamman tuen saamiseksi, se on ihanteellinen lis\u00e4varuste mukavaan lepoon ja rentoutumiseen.<\/li>\n<li><strong>Ylivoimaista k\u00e4sity\u00f6taitoa:<\/strong> Valmistettu pellavan\u00e4k\u00f6isest\u00e4 kankaasta, jonka koostumus on 100% polyesteri, p\u00e4\u00e4tytyynymme on t\u00e4ytetty ymp\u00e4rist\u00f6yst\u00e4v\u00e4llisell\u00e4 ja eritt\u00e4in kimmoisalla polyesterikuitut\u00e4ytteell\u00e4. Irrotettava pehmustetyyny on helppo pest\u00e4 koneessa, kun taas pienet sivutaskut lis\u00e4\u00e4v\u00e4t k\u00e4yt\u00e4nn\u00f6llisyytt\u00e4 jo ennest\u00e4\u00e4n ylelliseen tuotteeseen.<\/li>\n<li><strong>Helppo pest\u00e4:<\/strong> S\u00e4ngynp\u00e4\u00e4dyn tyynynp\u00e4\u00e4llinen on kiinnitetty tyynyn sis\u00e4osaan napeilla ja se on helppo irrottaa yksinkertaisella vetoketjulla. T\u00e4m\u00e4 tekee sen puhdistamisesta vaivatonta. Poista vain p\u00e4\u00e4llinen ja pese tyyny nopeasti koneella, jotta se n\u00e4ytt\u00e4\u00e4 uudelta.<\/li>\n<li><strong>Koko:<\/strong> 100 cm (L100 x L26 x K55 | 3 sarakepainiketta), 120 cm (P120 x L26 x K55 | 4 sarakkeen painiketta), 140 cm (L140 x L26 x K55 | 4 sarakkeen painiketta), 160 cm (P160 x 5 | 5 x 5 painikkeet) ), 180 cm (L180 x L26 x K55 | 6 sarakepainiketta), 200 cm (P200 x L26 x K55 | 7 sarakkeen painiketta).<\/li>\n<\/ul>","protected":false},"featured_media":852,"comment_status":"open","ping_status":"closed","template":"","meta":[],"product_brand":[],"product_cat":[15],"product_tag":[160,66,164,161,163,143,162,65],"class_list":{"0":"post-866","1":"product","2":"type-product","3":"status-publish","4":"has-post-thumbnail","6":"product_cat-large-wedge-pillow","7":"product_tag-back-pillow-for-sleeping","8":"product_tag-back-support-pillow","9":"product_tag-detachable-bolster-bed-cushion","10":"product_tag-elevated-headboard-pillow","11":"product_tag-leg-pillow","12":"product_tag-multifunctional-pillow","13":"product_tag-upright-back-pillow","14":"product_tag-wedge-pillow","16":"first","17":"instock","18":"featured","19":"shipping-taxable","20":"purchasable","21":"product-type-variable"},"_links":{"self":[{"href":"https:\/\/www.largepillow.com\/fi\/wp-json\/wp\/v2\/product\/866","targetHints":{"allow":["GET"]}}],"collection":[{"href":"https:\/\/www.largepillow.com\/fi\/wp-json\/wp\/v2\/product"}],"about":[{"href":"https:\/\/www.largepillow.com\/fi\/wp-json\/wp\/v2\/types\/product"}],"replies":[{"embeddable":true,"href":"https:\/\/www.largepillow.com\/fi\/wp-json\/wp\/v2\/comments?post=866"}],"wp:featuredmedia":[{"embeddable":true,"href":"https:\/\/www.largepillow.com\/fi\/wp-json\/wp\/v2\/media\/852"}],"wp:attachment":[{"href":"https:\/\/www.largepillow.com\/fi\/wp-json\/wp\/v2\/media?parent=866"}],"wp:term":[{"taxonomy":"product_brand","embeddable":true,"href":"https:\/\/www.largepillow.com\/fi\/wp-json\/wp\/v2\/product_brand?post=866"},{"taxonomy":"product_cat","embeddable":true,"href":"https:\/\/www.largepillow.com\/fi\/wp-json\/wp\/v2\/product_cat?post=866"},{"taxonomy":"product_tag","embeddable":true,"href":"https:\/\/www.largepillow.com\/fi\/wp-json\/wp\/v2\/product_tag?post=866"}],"curies":[{"name":"wp","href":"https:\/\/api.w.org\/{rel}","templated":true}]}}