{"id":914,"date":"2022-09-18T08:07:44","date_gmt":"2022-09-18T08:07:44","guid":{"rendered":"https:\/\/www.largepillow.com\/product\/wedge-pillow-for-acid-reflux_37_38_39_40_41_42_43_44_45_46"},"modified":"2025-06-12T17:32:43","modified_gmt":"2025-06-12T17:32:43","slug":"pehmustetyyny-sankyyn-2","status":"publish","type":"product","link":"https:\/\/www.largepillow.com\/fi\/product\/bolster-pillow-for-bed","title":{"rendered":"Bolster-tyyny s\u00e4nkyyn"},"content":{"rendered":"<p>Bolster Pillow For Bed \u2013 t\u00e4ydellinen lis\u00e4varuste mukavaan iltaan tai laiskalle p\u00e4iv\u00e4lle s\u00e4ngyss\u00e4 l\u00f6h\u00f6ilyyn. T\u00e4m\u00e4 eritt\u00e4in suuri kohotettu p\u00e4\u00e4tytyyny tarjoaa \u00e4\u00e4rimm\u00e4ist\u00e4 mukavuutta ainutlaatuisella kaarevalla muotoilullaan, jonka avulla voit pysy\u00e4 j\u00e4nnittym\u00e4tt\u00f6m\u00e4n\u00e4 ty\u00f6skennelless\u00e4si, lukeessasi tai katsoessasi televisiota s\u00e4ngyss\u00e4. <\/p>\n<p>S\u00e4ngyn tyynyn korotettu selk\u00e4noja tarjoaa erinomaisen tuen niskallesi ja sel\u00e4llesi, joten se on t\u00e4ydellinen paikka rentoutua ja lukea s\u00e4ngyss\u00e4. Tyyny on my\u00f6s t\u00e4ydellinen kaikkiin tilanteisiin, kolmella eri k\u00e4ytt\u00f6tavalla. K\u00e4yt\u00e4tp\u00e4 sit\u00e4 mieluummin pystyselk\u00e4tyynyn\u00e4, kiilatyynyn\u00e4 tai jalkatyynyn\u00e4 korotetun tuen saamiseksi, t\u00e4m\u00e4 monik\u00e4ytt\u00f6inen tyyny on suunniteltu mukavuuttasi ajatellen.<\/p>\n<p>Valmistettu korkealaatuisesta samettikankaasta ja t\u00e4ytetty ymp\u00e4rist\u00f6yst\u00e4v\u00e4llisell\u00e4 ja eritt\u00e4in kimmoisalla polyesterikuidulla, Bolster Pillow For Bed on kest\u00e4v\u00e4 ja rakennettu kest\u00e4m\u00e4\u00e4n. Irrotettava pehmustetyyny on helppo pest\u00e4 koneessa, kun taas pienet sivutaskut lis\u00e4\u00e4v\u00e4t k\u00e4yt\u00e4nn\u00f6llisyytt\u00e4 jo ennest\u00e4\u00e4n ylelliseen tuotteeseen.<\/p>\n<p>Saatavana kuudessa eri koossa 100-200 cm, t\u00e4m\u00e4 tyyny sopii t\u00e4ydellisesti mihin tahansa s\u00e4nkyyn, sohvaan, leposohvaan tai sohvaan. Voit valita tarpeisiisi sopivan, haluatko k\u00e4ytt\u00e4\u00e4 sit\u00e4 lukemiseen, ty\u00f6skentelyyn tai vain rentoutumiseen.<\/p>\n<p>Ja \u00e4l\u00e4 vain ota sanaamme. Yksi tyytyv\u00e4inen asiakas kommentoi: &quot;T\u00e4m\u00e4 tyyny on upea! Se on niin mukava ja t\u00e4ydellisen kokoinen. Kangas on pehme\u00e4\u00e4 ja mukavaa, ja useiden nappien ansiosta se on helppo s\u00e4\u00e4t\u00e4\u00e4 mielesi mukaan. Se on ehdottomasti sijoittamisen arvoinen.&quot;<\/p>\n<p>Toinen onnellinen asiakas, joka osti tyynyn kahvinv\u00e4rist\u00e4 hollantilaista samettia, sanoi: &quot;T\u00e4m\u00e4 tyyny on niin pehme\u00e4 ja mukava. Se on t\u00e4ydellinen koko s\u00e4nkyyn ja v\u00e4ri on kaunis. K\u00e4yt\u00e4n sit\u00e4 p\u00e4ivitt\u00e4in lukemiseen ja television katseluun, ja se on tehnyt valtavan eron mukavuustasossani.<\/p>\n<p>Lopuksi totean, ett\u00e4 Bolster Pillow For Bed on pakollinen hankinta kaikille, jotka rakastavat viett\u00e4\u00e4 aikaa s\u00e4ngyss\u00e4. Se tarjoaa \u00e4\u00e4rimm\u00e4isen mukavuuden, erinomaisen tuen ja on valmistettu kest\u00e4m\u00e4\u00e4n korkealaatuisella k\u00e4sity\u00f6n\u00e4. Valitse kokosi ja v\u00e4risi ja koe lopullinen rentoutuminen.<\/p>","protected":false},"excerpt":{"rendered":"<ul>\n<li><strong>\u00c4\u00e4rimm\u00e4ist\u00e4 mukavuutta:<\/strong> T\u00e4m\u00e4 xl kohotettu p\u00e4\u00e4tytyyny tarjoaa erinomaisen mukavuuden kaarevan muotoilunsa ansiosta. T\u00e4m\u00e4 s\u00e4ngynp\u00e4\u00e4dyn lukutyyny auttaa sinua pysym\u00e4\u00e4n j\u00e4nnittym\u00e4tt\u00f6m\u00e4n\u00e4 vuodesohva-sohvassa tai sohvalla, joka on ihanteellinen y\u00f6ky\u00f6pelien, kirjatoukkien ty\u00f6skentelyyn ja television katseluun s\u00e4ngyss\u00e4.<\/li>\n<li><strong>Korotettu selk\u00e4nojan muotoilu:<\/strong> Nauti vertaansa vailla olevasta mukavuudesta p\u00e4\u00e4tytyynymme ainutlaatuisen kaksirivisen kohotetun selk\u00e4nojan ansiosta. Korotettu selk\u00e4nojan p\u00e4\u00e4tytyyny tarjoaa erinomaisen tuen niskallesi ja sel\u00e4llesi, joten se on t\u00e4ydellinen paikka rentoutua ja lukea s\u00e4ngyss\u00e4.<\/li>\n<li><strong>Monik\u00e4ytt\u00f6inen tyyny:<\/strong> Kolmella eri k\u00e4ytt\u00f6tavalla tyynymme sopii t\u00e4ydellisesti kaikkiin tilanteisiin. Haluatpa k\u00e4ytt\u00e4\u00e4 sit\u00e4 pystysuorana selk\u00e4tyynyn\u00e4, kiilatyynyn\u00e4 tai jalkatyynyn\u00e4 korkeamman tuen saamiseksi, se on ihanteellinen lis\u00e4varuste mukavaan lepoon ja rentoutumiseen.<\/li>\n<li><strong>Ylivoimaista k\u00e4sity\u00f6taitoa:<\/strong> Valmistettu Velvet look -kankaasta, jonka koostumus on 100% polyesteri, p\u00e4\u00e4tytyynymme on t\u00e4ytetty ymp\u00e4rist\u00f6yst\u00e4v\u00e4llisell\u00e4 ja eritt\u00e4in kimmoisalla polyesterikuitut\u00e4ytteell\u00e4. Irrotettava pehmustetyyny on helppo pest\u00e4 koneessa, kun taas pienet sivutaskut lis\u00e4\u00e4v\u00e4t k\u00e4yt\u00e4nn\u00f6llisyytt\u00e4 jo ennest\u00e4\u00e4n ylelliseen tuotteeseen.<\/li>\n<li><strong>Helppo pest\u00e4:<\/strong> S\u00e4ngynp\u00e4\u00e4dyn tyynynp\u00e4\u00e4llinen on kiinnitetty tyynyn sis\u00e4osaan napeilla ja se on helppo irrottaa yksinkertaisella vetoketjulla. T\u00e4m\u00e4 tekee sen puhdistamisesta vaivatonta. Poista vain p\u00e4\u00e4llinen ja pese tyyny nopeasti koneella, jotta se n\u00e4ytt\u00e4\u00e4 uudelta.<\/li>\n<li><strong>Koko:<\/strong> 100 cm (L100 x L26 x K55 | 3 sarakepainiketta), 120 cm (P120 x L26 x K55 | 4 sarakkeen painiketta), 140 cm (L140 x L26 x K55 | 4 sarakkeen painiketta), 160 cm (P160 x 5 | 5 x 5 painikkeet) ), 180 cm (L180 x L26 x K55 | 6 sarakepainiketta), 200 cm (P200 x L26 x K55 | 7 sarakkeen painiketta).<\/li>\n<\/ul>","protected":false},"featured_media":905,"comment_status":"open","ping_status":"closed","template":"","meta":[],"product_brand":[],"product_cat":[15],"product_tag":[178,164,161,168,179,163,143,162,65],"class_list":{"0":"post-914","1":"product","2":"type-product","3":"status-publish","4":"has-post-thumbnail","6":"product_cat-large-wedge-pillow","7":"product_tag-bolster-pillow-for-bed","8":"product_tag-detachable-bolster-bed-cushion","9":"product_tag-elevated-headboard-pillow","10":"product_tag-headboard-pillow","11":"product_tag-headboard-reading-pillow","12":"product_tag-leg-pillow","13":"product_tag-multifunctional-pillow","14":"product_tag-upright-back-pillow","15":"product_tag-wedge-pillow","17":"first","18":"instock","19":"shipping-taxable","20":"purchasable","21":"product-type-variable"},"_links":{"self":[{"href":"https:\/\/www.largepillow.com\/fi\/wp-json\/wp\/v2\/product\/914","targetHints":{"allow":["GET"]}}],"collection":[{"href":"https:\/\/www.largepillow.com\/fi\/wp-json\/wp\/v2\/product"}],"about":[{"href":"https:\/\/www.largepillow.com\/fi\/wp-json\/wp\/v2\/types\/product"}],"replies":[{"embeddable":true,"href":"https:\/\/www.largepillow.com\/fi\/wp-json\/wp\/v2\/comments?post=914"}],"wp:featuredmedia":[{"embeddable":true,"href":"https:\/\/www.largepillow.com\/fi\/wp-json\/wp\/v2\/media\/905"}],"wp:attachment":[{"href":"https:\/\/www.largepillow.com\/fi\/wp-json\/wp\/v2\/media?parent=914"}],"wp:term":[{"taxonomy":"product_brand","embeddable":true,"href":"https:\/\/www.largepillow.com\/fi\/wp-json\/wp\/v2\/product_brand?post=914"},{"taxonomy":"product_cat","embeddable":true,"href":"https:\/\/www.largepillow.com\/fi\/wp-json\/wp\/v2\/product_cat?post=914"},{"taxonomy":"product_tag","embeddable":true,"href":"https:\/\/www.largepillow.com\/fi\/wp-json\/wp\/v2\/product_tag?post=914"}],"curies":[{"name":"wp","href":"https:\/\/api.w.org\/{rel}","templated":true}]}}