{"id":930,"date":"2022-09-18T08:29:22","date_gmt":"2022-09-18T08:29:22","guid":{"rendered":"https:\/\/www.largepillow.com\/product\/wedge-pillow-for-acid-reflux_37_38_39_40_41_42_43_44_45_46_47"},"modified":"2025-09-16T06:24:36","modified_gmt":"2025-09-16T06:24:36","slug":"sanky-pehmuste-tyyny","status":"publish","type":"product","link":"https:\/\/www.largepillow.com\/fi\/product\/bed-bolster-cushion","title":{"rendered":"Bed Bolster tyyny"},"content":{"rendered":"<p>Tutustu \u00e4\u00e4rimm\u00e4iseen luku- ja rentoutumistyynyyn \u2013 Bed Bolster -tyyny<\/p>\n<p>Oletko kyll\u00e4stynyt rasittamaan niskaasi ja selk\u00e4\u00e4si lukiessasi tai katsoessasi televisiota s\u00e4ngyss\u00e4? Esittelyss\u00e4 Bed Bolster Cushion \u2013 eritt\u00e4in mukava tyyny, joka vie rentoutumisen uusiin korkeuksiin. <\/p>\n<p>T\u00e4m\u00e4 ylisuuri s\u00e4ngynp\u00e4\u00e4dyn tyyny on valmistettu 100%-polyesterisamettikankaasta ja t\u00e4ytetty joustavalla polyesterikuitut\u00e4ytteell\u00e4. Sen ainutlaatuinen kaksirivinen kohotettu selk\u00e4nojan muotoilu tarjoaa ergonomista tukea yl\u00e4vartalollesi, jolloin voit istua mukavasti s\u00e4ngyss\u00e4 ilman rasitusta. <\/p>\n<p>Asiakkaat rakastavat t\u00e4m\u00e4n tyynyn monipuolisuutta. Voit k\u00e4ytt\u00e4\u00e4 sit\u00e4 pystyasennossa kuin selk\u00e4noja, vinossa kuin kiilatyyny\u00e4 tai vaakasuorassa kuin jalkatyyny\u00e4. Se on t\u00e4ydellinen monik\u00e4ytt\u00f6inen tyyny lukemiseen, kannettavan tietokoneen ty\u00f6skentelyyn, elokuvien katseluun tai vain s\u00e4ngyss\u00e4 l\u00f6h\u00f6ilyyn. <\/p>\n<p>Kuten Lily sanoo arvostelussaan: \u201dRakastan t\u00e4m\u00e4n j\u00e4ttim\u00e4isen kolmion muotoisen tyynyn k\u00e4ytt\u00e4mist\u00e4 nojatakseni itseni s\u00e4nkyyn lukemisen aikana. Se on niin pehme\u00e4 ja tukee selk\u00e4\u00e4ni. Tunsin oloni ep\u00e4mukavaksi 30 minuutin lukemisen j\u00e4lkeen, mutta t\u00e4ll\u00e4 tyynyll\u00e4 p\u00e4rj\u00e4\u00e4n tuntikausia ilman niska- tai selk\u00e4kipuja.<\/p>\n<p>Bed Bolster -tyyny\u00e4 on saatavilla eri leveyksin\u00e4 100 cm - 200 cm levein\u00e4, joten voit l\u00f6yt\u00e4\u00e4 s\u00e4nky\u00e4si t\u00e4ydellisesti. Siin\u00e4 on k\u00e4tev\u00e4t sivutaskut puhelimen, kaukos\u00e4\u00e4timen, lasien tai kirjan s\u00e4ilytt\u00e4miseen. Pehme\u00e4 samettip\u00e4\u00e4llinen on irrotettava ja konepest\u00e4v\u00e4 helpottaakseen hoitoa.<\/p>\n<p>Jos haluat vied\u00e4 rentoutumisen uusiin korkeuksiin, hemmottele itse\u00e4si Bed Bolster Cushion -tyynyll\u00e4. Sen ylivoimainen tuki ja mukautuva muoto tekev\u00e4t siit\u00e4 t\u00e4ydellisen tyynyn lukemiseen, ty\u00f6skentelyyn tai suosikkiohjelmiesi ahmimiseen s\u00e4ngyss\u00e4. Tuo ylellisyytt\u00e4 ja mukavuutta makuuhuoneeseesi jo t\u00e4n\u00e4\u00e4n!<\/p>","protected":false},"excerpt":{"rendered":"<ul>\n<li><strong>\u00c4\u00e4rimm\u00e4ist\u00e4 mukavuutta:<\/strong> T\u00e4m\u00e4 xl kohotettu p\u00e4\u00e4tytyyny tarjoaa erinomaisen mukavuuden kaarevan muotoilunsa ansiosta. T\u00e4m\u00e4 s\u00e4ngynp\u00e4\u00e4dyn lukutyyny auttaa sinua pysym\u00e4\u00e4n j\u00e4nnittym\u00e4tt\u00f6m\u00e4n\u00e4 vuodesohva-sohvassa tai sohvalla, joka on ihanteellinen y\u00f6ky\u00f6pelien, kirjatoukkien ty\u00f6skentelyyn ja television katseluun s\u00e4ngyss\u00e4.<\/li>\n<li><strong>Korotettu selk\u00e4nojan muotoilu:<\/strong> Nauti vertaansa vailla olevasta mukavuudesta p\u00e4\u00e4tytyynymme ainutlaatuisen kaksirivisen kohotetun selk\u00e4nojan ansiosta. Korotettu selk\u00e4nojan p\u00e4\u00e4tytyyny tarjoaa erinomaisen tuen niskallesi ja sel\u00e4llesi, joten se on t\u00e4ydellinen paikka rentoutua ja lukea s\u00e4ngyss\u00e4.<\/li>\n<li><strong>Monik\u00e4ytt\u00f6inen tyyny:<\/strong> Kolmella eri k\u00e4ytt\u00f6tavalla tyynymme sopii t\u00e4ydellisesti kaikkiin tilanteisiin. Haluatpa k\u00e4ytt\u00e4\u00e4 sit\u00e4 pystysuorana selk\u00e4tyynyn\u00e4, kiilatyynyn\u00e4 tai jalkatyynyn\u00e4 korkeamman tuen saamiseksi, se on ihanteellinen lis\u00e4varuste mukavaan lepoon ja rentoutumiseen.<\/li>\n<li><strong>Ylivoimaista k\u00e4sity\u00f6taitoa:<\/strong> Valmistettu Velvet look -kankaasta, jonka koostumus on 100% polyesteri, p\u00e4\u00e4tytyynymme on t\u00e4ytetty ymp\u00e4rist\u00f6yst\u00e4v\u00e4llisell\u00e4 ja eritt\u00e4in kimmoisalla polyesterikuitut\u00e4ytteell\u00e4. Irrotettava pehmustetyyny on helppo pest\u00e4 koneessa, kun taas pienet sivutaskut lis\u00e4\u00e4v\u00e4t k\u00e4yt\u00e4nn\u00f6llisyytt\u00e4 jo ennest\u00e4\u00e4n ylelliseen tuotteeseen.<\/li>\n<li><strong>Helppo pest\u00e4:<\/strong> S\u00e4ngynp\u00e4\u00e4dyn tyynynp\u00e4\u00e4llinen on kiinnitetty tyynyn sis\u00e4osaan napeilla ja se on helppo irrottaa yksinkertaisella vetoketjulla. T\u00e4m\u00e4 tekee sen puhdistamisesta vaivatonta. Poista vain p\u00e4\u00e4llinen ja pese tyyny nopeasti koneella, jotta se n\u00e4ytt\u00e4\u00e4 uudelta.<\/li>\n<li><strong>Koko:<\/strong> 100 cm (L100 x L26 x K55 | 3 sarakepainiketta), 120 cm (P120 x L26 x K55 | 4 sarakkeen painiketta), 140 cm (L140 x L26 x K55 | 4 sarakkeen painiketta), 160 cm (P160 x 5 | 5 x 5 painikkeet) ), 180 cm (L180 x L26 x K55 | 6 sarakepainiketta), 200 cm (P200 x L26 x K55 | 7 sarakkeen painiketta).<\/li>\n<\/ul>","protected":false},"featured_media":921,"comment_status":"open","ping_status":"closed","template":"","meta":[],"product_brand":[],"product_cat":[15],"product_tag":[60,174,164,161,177,143,76,176,162,175,120,65],"class_list":{"0":"post-930","1":"product","2":"type-product","3":"status-publish","4":"has-post-thumbnail","6":"product_cat-large-wedge-pillow","7":"product_tag-backrest-pillow","8":"product_tag-bed-bolster-cushion","9":"product_tag-detachable-bolster-bed-cushion","10":"product_tag-elevated-headboard-pillow","11":"product_tag-luxury-pillow","12":"product_tag-multifunctional-pillow","13":"product_tag-neck-support-pillow","14":"product_tag-practical-pillow","15":"product_tag-upright-back-pillow","16":"product_tag-velvet-fabric-pillow","17":"product_tag-velvet-pillow","18":"product_tag-wedge-pillow","20":"first","21":"instock","22":"shipping-taxable","23":"purchasable","24":"product-type-variable"},"_links":{"self":[{"href":"https:\/\/www.largepillow.com\/fi\/wp-json\/wp\/v2\/product\/930","targetHints":{"allow":["GET"]}}],"collection":[{"href":"https:\/\/www.largepillow.com\/fi\/wp-json\/wp\/v2\/product"}],"about":[{"href":"https:\/\/www.largepillow.com\/fi\/wp-json\/wp\/v2\/types\/product"}],"replies":[{"embeddable":true,"href":"https:\/\/www.largepillow.com\/fi\/wp-json\/wp\/v2\/comments?post=930"}],"wp:featuredmedia":[{"embeddable":true,"href":"https:\/\/www.largepillow.com\/fi\/wp-json\/wp\/v2\/media\/921"}],"wp:attachment":[{"href":"https:\/\/www.largepillow.com\/fi\/wp-json\/wp\/v2\/media?parent=930"}],"wp:term":[{"taxonomy":"product_brand","embeddable":true,"href":"https:\/\/www.largepillow.com\/fi\/wp-json\/wp\/v2\/product_brand?post=930"},{"taxonomy":"product_cat","embeddable":true,"href":"https:\/\/www.largepillow.com\/fi\/wp-json\/wp\/v2\/product_cat?post=930"},{"taxonomy":"product_tag","embeddable":true,"href":"https:\/\/www.largepillow.com\/fi\/wp-json\/wp\/v2\/product_tag?post=930"}],"curies":[{"name":"wp","href":"https:\/\/api.w.org\/{rel}","templated":true}]}}