{"id":946,"date":"2022-09-18T08:36:16","date_gmt":"2022-09-18T08:36:16","guid":{"rendered":"https:\/\/www.largepillow.com\/product\/wedge-pillow-for-acid-reflux_37_38_39_40_41_42_43_44_45_46_47_48"},"modified":"2024-10-03T16:31:35","modified_gmt":"2024-10-03T16:31:35","slug":"pehmustetyyny-sankyyn","status":"publish","type":"product","link":"https:\/\/www.largepillow.com\/fi\/product\/bolster-cushion-for-bed","title":{"rendered":"Bolster-tyyny s\u00e4nkyyn"},"content":{"rendered":"<p>\u00c4\u00e4rimm\u00e4ist\u00e4 mukavuutta ja tukea: Bolster-tyyny s\u00e4nkyyn<\/p>\n<p>Oletko kyll\u00e4stynyt ep\u00e4mukaviin ja tukemattomiin tyynyihin, jotka j\u00e4tt\u00e4v\u00e4t sinut v\u00e4syneeksi ja kipe\u00e4ksi? \u00c4l\u00e4 etsi kauempaa kuin Bolster Cushion for Bed, ratkaisu kaikkiin nukkumaanmeno-ongelmiisi.<\/p>\n<p>Ennenn\u00e4kem\u00e4t\u00f6n mukavuus ja selk\u00e4tuki<\/p>\n<p>T\u00e4ss\u00e4 korotetussa p\u00e4\u00e4tytyynyss\u00e4 on kaareva muotoilu, joka mukautuu vartaloasi ja tarjoaa poikkeuksellista mukavuutta. Sen ainutlaatuinen kaksirivinen kohotettu selk\u00e4noja tarjoaa vertaansa vailla olevan tuen niskallesi ja sel\u00e4llesi, mik\u00e4 tekee siit\u00e4 ihanteellisen kirjatoukille, y\u00f6ky\u00f6peleille ja tv-harrastajille.<\/p>\n<p>Monik\u00e4ytt\u00f6inen ja monipuolinen<\/p>\n<p>Kolmella monipuolisella k\u00e4ytt\u00f6tavalla Bolster Cushion on t\u00e4ydellinen kumppani joka tilanteeseen. K\u00e4yt\u00e4 sit\u00e4 pystysuorana selk\u00e4tyynyn\u00e4 mukavaan lukemiseen, kiilatyynyn\u00e4 korkealle jalkatuelle tai jalkatyynyn\u00e4 mukavuuden lis\u00e4\u00e4miseksi.<\/p>\n<p>Poikkeuksellinen k\u00e4sity\u00f6taito ja materiaalit<\/p>\n<p>Valmistettu ylellisest\u00e4 Velvet look -kankaasta (100% polyesteri), Bolster Cushionin ymp\u00e4rist\u00f6yst\u00e4v\u00e4llinen polyesterikuitut\u00e4yte varmistaa korkean kimmoisuuden ja tuen. Sen irrotettava pehmuste tekee siit\u00e4 uskomattoman helpon konepesun, kun taas pienet sivutaskut lis\u00e4\u00e4v\u00e4t toimivuutta.<\/p>\n<p>Helppo huolto<\/p>\n<p>Bolster-tyynyn yll\u00e4pito on helppoa. Sen s\u00e4ngynp\u00e4\u00e4dyn tyynynp\u00e4\u00e4llinen kiinnittyy napeilla ja siin\u00e4 on k\u00e4tev\u00e4 vetoketju, joka helpottaa irrottamista. Poista vain kansi ja heit\u00e4 se pesukoneeseen virkistyst\u00e4 varten.<\/p>\n<p>Saatavana eri kokoisina<\/p>\n<p>Valitse useista eri kokoista, jotka sopivat t\u00e4ydellisesti s\u00e4nkyisi ja tarpeisiisi: 100 cm, 120 cm, 140 cm, 160 cm, 180 cm ja 200 cm.<\/p>\n<p>Asiakkaiden suosittelut<\/p>\n<p>\u00c4l\u00e4 vain ota sanaamme. T\u00e4ss\u00e4 on mit\u00e4 tyytyv\u00e4isill\u00e4 asiakkailla on sanottavaa:<\/p>\n<p>&quot;T\u00e4m\u00e4 pehmustetyyny muuttaa pelin. Se on parantanut unen laatua ja selk\u00e4tukeani t\u00e4ysin.\u201d \u2013 Sarah J.<br \/>\n\u201dAhneana lukijana t\u00e4m\u00e4 tyyny on tehnyt nukkumaan menosta todella rentouttavan kokemuksen. Se on niin mukava ja tukeva.\u201d \u2013 John F.<br \/>\n\u201dRakastan t\u00e4m\u00e4n tyynyn monipuolisuutta. Se on t\u00e4ydellinen lukemiseen, television katseluun tai jopa jalkatukeen.&quot; \u2013 Mary K.<\/p>\n<p>Paranna nukkumaanmeno-rutiiniasi Bolster-tyynyll\u00e4<\/p>\n<p>Paranna makuuhuoneesi kokemusta Bolster Cushion for Bed -tyynyll\u00e4. Sen poikkeuksellinen mukavuus, tuki, monipuolisuus ja helppo huolto tekev\u00e4t y\u00f6st\u00e4si rentoutumisen ja virkistymisen paratiisi.<\/p>","protected":false},"excerpt":{"rendered":"<ul>\n<li><strong>\u00c4\u00e4rimm\u00e4ist\u00e4 mukavuutta:<\/strong> T\u00e4m\u00e4 xl kohotettu p\u00e4\u00e4tytyyny tarjoaa erinomaisen mukavuuden kaarevan muotoilunsa ansiosta. T\u00e4m\u00e4 s\u00e4ngynp\u00e4\u00e4dyn lukutyyny auttaa sinua pysym\u00e4\u00e4n j\u00e4nnittym\u00e4tt\u00f6m\u00e4n\u00e4 vuodesohva-sohvassa tai sohvalla, joka on ihanteellinen y\u00f6ky\u00f6pelien, kirjatoukkien ty\u00f6skentelyyn ja television katseluun s\u00e4ngyss\u00e4.<\/li>\n<li><strong>Korotettu selk\u00e4nojan muotoilu:<\/strong> Nauti vertaansa vailla olevasta mukavuudesta p\u00e4\u00e4tytyynymme ainutlaatuisen kaksirivisen kohotetun selk\u00e4nojan ansiosta. Korotettu selk\u00e4nojan p\u00e4\u00e4tytyyny tarjoaa erinomaisen tuen niskallesi ja sel\u00e4llesi, joten se on t\u00e4ydellinen paikka rentoutua ja lukea s\u00e4ngyss\u00e4.<\/li>\n<li><strong>Monik\u00e4ytt\u00f6inen tyyny:<\/strong> Kolmella eri k\u00e4ytt\u00f6tavalla tyynymme sopii t\u00e4ydellisesti kaikkiin tilanteisiin. Haluatpa k\u00e4ytt\u00e4\u00e4 sit\u00e4 pystysuorana selk\u00e4tyynyn\u00e4, kiilatyynyn\u00e4 tai jalkatyynyn\u00e4 korkeamman tuen saamiseksi, se on ihanteellinen lis\u00e4varuste mukavaan lepoon ja rentoutumiseen.<\/li>\n<li><strong>Ylivoimaista k\u00e4sity\u00f6taitoa:<\/strong> Valmistettu Velvet look -kankaasta, jonka koostumus on 100% polyesteri, p\u00e4\u00e4tytyynymme on t\u00e4ytetty ymp\u00e4rist\u00f6yst\u00e4v\u00e4llisell\u00e4 ja eritt\u00e4in kimmoisalla polyesterikuitut\u00e4ytteell\u00e4. Irrotettava pehmustetyyny on helppo pest\u00e4 koneessa, kun taas pienet sivutaskut lis\u00e4\u00e4v\u00e4t k\u00e4yt\u00e4nn\u00f6llisyytt\u00e4 jo ennest\u00e4\u00e4n ylelliseen tuotteeseen.<\/li>\n<li><strong>Helppo pest\u00e4:<\/strong> S\u00e4ngynp\u00e4\u00e4dyn tyynynp\u00e4\u00e4llinen on kiinnitetty tyynyn sis\u00e4osaan napeilla ja se on helppo irrottaa yksinkertaisella vetoketjulla. T\u00e4m\u00e4 tekee sen puhdistamisesta vaivatonta. Poista vain p\u00e4\u00e4llinen ja pese tyyny nopeasti koneella, jotta se n\u00e4ytt\u00e4\u00e4 uudelta.<\/li>\n<li><strong>Koko:<\/strong> 100 cm (L100 x L26 x K55 | 3 sarakepainiketta), 120 cm (P120 x L26 x K55 | 4 sarakkeen painiketta), 140 cm (L140 x L26 x K55 | 4 sarakkeen painiketta), 160 cm (P160 x 5 | 5 x 5 painikkeet) ), 180 cm (L180 x L26 x K55 | 6 sarakepainiketta), 200 cm (P200 x L26 x K55 | 7 sarakkeen painiketta).<\/li>\n<\/ul>","protected":false},"featured_media":937,"comment_status":"open","ping_status":"closed","template":"","meta":[],"product_brand":[],"product_cat":[15],"product_tag":[108,173,161,168,143,120,65],"class_list":{"0":"post-946","1":"product","2":"type-product","3":"status-publish","4":"has-post-thumbnail","6":"product_cat-large-wedge-pillow","7":"product_tag-bed-cushion","8":"product_tag-bolster-cushion","9":"product_tag-elevated-headboard-pillow","10":"product_tag-headboard-pillow","11":"product_tag-multifunctional-pillow","12":"product_tag-velvet-pillow","13":"product_tag-wedge-pillow","15":"first","16":"instock","17":"shipping-taxable","18":"purchasable","19":"product-type-variable"},"_links":{"self":[{"href":"https:\/\/www.largepillow.com\/fi\/wp-json\/wp\/v2\/product\/946","targetHints":{"allow":["GET"]}}],"collection":[{"href":"https:\/\/www.largepillow.com\/fi\/wp-json\/wp\/v2\/product"}],"about":[{"href":"https:\/\/www.largepillow.com\/fi\/wp-json\/wp\/v2\/types\/product"}],"replies":[{"embeddable":true,"href":"https:\/\/www.largepillow.com\/fi\/wp-json\/wp\/v2\/comments?post=946"}],"wp:featuredmedia":[{"embeddable":true,"href":"https:\/\/www.largepillow.com\/fi\/wp-json\/wp\/v2\/media\/937"}],"wp:attachment":[{"href":"https:\/\/www.largepillow.com\/fi\/wp-json\/wp\/v2\/media?parent=946"}],"wp:term":[{"taxonomy":"product_brand","embeddable":true,"href":"https:\/\/www.largepillow.com\/fi\/wp-json\/wp\/v2\/product_brand?post=946"},{"taxonomy":"product_cat","embeddable":true,"href":"https:\/\/www.largepillow.com\/fi\/wp-json\/wp\/v2\/product_cat?post=946"},{"taxonomy":"product_tag","embeddable":true,"href":"https:\/\/www.largepillow.com\/fi\/wp-json\/wp\/v2\/product_tag?post=946"}],"curies":[{"name":"wp","href":"https:\/\/api.w.org\/{rel}","templated":true}]}}