{"id":962,"date":"2022-09-18T08:44:12","date_gmt":"2022-09-18T08:44:12","guid":{"rendered":"https:\/\/www.largepillow.com\/product\/wedge-pillow-for-acid-reflux_37_38_39_40_41_42_43_44_45_46_47_48_49"},"modified":"2026-01-20T12:03:43","modified_gmt":"2026-01-20T12:03:43","slug":"iso-pehmuste-tyyny","status":"publish","type":"product","link":"https:\/\/www.largepillow.com\/fi\/product\/large-bolster-cushion\/","title":{"rendered":"Suuri Bolster-tyyny"},"content":{"rendered":"<p>Etsitk\u00f6 parasta mukavuutta lukiessasi tai katsoessasi televisiota s\u00e4ngyss\u00e4? \u00c4l\u00e4 etsi kauempaa kuin Large Bolster -tyynymme.<\/p>\n<p>T\u00e4ss\u00e4 korotetussa xl-p\u00e4\u00e4tytyynyss\u00e4 on kaareva muotoilu, joka tarjoaa k\u00e4ytt\u00e4jille erinomaisen mukavuuden. Ty\u00f6skenteletp\u00e4 sitten y\u00f6ky\u00f6pelill\u00e4, kirjatoukilla tai haluat vain rentoutua s\u00e4ngyss\u00e4, t\u00e4m\u00e4 tyyny on loistava tapa pysy\u00e4 j\u00e4nnittym\u00e4tt\u00f6m\u00e4n\u00e4. Korotettu selk\u00e4noja tarjoaa erinomaisen tuen niskallesi ja sel\u00e4llesi, joten se on t\u00e4ydellinen paikka rentoutua ja lukea s\u00e4ngyss\u00e4.<\/p>\n<p>Tyynymme on monik\u00e4ytt\u00f6inen, kolmella eri k\u00e4ytt\u00f6tavalla. Haluatpa k\u00e4ytt\u00e4\u00e4 sit\u00e4 pystysuorana selk\u00e4tyynyn\u00e4, kiilatyynyn\u00e4 tai jalkatyynyn\u00e4 korkeamman tuen saamiseksi, se on ihanteellinen lis\u00e4varuste mukavaan lepoon ja rentoutumiseen.<\/p>\n<p>Valmistettu samettikankaasta, joka on 100% polyesteri\u00e4, p\u00e4\u00e4tytyynymme on t\u00e4ytetty ymp\u00e4rist\u00f6yst\u00e4v\u00e4llisell\u00e4 ja eritt\u00e4in kimmoisalla polyesterikuitut\u00e4ytteell\u00e4. Irrotettava pehmustetyyny on helppo pest\u00e4 koneessa, kun taas pienet sivutaskut lis\u00e4\u00e4v\u00e4t k\u00e4yt\u00e4nn\u00f6llisyytt\u00e4 jo ennest\u00e4\u00e4n ylelliseen tuotteeseen.<\/p>\n<p>Lis\u00e4ksi t\u00e4m\u00e4 tyyny on helppo pest\u00e4, sill\u00e4 s\u00e4ngynp\u00e4\u00e4dyn tyynynp\u00e4\u00e4llinen on kiinnitetty tyynyn sis\u00e4osaan napeilla ja se on helppo irrottaa yksinkertaisella vetoketjulla. Poista vain p\u00e4\u00e4llinen ja pese tyyny nopeasti koneella, jotta se n\u00e4ytt\u00e4\u00e4 uudelta.<\/p>\n<p>Large Bolster -tyyny\u00e4 on saatavilla eri kokoisina \u2013 100 cm, 120 cm, 140 cm, 160 cm, 180 cm ja 200 cm \u2013 joten voit valita s\u00e4nkyllesi t\u00e4ydellisen koon. Se on saatavana mustana, joten se on tyylik\u00e4s lis\u00e4 mink\u00e4 tahansa makuuhuoneen sisustukseen.<\/p>\n<p>Asiakkaat, jotka ovat ostaneet Large Bolster -tyynymme, ovat olleet eritt\u00e4in tyytyv\u00e4isi\u00e4 ostokseensa. Monet ovat ylist\u00e4neet tyynyn &quot;pehme\u00e4\u00e4 ja mukavaa&quot; tuntua, kun taas toiset ovat kommentoineet sen &quot;korkealaatuista ammattitaitoa&quot;. Yksi asiakas jopa kuvaili sit\u00e4 &quot;t\u00e4ydelliseksi tyynyksi s\u00e4ngyss\u00e4 lukemiseen&quot;.<\/p>\n<p>Kaiken kaikkiaan Large Bolster -tyynymme on v\u00e4ltt\u00e4m\u00e4t\u00f6n kaikille, jotka etsiv\u00e4t mukavuutta ja ylellisyytt\u00e4 lukiessaan tai katsoessaan televisiota s\u00e4ngyss\u00e4. Ylivertaisen ammattitaitonsa, helposti pest\u00e4v\u00e4n muotoilunsa ja monipuolisen toiminnallisuutensa ansiosta t\u00e4m\u00e4 tyyny on loistava sijoitus jokaiselle, joka haluaa p\u00e4ivitt\u00e4\u00e4 nukkumaanmenorutiiniaan.<\/p>","protected":false},"excerpt":{"rendered":"<ul>\n<li><strong>\u00c4\u00e4rimm\u00e4ist\u00e4 mukavuutta:<\/strong> T\u00e4m\u00e4 xl kohotettu p\u00e4\u00e4tytyyny tarjoaa erinomaisen mukavuuden kaarevan muotoilunsa ansiosta. T\u00e4m\u00e4 s\u00e4ngynp\u00e4\u00e4dyn lukutyyny auttaa sinua pysym\u00e4\u00e4n j\u00e4nnittym\u00e4tt\u00f6m\u00e4n\u00e4 vuodesohva-sohvassa tai sohvalla, joka on ihanteellinen y\u00f6ky\u00f6pelien, kirjatoukkien ty\u00f6skentelyyn ja television katseluun s\u00e4ngyss\u00e4.<\/li>\n<li><strong>Korotettu selk\u00e4nojan muotoilu:<\/strong> Nauti vertaansa vailla olevasta mukavuudesta p\u00e4\u00e4tytyynymme ainutlaatuisen kaksirivisen kohotetun selk\u00e4nojan ansiosta. Korotettu selk\u00e4nojan p\u00e4\u00e4tytyyny tarjoaa erinomaisen tuen niskallesi ja sel\u00e4llesi, joten se on t\u00e4ydellinen paikka rentoutua ja lukea s\u00e4ngyss\u00e4.<\/li>\n<li><strong>Monik\u00e4ytt\u00f6inen tyyny:<\/strong> Kolmella eri k\u00e4ytt\u00f6tavalla tyynymme sopii t\u00e4ydellisesti kaikkiin tilanteisiin. Haluatpa k\u00e4ytt\u00e4\u00e4 sit\u00e4 pystysuorana selk\u00e4tyynyn\u00e4, kiilatyynyn\u00e4 tai jalkatyynyn\u00e4 korkeamman tuen saamiseksi, se on ihanteellinen lis\u00e4varuste mukavaan lepoon ja rentoutumiseen.<\/li>\n<li><strong>Ylivoimaista k\u00e4sity\u00f6taitoa:<\/strong> Valmistettu Velvet look -kankaasta, jonka koostumus on 100% polyesteri, p\u00e4\u00e4tytyynymme on t\u00e4ytetty ymp\u00e4rist\u00f6yst\u00e4v\u00e4llisell\u00e4 ja eritt\u00e4in kimmoisalla polyesterikuitut\u00e4ytteell\u00e4. Irrotettava pehmustetyyny on helppo pest\u00e4 koneessa, kun taas pienet sivutaskut lis\u00e4\u00e4v\u00e4t k\u00e4yt\u00e4nn\u00f6llisyytt\u00e4 jo ennest\u00e4\u00e4n ylelliseen tuotteeseen.<\/li>\n<li><strong>Helppo pest\u00e4:<\/strong> S\u00e4ngynp\u00e4\u00e4dyn tyynynp\u00e4\u00e4llinen on kiinnitetty tyynyn sis\u00e4osaan napeilla ja se on helppo irrottaa yksinkertaisella vetoketjulla. T\u00e4m\u00e4 tekee sen puhdistamisesta vaivatonta. Poista vain p\u00e4\u00e4llinen ja pese tyyny nopeasti koneella, jotta se n\u00e4ytt\u00e4\u00e4 uudelta.<\/li>\n<li><strong>Koko:<\/strong> 100 cm (L100 x L26 x K55 | 3 sarakepainiketta), 120 cm (P120 x L26 x K55 | 4 sarakkeen painiketta), 140 cm (L140 x L26 x K55 | 4 sarakkeen painiketta), 160 cm (P160 x 5 | 5 x 5 painikkeet) ), 180 cm (L180 x L26 x K55 | 6 sarakepainiketta), 200 cm (P200 x L26 x K55 | 7 sarakkeen painiketta).<\/li>\n<\/ul>","protected":false},"featured_media":953,"comment_status":"open","ping_status":"closed","template":"","meta":[],"product_brand":[],"product_cat":[15],"product_tag":[108,161,172,143,59,100,162,120,65],"class_list":{"0":"post-962","1":"product","2":"type-product","3":"status-publish","4":"has-post-thumbnail","6":"product_cat-large-wedge-pillow","7":"product_tag-bed-cushion","8":"product_tag-elevated-headboard-pillow","9":"product_tag-large-bolster-cushion","10":"product_tag-multifunctional-pillow","11":"product_tag-reading-pillow","12":"product_tag-sofa-daybed-pillow","13":"product_tag-upright-back-pillow","14":"product_tag-velvet-pillow","15":"product_tag-wedge-pillow","17":"first","18":"instock","19":"shipping-taxable","20":"purchasable","21":"product-type-variable"},"_links":{"self":[{"href":"https:\/\/www.largepillow.com\/fi\/wp-json\/wp\/v2\/product\/962","targetHints":{"allow":["GET"]}}],"collection":[{"href":"https:\/\/www.largepillow.com\/fi\/wp-json\/wp\/v2\/product"}],"about":[{"href":"https:\/\/www.largepillow.com\/fi\/wp-json\/wp\/v2\/types\/product"}],"replies":[{"embeddable":true,"href":"https:\/\/www.largepillow.com\/fi\/wp-json\/wp\/v2\/comments?post=962"}],"wp:featuredmedia":[{"embeddable":true,"href":"https:\/\/www.largepillow.com\/fi\/wp-json\/wp\/v2\/media\/953"}],"wp:attachment":[{"href":"https:\/\/www.largepillow.com\/fi\/wp-json\/wp\/v2\/media?parent=962"}],"wp:term":[{"taxonomy":"product_brand","embeddable":true,"href":"https:\/\/www.largepillow.com\/fi\/wp-json\/wp\/v2\/product_brand?post=962"},{"taxonomy":"product_cat","embeddable":true,"href":"https:\/\/www.largepillow.com\/fi\/wp-json\/wp\/v2\/product_cat?post=962"},{"taxonomy":"product_tag","embeddable":true,"href":"https:\/\/www.largepillow.com\/fi\/wp-json\/wp\/v2\/product_tag?post=962"}],"curies":[{"name":"wp","href":"https:\/\/api.w.org\/{rel}","templated":true}]}}