{"id":1020,"date":"2022-09-19T02:04:52","date_gmt":"2022-09-19T02:04:52","guid":{"rendered":"https:\/\/www.largepillow.com\/product\/wedge-bolster-cushion"},"modified":"2025-10-10T20:34:10","modified_gmt":"2025-10-10T20:34:10","slug":"grand-corps-coussin","status":"publish","type":"product","link":"https:\/\/www.largepillow.com\/fr\/product\/large-body-cushion\/","title":{"rendered":"Grand coussin de corps"},"content":{"rendered":"<p>Trouvez l&#039;oreiller de lecture et de relaxation parfait<\/p>\n<p>\u00cates-vous \u00e0 la recherche de l\u2019oreiller id\u00e9al pour vous blottir tout en lisant un bon livre ou en regardant vos \u00e9missions de t\u00e9l\u00e9vision pr\u00e9f\u00e9r\u00e9es ? Permettez-nous de vous pr\u00e9senter notre grand coussin de corps \u2013 le coussin de lecture et de relaxation parfait pour soutenir le dos et ultra confortable. <\/p>\n<p>Avec sa forme rectangulaire douce mais offrant un bon soutien, ce coussin s&#039;adapte parfaitement derri\u00e8re votre dos pour fournir juste ce qu&#039;il faut de soutien lombaire, que vous soyez assis dans le lit, sur le canap\u00e9 ou partout o\u00f9 vous aimez vous d\u00e9tendre. Le rembourrage en micro polyester r\u00e9sistant offre un \u00e9quilibre parfait entre douceur spongieuse et structure ind\u00e9formable. <\/p>\n<p>Comme l\u2019a dit un client satisfait : \u00ab Cet oreiller est fait de coton et de lin respirant qui reste frais m\u00eame pendant les chaudes journ\u00e9es d\u2019\u00e9t\u00e9. \u00bb <\/p>\n<p>Un autre a not\u00e9 : \u00ab J\u2019adore la couleur jaune vif et ensoleill\u00e9 de ce coussin. Cela illumine vraiment ma chambre.<\/p>\n<p>Cet oreiller surdimensionn\u00e9 n&#039;est pas seulement id\u00e9al pour se pr\u00e9lasser. Les futures mamans peuvent \u00e9galement l&#039;utiliser comme oreiller de grossesse pour soutenir leur ventre en pleine croissance et soulager les douleurs. Ou placez-le sur le sol pour des s\u00e9ances de yoga et d&#039;exercices au sol confortables. <\/p>\n<p>Avec ses d\u00e9tails capitonn\u00e9s classiques et sa gamme d&#039;options de couleurs allant des unis sobres aux motifs accrocheurs, le coussin de corps ajoute une touche d\u00e9corative \u00e0 n&#039;importe quelle pi\u00e8ce. Pas besoin de t\u00eate de lit : placez simplement cet oreiller contre le mur derri\u00e8re votre lit. Sa belle apparence lui permet m\u00eame de servir de lit d&#039;invit\u00e9 impromptu.<\/p>\n<p>Prendre soin de cet oreiller est un jeu d&#039;enfant gr\u00e2ce \u00e0 sa housse amovible qui peut \u00eatre facilement ouverte et mise dans la machine \u00e0 laver. <\/p>\n<p>Alors pourquoi attendre ? Procurez-vous votre grand coussin de corps d\u00e8s aujourd&#039;hui et profitez d&#039;un confort et d&#039;un soutien moelleux pour lire, vous d\u00e9tendre, attendre et tout le reste !<\/p>","protected":false},"excerpt":{"rendered":"<ul>\n<li><strong>COUSSIN DE LECTURE PARFAIT\u00a0:<\/strong> Avec un coussin de forme rectangulaire, ce confortable oreiller de lecture de chevet fonctionne parfaitement pour fournir un soutien doux du dos comme un oreiller lombaire lorsque vous vous asseyez sur le lit pour lire, regarder la t\u00e9l\u00e9vision, naviguer sur le t\u00e9l\u00e9phone, surfer sur une tablette, jouer \u00e0 des jeux vid\u00e9o, faire du yoga, allaiter et se reposer. apr\u00e8s l&#039;op\u00e9ration.<\/li>\n<li><strong>OREILLER DE CORPS CONFORTABLE\u00a0:<\/strong> En tant que grand oreiller corporel, il remplace tous les oreillers de repos ou lombaires normaux, cr\u00e9e plusieurs positions comme oreiller positionneur pour soutenir le dos, les \u00e9paules, la colonne vert\u00e9brale, le ventre, les jambes et permet \u00e0 vos muscles de rester d\u00e9tendus. Favorise une colonne vert\u00e9brale align\u00e9e pour tout dormeur, que vous ayez besoin d&#039;un oreiller rembourr\u00e9 ou d&#039;un grand coussin de soutien du dos, si vous avez juste besoin de plus ou moins de volume. Vous pouvez \u00e9galement l&#039;utiliser comme oreiller de grossesse qui offre un soutien diff\u00e9rent aux parties du corps et soulage les douleurs de la grossesse.<\/li>\n<li><strong>CON\u00c7U \u00c0 L&#039;ORIGINE AVEC DES MAT\u00c9RIAUX DE HAUTE QUALIT\u00c9\u00a0:<\/strong> L&#039;oreiller de lecture rectangulaire est livr\u00e9 avec des rayures tridimensionnelles, des touffes de boutons en tissu, des bords enti\u00e8rement ourl\u00e9s sont tr\u00e8s distinctifs parmi tous les autres oreillers de dossier normaux. Bien que le coussin d\u00e9coratif de soutien dorsal soit doux, il conserve toujours sa forme de soutien en tirant pleinement parti du rembourrage en microfibre de polyester r\u00e9sistant et flexible. La fermeture \u00e0 glissi\u00e8re bidirectionnelle du coussin de chevet, qui est tr\u00e8s solide et durable pour une utilisation \u00e0 long terme.<\/li>\n<li><strong>MAGNIFIQUE COUSSIN DE CHEVET D\u00c9CORATIF :<\/strong> Si vous avez besoin d&#039;une t\u00eate de lit rapide et facile, ce coussin de lecture pour t\u00eate de lit rembourr\u00e9 peut \u00eatre utilis\u00e9 comme remplacement alternatif tout en \u00e9tant une belle d\u00e9coration de lit. Son design \u00e9l\u00e9gant ajoutera une vue invitante \u00e0 votre chambre \u00e0 coucher. Avec son apparence attrayante, ce coussin de dossier de chevet original est r\u00e9glable pour la chambre \u00e0 coucher, l&#039;h\u00f4tel, l&#039;h\u00f4pital, le si\u00e8ge de fen\u00eatre, le canap\u00e9, le canap\u00e9, le lit de jour, le lit superpos\u00e9, le lit de dortoir, le lit plate-forme.<\/li>\n<li><strong>HOUSSE D&#039;OREILLER LOMBAIRE AMOVIBLE ET FACILE \u00c0 LAVER\u00a0:<\/strong> Vous pouvez facilement retirer la housse de coussin de repos au lit en ouvrant la fermeture \u00e9clair et en d\u00e9bouclant les boutons de la housse de coussin de lecture et en la lavant en machine.<\/li>\n<li><strong>Tissu:<\/strong> M\u00e9lange de polyester et de lin.<\/li>\n<li><strong>Taille:<\/strong> 100x50x8cm (3 boutons), 120x50x8cm (4 boutons), 140x50x8cm (4 boutons), 160x50x8cm (5 boutons), 180x50x8cm (6 boutons), 200x50x8cm (7 boutons)<\/li>\n<\/ul>","protected":false},"featured_media":1005,"comment_status":"open","ping_status":"closed","template":"","meta":[],"product_brand":[],"product_cat":[28],"product_tag":[66,133,124,115,155,79,144,118,59,125,123],"class_list":{"0":"post-1020","1":"product","2":"type-product","3":"status-publish","4":"has-post-thumbnail","6":"product_cat-large-body-pillow","7":"product_tag-back-support-pillow","8":"product_tag-bedroom-decor-pillow","9":"product_tag-bedside-decorative-pillow","10":"product_tag-comfortable-body-pillow","11":"product_tag-large-body-cushion","12":"product_tag-lumbar-pillow","13":"product_tag-positioner-pillow","14":"product_tag-pregnancy-pillow","15":"product_tag-reading-pillow","16":"product_tag-removable-pillow-cover","17":"product_tag-upholstered-bedrest-pillow","19":"first","20":"instock","21":"featured","22":"shipping-taxable","23":"purchasable","24":"product-type-variable"},"_links":{"self":[{"href":"https:\/\/www.largepillow.com\/fr\/wp-json\/wp\/v2\/product\/1020","targetHints":{"allow":["GET"]}}],"collection":[{"href":"https:\/\/www.largepillow.com\/fr\/wp-json\/wp\/v2\/product"}],"about":[{"href":"https:\/\/www.largepillow.com\/fr\/wp-json\/wp\/v2\/types\/product"}],"replies":[{"embeddable":true,"href":"https:\/\/www.largepillow.com\/fr\/wp-json\/wp\/v2\/comments?post=1020"}],"wp:featuredmedia":[{"embeddable":true,"href":"https:\/\/www.largepillow.com\/fr\/wp-json\/wp\/v2\/media\/1005"}],"wp:attachment":[{"href":"https:\/\/www.largepillow.com\/fr\/wp-json\/wp\/v2\/media?parent=1020"}],"wp:term":[{"taxonomy":"product_brand","embeddable":true,"href":"https:\/\/www.largepillow.com\/fr\/wp-json\/wp\/v2\/product_brand?post=1020"},{"taxonomy":"product_cat","embeddable":true,"href":"https:\/\/www.largepillow.com\/fr\/wp-json\/wp\/v2\/product_cat?post=1020"},{"taxonomy":"product_tag","embeddable":true,"href":"https:\/\/www.largepillow.com\/fr\/wp-json\/wp\/v2\/product_tag?post=1020"}],"curies":[{"name":"wp","href":"https:\/\/api.w.org\/{rel}","templated":true}]}}