{"id":1209,"date":"2022-09-19T03:31:40","date_gmt":"2022-09-19T03:31:40","guid":{"rendered":"https:\/\/www.largepillow.com\/product\/back-support-pillow"},"modified":"2025-12-11T13:44:46","modified_gmt":"2025-12-11T13:44:46","slug":"grand-lit-traversin","status":"publish","type":"product","link":"https:\/\/www.largepillow.com\/fr\/product\/large-bed-bolster-pillow","title":{"rendered":"Grand oreiller de traversin de lit"},"content":{"rendered":"<p>Trouvez l&#039;oreiller de lecture parfait avec le grand traversin de lit<\/p>\n<p>Si vous aimez lire, regarder la t\u00e9l\u00e9vision ou travailler au lit mais que vous avez besoin d&#039;un soutien suppl\u00e9mentaire pour votre dos, le grand traversin pour lit est la solution parfaite. Ce coussin rectangulaire offre un soutien lombaire r\u00e9glable afin que vous puissiez vous asseoir confortablement dans le lit. <\/p>\n<p>Fabriqu\u00e9 \u00e0 partir de fibres de micropolyester douces et r\u00e9sistantes, le traversin conserve sa forme tout en s&#039;adaptant \u00e0 votre corps. La fermeture \u00e9clair bidirectionnelle rend \u00e9galement la housse en velours amovible facile \u00e0 enlever et \u00e0 laver en machine. Avec ses boutons touffet\u00e9s et ses bords proprement ourl\u00e9s, cet oreiller conf\u00e8re une \u00e9l\u00e9gance simple \u00e0 tout d\u00e9cor de chambre. <\/p>\n<p>Les clients adorent utiliser cet oreiller polyvalent de plusieurs fa\u00e7ons\u00a0:<\/p>\n<p>\u00ab Au d\u00e9part, je l&#039;ai achet\u00e9 comme oreiller de lecture, mais il est si confortable que je finis par l&#039;utiliser m\u00eame lorsque je ne lis pas. C&#039;est l&#039;oreiller de dossier parfait, que je travaille sur mon ordinateur portable au lit ou que je me d\u00e9tende simplement en regardant la t\u00e9l\u00e9vision.<\/p>\n<p>\u00ab\u00a0En tant que coussin de grossesse, il \u00e9tait suffisamment r\u00e9glable pour soutenir mon dos ou se glisser sous mon ventre. Et maintenant que j&#039;allaite, il est toujours utile de le maintenir derri\u00e8re moi lorsque je m&#039;assois dans mon lit.  <\/p>\n<p>\u00abCela constitue un excellent oreiller de soutien lombaire apr\u00e8s mon op\u00e9ration. Je peux ajuster le loft et il reste derri\u00e8re mon dos pendant que je r\u00e9cup\u00e8re.<\/p>\n<p>Avec six tailles disponibles, vous \u00eates assur\u00e9 de trouver les dimensions parfaites pour vos besoins. Les prix varient de $XX.XX \u00e0 $XX.XX selon la taille. Apportez confort et style sans effort \u00e0 votre chambre avec le soutien polyvalent du grand traversin pour lit.<\/p>","protected":false},"excerpt":{"rendered":"<ul>\n<li><strong>COUSSIN DE LECTURE PARFAIT\u00a0:<\/strong> Avec un coussin de forme rectangulaire, ce confortable oreiller de lecture de chevet fonctionne parfaitement pour fournir un soutien doux du dos comme un oreiller lombaire lorsque vous vous asseyez sur le lit pour lire, regarder la t\u00e9l\u00e9vision, naviguer sur le t\u00e9l\u00e9phone, surfer sur une tablette, jouer \u00e0 des jeux vid\u00e9o, faire du yoga, allaiter et se reposer. apr\u00e8s l&#039;op\u00e9ration.<\/li>\n<li><strong>OREILLER DE CORPS CONFORTABLE\u00a0:<\/strong> En tant que grand oreiller corporel, il remplace tous les oreillers de repos ou lombaires normaux, cr\u00e9e plusieurs positions comme oreiller positionneur pour soutenir le dos, les \u00e9paules, la colonne vert\u00e9brale, le ventre, les jambes et permet \u00e0 vos muscles de rester d\u00e9tendus. Favorise une colonne vert\u00e9brale align\u00e9e pour tout dormeur, que vous ayez besoin d&#039;un oreiller rembourr\u00e9 ou d&#039;un grand coussin de soutien du dos, si vous avez juste besoin de plus ou moins de volume. Vous pouvez \u00e9galement l&#039;utiliser comme oreiller de grossesse qui offre un soutien diff\u00e9rent aux parties du corps et soulage les douleurs de la grossesse.<\/li>\n<li><strong>CON\u00c7U \u00c0 L&#039;ORIGINE AVEC DES MAT\u00c9RIAUX DE HAUTE QUALIT\u00c9\u00a0:<\/strong> L&#039;oreiller de lecture rectangulaire est livr\u00e9 avec des rayures tridimensionnelles, des touffes de boutons en tissu, des bords enti\u00e8rement ourl\u00e9s sont tr\u00e8s distinctifs parmi tous les autres oreillers de dossier normaux. Bien que le coussin d\u00e9coratif de soutien dorsal soit doux, il conserve toujours sa forme de soutien en tirant pleinement parti du rembourrage en microfibre de polyester r\u00e9sistant et flexible. La fermeture \u00e0 glissi\u00e8re bidirectionnelle du coussin de chevet, qui est tr\u00e8s solide et durable pour une utilisation \u00e0 long terme.<\/li>\n<li><strong>MAGNIFIQUE COUSSIN DE CHEVET D\u00c9CORATIF :<\/strong> Si vous avez besoin d&#039;une t\u00eate de lit rapide et facile, ce coussin de lecture pour t\u00eate de lit rembourr\u00e9 peut \u00eatre utilis\u00e9 comme remplacement alternatif tout en \u00e9tant une belle d\u00e9coration de lit. Son design \u00e9l\u00e9gant ajoutera une vue invitante \u00e0 votre chambre \u00e0 coucher. Avec son apparence attrayante, ce coussin de dossier de chevet original est r\u00e9glable pour la chambre \u00e0 coucher, l&#039;h\u00f4tel, l&#039;h\u00f4pital, le si\u00e8ge de fen\u00eatre, le canap\u00e9, le canap\u00e9, le lit de jour, le lit superpos\u00e9, le lit de dortoir, le lit plate-forme.<\/li>\n<li><strong>HOUSSE D&#039;OREILLER LOMBAIRE AMOVIBLE ET FACILE \u00c0 LAVER\u00a0:<\/strong> Vous pouvez facilement retirer la housse de coussin de repos au lit en ouvrant la fermeture \u00e9clair et en d\u00e9bouclant les boutons de la housse de coussin de lecture et en la lavant en machine.<\/li>\n<li><strong>Tissu:<\/strong> Velours (Polyester 100%).<\/li>\n<li><strong>Taille:<\/strong> 100x50x8cm (3 boutons), 120x50x8cm (4 boutons), 140x50x8cm (4 boutons), 160x50x8cm (5 boutons), 180x50x8cm (6 boutons), 200x50x8cm (7 boutons)<\/li>\n<\/ul>","protected":false},"featured_media":1194,"comment_status":"open","ping_status":"closed","template":"","meta":[],"product_brand":[],"product_cat":[28],"product_tag":[117,60,116,115,114,79,118,59,119,120],"class_list":{"0":"post-1209","1":"product","2":"type-product","3":"status-publish","4":"has-post-thumbnail","6":"product_cat-large-body-pillow","7":"product_tag-back-support-cushion","8":"product_tag-backrest-pillow","9":"product_tag-bed-rest","10":"product_tag-comfortable-body-pillow","11":"product_tag-large-bed-bolster-pillow","12":"product_tag-lumbar-pillow","13":"product_tag-pregnancy-pillow","14":"product_tag-reading-pillow","15":"product_tag-rectangular-reading-pillow","16":"product_tag-velvet-pillow","18":"first","19":"instock","20":"featured","21":"shipping-taxable","22":"purchasable","23":"product-type-variable"},"_links":{"self":[{"href":"https:\/\/www.largepillow.com\/fr\/wp-json\/wp\/v2\/product\/1209","targetHints":{"allow":["GET"]}}],"collection":[{"href":"https:\/\/www.largepillow.com\/fr\/wp-json\/wp\/v2\/product"}],"about":[{"href":"https:\/\/www.largepillow.com\/fr\/wp-json\/wp\/v2\/types\/product"}],"replies":[{"embeddable":true,"href":"https:\/\/www.largepillow.com\/fr\/wp-json\/wp\/v2\/comments?post=1209"}],"wp:featuredmedia":[{"embeddable":true,"href":"https:\/\/www.largepillow.com\/fr\/wp-json\/wp\/v2\/media\/1194"}],"wp:attachment":[{"href":"https:\/\/www.largepillow.com\/fr\/wp-json\/wp\/v2\/media?parent=1209"}],"wp:term":[{"taxonomy":"product_brand","embeddable":true,"href":"https:\/\/www.largepillow.com\/fr\/wp-json\/wp\/v2\/product_brand?post=1209"},{"taxonomy":"product_cat","embeddable":true,"href":"https:\/\/www.largepillow.com\/fr\/wp-json\/wp\/v2\/product_cat?post=1209"},{"taxonomy":"product_tag","embeddable":true,"href":"https:\/\/www.largepillow.com\/fr\/wp-json\/wp\/v2\/product_tag?post=1209"}],"curies":[{"name":"wp","href":"https:\/\/api.w.org\/{rel}","templated":true}]}}