{"id":1227,"date":"2022-09-19T05:28:28","date_gmt":"2022-09-19T05:28:28","guid":{"rendered":"https:\/\/www.largepillow.com\/product\/back-pillow-for-couch"},"modified":"2024-10-03T16:31:26","modified_gmt":"2024-10-03T16:31:26","slug":"coussin-de-lecture-pour-lit-2","status":"publish","type":"product","link":"https:\/\/www.largepillow.com\/fr\/product\/reading-pillow-for-bed","title":{"rendered":"Oreiller de lecture pour lit"},"content":{"rendered":"<p>L&#039;oreiller de lecture haut de gamme pour un confort et un soutien in\u00e9gal\u00e9s<\/p>\n<p>\u00cates-vous pr\u00eat \u00e0 \u00e9lever votre exp\u00e9rience de lecture vers de nouveaux sommets ? Ne cherchez pas plus loin que notre oreiller de lecture pour lit, m\u00e9ticuleusement con\u00e7u pour offrir un confort, un soutien et une commodit\u00e9 optimaux pendant que vous vous adonnez \u00e0 vos livres ou m\u00e9dias pr\u00e9f\u00e9r\u00e9s.<\/p>\n<p>Construction exceptionnelle pour un soutien in\u00e9branlable<\/p>\n<p>Cet oreiller compens\u00e9 est m\u00e9ticuleusement rempli de fibres de polyester de qualit\u00e9 sup\u00e9rieure, assurant un soutien dorsal stable qui \u00e9pouse les courbes de votre corps. Le luxueux tissu Velvet, reconnu pour sa douceur, sa durabilit\u00e9 et sa r\u00e9sistance \u00e0 la d\u00e9formation ou au boulochage, offre un toucher velout\u00e9 qui agr\u00e9mentera votre moment de d\u00e9tente.<\/p>\n<p>Conception r\u00e9glable pour un confort personnalis\u00e9<\/p>\n<p>Notre oreiller compens\u00e9 r\u00e9glable est livr\u00e9 avec un petit traversin en rouleau qui peut \u00eatre positionn\u00e9 selon vos besoins pour fournir pr\u00e9cis\u00e9ment le soutien que vous d\u00e9sirez. Il aide \u00e0 maintenir votre posture, \u00e9vitant ainsi l&#039;affaissement et l&#039;inconfort lorsque vous lisez ou regardez la t\u00e9l\u00e9vision. La housse amovible et lavable permet de garder facilement votre oreiller frais et hygi\u00e9nique.<\/p>\n<p>Support ergonomique pour un bien-\u00eatre am\u00e9lior\u00e9<\/p>\n<p>L&#039;oreiller de lecture suit une conception ergonomique, offrant un soutien scientifique du dos qui am\u00e9liore la posture assise. Cela peut aider \u00e0 pr\u00e9venir et \u00e0 soulager les maladies lombaires et cervicales, r\u00e9duisant efficacement les maux de dos et favorisant le bien-\u00eatre g\u00e9n\u00e9ral.<\/p>\n<p>Utilisation polyvalente pour divers param\u00e8tres<\/p>\n<p>Cet oreiller compens\u00e9 polyvalent peut \u00eatre utilis\u00e9 dans une large gamme de contextes, des lits douillets aux canap\u00e9s, lits de repos, chaises et canap\u00e9s confortables. Sa polyvalence en fait un choix id\u00e9al pour n&#039;importe quelle pi\u00e8ce de votre maison o\u00f9 vous souhaitez vous d\u00e9tendre et profiter d&#039;un moment de d\u00e9tente.<\/p>\n<p>Entretien facile pour un entretien sans effort<\/p>\n<p>Notre oreiller de lecture dispose d&#039;une fermeture \u00e9clair pratique, vous permettant de retirer sans effort l&#039;\u00e9tui pour le laver en machine. Cela garantit que votre oreiller reste toujours propre et frais, garantissant ainsi long\u00e9vit\u00e9 et utilisation hygi\u00e9nique.<\/p>\n<p>Commentaires originaux sur les produits pour enrichir les informations<\/p>\n<p>Voici ce que des clients satisfaits ont \u00e0 dire sur notre oreiller de lecture\u00a0:<\/p>\n<p>\u00abCet oreiller triangulaire est si confortable et offre un bon soutien. Cela m\u2019aide \u00e0 maintenir une bonne posture lorsque je lis au lit.<br \/>\n\u00ab J&#039;adore le tissu velours ! Il est incroyablement doux et procure une sensation agr\u00e9able sur ma peau.<br \/>\n\u00ab Le traversin r\u00e9glable est une bou\u00e9e de sauvetage. Je peux le positionner exactement l\u00e0 o\u00f9 j\u2019en ai besoin pour un soutien suppl\u00e9mentaire.<\/p>\n<p>Faites l&#039;exp\u00e9rience d&#039;un confort et d&#039;un soutien comme jamais auparavant<\/p>\n<p>Ne vous contentez pas d&#039;oreillers ordinaires qui compromettent votre confort et votre posture. Investissez dans notre oreiller de lecture pour lit et \u00e9levez votre exp\u00e9rience de lecture au niveau sup\u00e9rieur. Sa construction haut de gamme, sa conception ajustable et son support ergonomique transformeront votre temps de d\u00e9tente en moments de confort et de bien-\u00eatre in\u00e9gal\u00e9s.<\/p>","protected":false},"excerpt":{"rendered":"<ul>\n<li><strong>Oreiller compens\u00e9 qualifi\u00e9\u00a0:<\/strong> Cet oreiller de coin de lit est rembourr\u00e9 de fibres de polyester de qualit\u00e9 sup\u00e9rieure pour fournir un soutien dorsal stable et vous faire sentir \u00e0 l&#039;aise lorsque vous lisez, vous reposez, regardez la t\u00e9l\u00e9vision sur votre lit ou votre canap\u00e9. Le tissu en velours de haute qualit\u00e9 est tr\u00e8s doux, durable et difficile \u00e0 d\u00e9former ou \u00e0 boulocher.<\/li>\n<li><strong>Oreiller compens\u00e9 r\u00e9glable\u00a0:<\/strong> Le coussin est livr\u00e9 avec un petit coussin de traversin. Il peut \u00eatre ajust\u00e9 selon vos besoins. Il aide \u00e0 garder le dos droit pour ne pas s&#039;affaisser. La housse de coussin de lecture est amovible et lavable. Il y a 2 petites poches sur le c\u00f4t\u00e9 pour ranger de petites pi\u00e8ces, telles qu&#039;un stylo, un t\u00e9l\u00e9phone portable, une t\u00e9l\u00e9commande de t\u00e9l\u00e9vision, etc.<\/li>\n<li><strong>Excellent soutien du dos\u00a0:<\/strong> Le grand oreiller de soutien est conforme \u00e0 la conception ergonomique, ce qui peut fournir un soutien dorsal scientifique et am\u00e9liorer la posture assise. Ce coussin pour canap\u00e9 offre un soutien confortable pour la taille, le dos et la nuque. Il peut \u00e9galement pr\u00e9venir et soulager les maladies lombaires et cervicales et soulager les maux de dos.<\/li>\n<li><strong>Large gamme d&#039;utilisations\u00a0:<\/strong> L&#039;oreiller compens\u00e9 peut fournir une vari\u00e9t\u00e9 d&#039;utilisations, ce qui est tr\u00e8s appropri\u00e9 pour une utilisation sur le lit, le canap\u00e9-lit, la chaise et le canap\u00e9. Cadeau parfait pour vous-m\u00eame, vos amis ou votre famille.<\/li>\n<li><strong>Facile \u00e0 nettoyer:<\/strong> Cet oreiller de soutien est dot\u00e9 d&#039;une fermeture \u00e0 glissi\u00e8re pour rendre la housse facilement amovible et lavable en machine.<\/li>\n<li><strong>Tissu:<\/strong> Velours (Polyester 100%).<\/li>\n<li><strong>Taille:<\/strong>\u00a060x50x22cm.<\/li>\n<\/ul>","protected":false},"featured_media":1217,"comment_status":"open","ping_status":"closed","template":"","meta":[],"product_brand":[],"product_cat":[29],"product_tag":[92,66,60,70,113,78,76,59],"class_list":{"0":"post-1227","1":"product","2":"type-product","3":"status-publish","4":"has-post-thumbnail","6":"product_cat-large-reading-pillow","7":"product_tag-adjustable-wedge-pillow","8":"product_tag-back-support-pillow","9":"product_tag-backrest-pillow","10":"product_tag-bed-wedge-pillow","11":"product_tag-cushion-for-sofa","12":"product_tag-ergonomic-pillow","13":"product_tag-neck-support-pillow","14":"product_tag-reading-pillow","16":"first","17":"outofstock","18":"shipping-taxable","19":"purchasable","20":"product-type-simple"},"_links":{"self":[{"href":"https:\/\/www.largepillow.com\/fr\/wp-json\/wp\/v2\/product\/1227","targetHints":{"allow":["GET"]}}],"collection":[{"href":"https:\/\/www.largepillow.com\/fr\/wp-json\/wp\/v2\/product"}],"about":[{"href":"https:\/\/www.largepillow.com\/fr\/wp-json\/wp\/v2\/types\/product"}],"replies":[{"embeddable":true,"href":"https:\/\/www.largepillow.com\/fr\/wp-json\/wp\/v2\/comments?post=1227"}],"wp:featuredmedia":[{"embeddable":true,"href":"https:\/\/www.largepillow.com\/fr\/wp-json\/wp\/v2\/media\/1217"}],"wp:attachment":[{"href":"https:\/\/www.largepillow.com\/fr\/wp-json\/wp\/v2\/media?parent=1227"}],"wp:term":[{"taxonomy":"product_brand","embeddable":true,"href":"https:\/\/www.largepillow.com\/fr\/wp-json\/wp\/v2\/product_brand?post=1227"},{"taxonomy":"product_cat","embeddable":true,"href":"https:\/\/www.largepillow.com\/fr\/wp-json\/wp\/v2\/product_cat?post=1227"},{"taxonomy":"product_tag","embeddable":true,"href":"https:\/\/www.largepillow.com\/fr\/wp-json\/wp\/v2\/product_tag?post=1227"}],"curies":[{"name":"wp","href":"https:\/\/api.w.org\/{rel}","templated":true}]}}