{"id":1238,"date":"2022-09-19T05:36:36","date_gmt":"2022-09-19T05:36:36","guid":{"rendered":"https:\/\/www.largepillow.com\/product\/back-cushion-for-sofa"},"modified":"2026-02-06T13:51:15","modified_gmt":"2026-02-06T13:51:15","slug":"oreiller-de-repos","status":"publish","type":"product","link":"https:\/\/www.largepillow.com\/fr\/product\/bedrest-pillow\/","title":{"rendered":"Oreiller de repos"},"content":{"rendered":"<p>Offrez-vous confort et soutien avec notre oreiller de repos<\/p>\n<p>Vous recherchez l\u2019oreiller parfait pour am\u00e9liorer votre d\u00e9tente et votre bien-\u00eatre ? Ne cherchez pas plus loin que notre oreiller de repos haut de gamme, con\u00e7u m\u00e9ticuleusement pour offrir un soutien et un confort in\u00e9gal\u00e9s.<\/p>\n<p>Qualit\u00e9 et confort in\u00e9gal\u00e9s<\/p>\n<p>Fabriqu\u00e9 avec une pr\u00e9cision exceptionnelle, notre oreiller Bedrest est rempli de fibres de polyester de qualit\u00e9 sup\u00e9rieure qui \u00e9pousent impeccablement les contours de votre corps, assurant un soutien dorsal in\u00e9branlable et une sensation moelleuse. Envelopp\u00e9 dans un tissu velours luxueusement doux, il r\u00e9siste \u00e0 la d\u00e9formation et au boulochage, promettant un confort durable.<\/p>\n<p>Ajustement polyvalent et commodit\u00e9<\/p>\n<p>Avec sa conception r\u00e9glable, notre oreiller est \u00e9quip\u00e9 d&#039;un petit traversin en rouleau qui peut \u00eatre strat\u00e9giquement positionn\u00e9 pour un soutien cibl\u00e9. Gardez votre colonne vert\u00e9brale align\u00e9e et \u00e9vitez de vous affaler pour maintenir une posture saine. De plus, la housse de coussin amovible et lavable ajoute une couche suppl\u00e9mentaire d&#039;hygi\u00e8ne et de facilit\u00e9 d&#039;entretien. Pour plus de commodit\u00e9, deux poches lat\u00e9rales pratiques permettent de ranger les petits objets essentiels, gardant vos objets pr\u00e9f\u00e9r\u00e9s \u00e0 port\u00e9e de main.<\/p>\n<p>Support dorsal scientifique<\/p>\n<p>De conception ergonomique, notre oreiller Bedrest offre un soutien dorsal in\u00e9gal\u00e9, soulageant les douleurs lombaires et cervicales, favorisant une bonne posture et \u00e9vitant l&#039;inconfort d\u00fb \u00e0 une position assise ou allong\u00e9e prolong\u00e9e.<\/p>\n<p>Confort polyvalent<\/p>\n<p>Polyvalent et adaptable, notre oreiller Bedrest transcende les limites de la chambre \u00e0 coucher. C&#039;est un compagnon id\u00e9al pour les canap\u00e9s, les lits de repos, les chaises et les canap\u00e9s, vous permettant de profiter d&#039;un confort ultime et d&#039;un soutien de la colonne vert\u00e9brale dans n&#039;importe quel environnement. Que vous lisiez un roman captivant, regardiez vos \u00e9missions pr\u00e9f\u00e9r\u00e9es ou simplement vous d\u00e9tendiez apr\u00e8s une longue journ\u00e9e, notre oreiller garantit une exp\u00e9rience rajeunissante.<\/p>\n<p>Approbations des clients<\/p>\n<p>\u00ab Ce coussin triangulaire est super confortable. Le tissu en velours hollandais est si doux sur ma peau et le traversin cylindrique est parfait pour soutenir la nuque. - Client satisfait<\/p>\n<p>\u00abJ&#039;adore les poches spacieuses sur le c\u00f4t\u00e9. Ils gardent mon t\u00e9l\u00e9phone, mon bloc-notes et mes autres objets essentiels organis\u00e9s et \u00e0 port\u00e9e de main. \u2013 Utilisateur ravi<\/p>\n<p>Caract\u00e9ristiques<\/p>\n<p>* Tissu : velours polyester 100%.<br \/>\n* Taille: 60x50x22cm<\/p>\n<p>Investissez d\u00e8s aujourd\u2019hui dans la solution ultime de relaxation et de soutien avec notre oreiller exceptionnel pour le repos au lit. Son confort sup\u00e9rieur, sa polyvalence et sa durabilit\u00e9 r\u00e9volutionneront votre maison et am\u00e9lioreront votre bien-\u00eatre.<\/p>","protected":false},"excerpt":{"rendered":"<ul>\n<li><strong>Oreiller compens\u00e9 qualifi\u00e9\u00a0:<\/strong> Cet oreiller de coin de lit est rembourr\u00e9 de fibres de polyester de qualit\u00e9 sup\u00e9rieure pour fournir un soutien dorsal stable et vous faire sentir \u00e0 l&#039;aise lorsque vous lisez, vous reposez, regardez la t\u00e9l\u00e9vision sur votre lit ou votre canap\u00e9. Le tissu en velours de haute qualit\u00e9 est tr\u00e8s doux, durable et difficile \u00e0 d\u00e9former ou \u00e0 boulocher.<\/li>\n<li><strong>Oreiller compens\u00e9 r\u00e9glable\u00a0:<\/strong> Le coussin est livr\u00e9 avec un petit coussin de traversin. Il peut \u00eatre ajust\u00e9 selon vos besoins. Il aide \u00e0 garder le dos droit pour ne pas s&#039;affaisser. La housse de coussin de lecture est amovible et lavable. Il y a 2 petites poches sur le c\u00f4t\u00e9 pour ranger de petites pi\u00e8ces, telles qu&#039;un stylo, un t\u00e9l\u00e9phone portable, une t\u00e9l\u00e9commande de t\u00e9l\u00e9vision, etc.<\/li>\n<li><strong>Excellent soutien du dos\u00a0:<\/strong> Le grand oreiller de soutien est conforme \u00e0 la conception ergonomique, ce qui peut fournir un soutien dorsal scientifique et am\u00e9liorer la posture assise. Ce coussin pour canap\u00e9 offre un soutien confortable pour la taille, le dos et la nuque. Il peut \u00e9galement pr\u00e9venir et soulager les maladies lombaires et cervicales et soulager les maux de dos.<\/li>\n<li><strong>Large gamme d&#039;utilisations\u00a0:<\/strong> L&#039;oreiller compens\u00e9 peut fournir une vari\u00e9t\u00e9 d&#039;utilisations, ce qui est tr\u00e8s appropri\u00e9 pour une utilisation sur le lit, le canap\u00e9-lit, la chaise et le canap\u00e9. Cadeau parfait pour vous-m\u00eame, vos amis ou votre famille.<\/li>\n<li><strong>Facile \u00e0 nettoyer:<\/strong> Cet oreiller de soutien est dot\u00e9 d&#039;une fermeture \u00e0 glissi\u00e8re pour rendre la housse facilement amovible et lavable en machine.<\/li>\n<li><strong>Tissu:<\/strong> Velours (Polyester 100%).<\/li>\n<li><strong>Taille:<\/strong>\u00a060x50x22cm.<\/li>\n<\/ul>","protected":false},"featured_media":1228,"comment_status":"open","ping_status":"closed","template":"","meta":[],"product_brand":[],"product_cat":[29],"product_tag":[66,60,111,101,112,59,107,71,65],"class_list":{"0":"post-1238","1":"product","2":"type-product","3":"status-publish","4":"has-post-thumbnail","6":"product_cat-large-reading-pillow","7":"product_tag-back-support-pillow","8":"product_tag-backrest-pillow","9":"product_tag-bedrest-pillow","10":"product_tag-chair-cushion","11":"product_tag-lumbar-support-pillow","12":"product_tag-reading-pillow","13":"product_tag-sofa-cushion","14":"product_tag-tv-pillow","15":"product_tag-wedge-pillow","17":"first","18":"outofstock","19":"shipping-taxable","20":"purchasable","21":"product-type-simple"},"_links":{"self":[{"href":"https:\/\/www.largepillow.com\/fr\/wp-json\/wp\/v2\/product\/1238","targetHints":{"allow":["GET"]}}],"collection":[{"href":"https:\/\/www.largepillow.com\/fr\/wp-json\/wp\/v2\/product"}],"about":[{"href":"https:\/\/www.largepillow.com\/fr\/wp-json\/wp\/v2\/types\/product"}],"replies":[{"embeddable":true,"href":"https:\/\/www.largepillow.com\/fr\/wp-json\/wp\/v2\/comments?post=1238"}],"wp:featuredmedia":[{"embeddable":true,"href":"https:\/\/www.largepillow.com\/fr\/wp-json\/wp\/v2\/media\/1228"}],"wp:attachment":[{"href":"https:\/\/www.largepillow.com\/fr\/wp-json\/wp\/v2\/media?parent=1238"}],"wp:term":[{"taxonomy":"product_brand","embeddable":true,"href":"https:\/\/www.largepillow.com\/fr\/wp-json\/wp\/v2\/product_brand?post=1238"},{"taxonomy":"product_cat","embeddable":true,"href":"https:\/\/www.largepillow.com\/fr\/wp-json\/wp\/v2\/product_cat?post=1238"},{"taxonomy":"product_tag","embeddable":true,"href":"https:\/\/www.largepillow.com\/fr\/wp-json\/wp\/v2\/product_tag?post=1238"}],"curies":[{"name":"wp","href":"https:\/\/api.w.org\/{rel}","templated":true}]}}