{"id":1286,"date":"2022-09-19T05:37:34","date_gmt":"2022-09-19T05:37:34","guid":{"rendered":"https:\/\/www.largepillow.com\/product\/custom-sofa-cushions"},"modified":"2026-01-20T07:53:44","modified_gmt":"2026-01-20T07:53:44","slug":"coussin-de-lecture","status":"publish","type":"product","link":"https:\/\/www.largepillow.com\/fr\/product\/reading-support-pillow\/","title":{"rendered":"Oreiller de soutien \u00e0 la lecture"},"content":{"rendered":"<p>Profitez d&#039;un soutien dorsal sup\u00e9rieur avec l&#039;oreiller de soutien \u00e0 la lecture <\/p>\n<p>Si vous aimez lire ou regarder la t\u00e9l\u00e9vision au lit mais que vous avez du mal \u00e0 vous asseoir confortablement, l&#039;oreiller de soutien \u00e0 la lecture est fait pour vous. Cet oreiller compens\u00e9 qualifi\u00e9 offre un soutien dorsal stable afin que vous puissiez vous d\u00e9tendre sans vous affaler ni vous fatiguer le cou.<\/p>\n<p>Fabriqu\u00e9 \u00e0 partir de tissu en lin doux et durable avec un rembourrage en fibres de polyester de qualit\u00e9 sup\u00e9rieure, l&#039;oreiller de soutien \u00e0 la lecture s&#039;adapte aux courbes naturelles de votre corps. La conception ergonomique am\u00e9liore la posture et soulage les douleurs lombaires, vous permettant de vous blottir pendant des heures de plaisir. <\/p>\n<p>Comme l\u2019a d\u00e9clar\u00e9 un client satisfait : \u00ab Cet oreiller \u00e0 trois faces est fait de coton et de lin tr\u00e8s doux et confortable. Il offre un bon soutien du dos lorsque je lis ou utilise mon t\u00e9l\u00e9phone au lit.<\/p>\n<p>L&#039;oreiller compens\u00e9 est enti\u00e8rement r\u00e9glable gr\u00e2ce au traversin inclus. Placez-le partout o\u00f9 vous avez besoin d&#039;un soutien suppl\u00e9mentaire. Deux poches lat\u00e9rales pratiques sont parfaites pour ranger des objets essentiels comme des t\u00e9l\u00e9phones, des t\u00e9l\u00e9commandes et des livres \u00e0 port\u00e9e de main.  <\/p>\n<p>Que vous souhaitiez lire le dernier best-seller, regarder vos \u00e9missions pr\u00e9f\u00e9r\u00e9es ou simplement vous d\u00e9tendre avec votre tablette, l&#039;oreiller de soutien \u00e0 la lecture est l\u00e0 pour vous. Sa conception polyvalente offre un excellent soutien du dos sur les lits, les canap\u00e9s, les lits de repos et m\u00eame les chaises. Plus besoin de se retourner et de se retourner ou de craquer le cou\u00a0!<\/p>\n<p>Comme l\u2019a partag\u00e9 un autre critique : \u00ab Cet oreiller cylindrique peut \u00eatre plac\u00e9 verticalement contre la t\u00eate de lit ou pos\u00e9 en longueur pour un soutien lombaire. C&#039;est assez confortable et juste \u00e0 la bonne taille.<\/p>\n<p>Facile d&#039;entretien, la housse amovible se ferme par fermeture \u00e9clair pour \u00eatre lav\u00e9e en machine. Disponible dans un m\u00e9lange doux de polyester et de lin, l\u2019oreiller de soutien \u00e0 la lecture constitue un cadeau id\u00e9al. <\/p>\n<p>Donnez une pause \u00e0 votre dos et am\u00e9liorez votre exp\u00e9rience de divertissement avec ce coussin compens\u00e9 ergonomique. Commandez l&#039;oreiller de soutien \u00e0 la lecture d\u00e8s aujourd&#039;hui\u00a0!<\/p>","protected":false},"excerpt":{"rendered":"<ul>\n<li><strong>Oreiller compens\u00e9 qualifi\u00e9\u00a0:<\/strong> Cet oreiller de coin de lit est rembourr\u00e9 de fibres de polyester de qualit\u00e9 sup\u00e9rieure pour fournir un soutien dorsal stable et vous faire sentir \u00e0 l&#039;aise lorsque vous lisez, vous reposez, regardez la t\u00e9l\u00e9vision sur votre lit ou votre canap\u00e9. Le tissu en lin de haute qualit\u00e9 est tr\u00e8s doux, durable et difficile \u00e0 d\u00e9former ou \u00e0 boulocher.<\/li>\n<li><strong>Oreiller compens\u00e9 r\u00e9glable\u00a0:<\/strong> Le coussin est livr\u00e9 avec un petit coussin de traversin. Il peut \u00eatre ajust\u00e9 selon vos besoins. Il aide \u00e0 garder le dos droit pour ne pas s&#039;affaisser. La housse de coussin de lecture est amovible et lavable. Il y a 2 petites poches sur le c\u00f4t\u00e9 pour ranger de petites pi\u00e8ces, telles qu&#039;un stylo, un t\u00e9l\u00e9phone portable, une t\u00e9l\u00e9commande de t\u00e9l\u00e9vision, etc.<\/li>\n<li><strong>Excellent soutien du dos\u00a0:<\/strong> Le grand oreiller de soutien est conforme \u00e0 la conception ergonomique, ce qui peut fournir un soutien dorsal scientifique et am\u00e9liorer la posture assise. Ce coussin pour canap\u00e9 offre un soutien confortable pour la taille, le dos et la nuque. Il peut \u00e9galement pr\u00e9venir et soulager les maladies lombaires et cervicales et soulager les maux de dos.<\/li>\n<li><strong>Large gamme d&#039;utilisations\u00a0:<\/strong> L&#039;oreiller compens\u00e9 peut fournir une vari\u00e9t\u00e9 d&#039;utilisations, ce qui est tr\u00e8s appropri\u00e9 pour une utilisation sur le lit, le canap\u00e9-lit, la chaise et le canap\u00e9. Cadeau parfait pour vous-m\u00eame, vos amis ou votre famille.<\/li>\n<li><strong>Facile \u00e0 nettoyer:<\/strong> Cet oreiller de soutien est dot\u00e9 d&#039;une fermeture \u00e0 glissi\u00e8re pour rendre la housse facilement amovible et lavable en machine.<\/li>\n<li><strong>Tissu:<\/strong>\u00a0M\u00e9lange de polyester et de lin.<\/li>\n<li><strong>Taille:<\/strong>\u00a060x50x22cm.<\/li>\n<\/ul>","protected":false},"featured_media":1275,"comment_status":"open","ping_status":"closed","template":"","meta":[],"product_brand":[],"product_cat":[29],"product_tag":[92,60,99,101,102,94,89,59,97,95,98,100,90],"class_list":{"0":"post-1286","1":"product","2":"type-product","3":"status-publish","4":"has-post-thumbnail","6":"product_cat-large-reading-pillow","7":"product_tag-adjustable-wedge-pillow","8":"product_tag-backrest-pillow","9":"product_tag-bed-pillow","10":"product_tag-chair-cushion","11":"product_tag-couch-pillow","12":"product_tag-excellent-back-support","13":"product_tag-qualified-wedge-pillow","14":"product_tag-reading-pillow","15":"product_tag-reading-support-pillow","16":"product_tag-scientific-back-support","17":"product_tag-small-roll-bolster-pillow","18":"product_tag-sofa-daybed-pillow","19":"product_tag-stable-back-support","21":"first","22":"outofstock","23":"featured","24":"shipping-taxable","25":"purchasable","26":"product-type-simple"},"_links":{"self":[{"href":"https:\/\/www.largepillow.com\/fr\/wp-json\/wp\/v2\/product\/1286","targetHints":{"allow":["GET"]}}],"collection":[{"href":"https:\/\/www.largepillow.com\/fr\/wp-json\/wp\/v2\/product"}],"about":[{"href":"https:\/\/www.largepillow.com\/fr\/wp-json\/wp\/v2\/types\/product"}],"replies":[{"embeddable":true,"href":"https:\/\/www.largepillow.com\/fr\/wp-json\/wp\/v2\/comments?post=1286"}],"wp:featuredmedia":[{"embeddable":true,"href":"https:\/\/www.largepillow.com\/fr\/wp-json\/wp\/v2\/media\/1275"}],"wp:attachment":[{"href":"https:\/\/www.largepillow.com\/fr\/wp-json\/wp\/v2\/media?parent=1286"}],"wp:term":[{"taxonomy":"product_brand","embeddable":true,"href":"https:\/\/www.largepillow.com\/fr\/wp-json\/wp\/v2\/product_brand?post=1286"},{"taxonomy":"product_cat","embeddable":true,"href":"https:\/\/www.largepillow.com\/fr\/wp-json\/wp\/v2\/product_cat?post=1286"},{"taxonomy":"product_tag","embeddable":true,"href":"https:\/\/www.largepillow.com\/fr\/wp-json\/wp\/v2\/product_tag?post=1286"}],"curies":[{"name":"wp","href":"https:\/\/api.w.org\/{rel}","templated":true}]}}