{"id":1298,"date":"2022-09-19T05:37:48","date_gmt":"2022-09-19T05:37:48","guid":{"rendered":"https:\/\/www.largepillow.com\/product\/wedge-reading-pillow"},"modified":"2025-12-02T18:57:13","modified_gmt":"2025-12-02T18:57:13","slug":"coin-lecture-reste-au-lit","status":"publish","type":"product","link":"https:\/\/www.largepillow.com\/fr\/product\/bed-rest-reading-wedge","title":{"rendered":"Cale de lecture pour le repos au lit"},"content":{"rendered":"<p>D\u00e9tendez-vous confortablement avec l&#039;oreiller compens\u00e9 de lecture Bed Rest.<\/p>\n<p>Si vous aimez lire ou regarder la t\u00e9l\u00e9vision au lit mais que vous souffrez de maux de dos, l&#039;oreiller compens\u00e9 de lecture Bed Rest est la solution parfaite. Cet oreiller de conception ergonomique offre un excellent soutien lombaire pour soulager les maux de dos et vous aider \u00e0 maintenir une bonne posture au repos.  <\/p>\n<p>Fabriqu\u00e9e \u00e0 partir de lin et de polyester doux de qualit\u00e9, la cale aux dimensions g\u00e9n\u00e9reuses de 60 x 50 x 22 cm \u00e9pouse les courbes de votre corps. Le traversin r\u00e9glable vous permet de personnaliser le soutien pour cibler les zones n\u00e9cessitant un soulagement, telles que le bas du dos ou le cou. Deux poches lat\u00e9rales offrent un rangement pratique pour des objets comme votre t\u00e9l\u00e9phone, votre t\u00e9l\u00e9commande ou vos livres pendant que vous vous d\u00e9tendez.<\/p>\n<p>Les clients adorent cet oreiller polyvalent et de soutien\u00a0:<\/p>\n<p>\u00ab Cet oreiller offre un tr\u00e8s bon support pour lire ou travailler sur mon ordinateur portable au lit. Il est confortable et semble tr\u00e8s r\u00e9sistant.<\/p>\n<p>\u00abJ&#039;ai subi une op\u00e9ration au dos et mon m\u00e9decin m&#039;a recommand\u00e9 de l&#039;utiliser. Cela donne juste la bonne inclinaison sans causer de probl\u00e8mes. <\/p>\n<p>\u00abJ&#039;ai achet\u00e9 ceci pour mes parents \u00e2g\u00e9s afin de les aider \u00e0 s&#039;asseoir plus confortablement. Ils l\u2019adorent et disent que cela a vraiment soulag\u00e9 leurs probl\u00e8mes de dos.<\/p>\n<p>Avec un design ergonomique ax\u00e9 sur le soutien du dos et le confort, cet oreiller compens\u00e9 de qualit\u00e9 est le compagnon id\u00e9al de lecture et de relaxation. La housse amovible et lavable permet un entretien facile. <\/p>\n<p>Offrez le cadeau d&#039;un repos confortable avec l&#039;oreiller compens\u00e9 de lecture Bed Rest. Id\u00e9al pour vous-m\u00eame ou pour vos proches souffrant d&#039;inconfort lombaire ou cervical, il deviendra \u00e0 coup s\u00fbr un \u00e9l\u00e9ment appr\u00e9ci\u00e9 du moment de d\u00e9tente.<\/p>","protected":false},"excerpt":{"rendered":"<ul>\n<li><strong>Oreiller compens\u00e9 qualifi\u00e9\u00a0:<\/strong> Cet oreiller de coin de lit est rembourr\u00e9 de fibres de polyester de qualit\u00e9 sup\u00e9rieure pour fournir un soutien dorsal stable et vous faire sentir \u00e0 l&#039;aise lorsque vous lisez, vous reposez, regardez la t\u00e9l\u00e9vision sur votre lit ou votre canap\u00e9. Le tissu en lin de haute qualit\u00e9 est tr\u00e8s doux, durable et difficile \u00e0 d\u00e9former ou \u00e0 boulocher.<\/li>\n<li><strong>Oreiller compens\u00e9 r\u00e9glable\u00a0:<\/strong> Le coussin est livr\u00e9 avec un petit coussin de traversin. Il peut \u00eatre ajust\u00e9 selon vos besoins. Il aide \u00e0 garder le dos droit pour ne pas s&#039;affaisser. La housse de coussin de lecture est amovible et lavable. Il y a 2 petites poches sur le c\u00f4t\u00e9 pour ranger de petites pi\u00e8ces, telles qu&#039;un stylo, un t\u00e9l\u00e9phone portable, une t\u00e9l\u00e9commande de t\u00e9l\u00e9vision, etc.<\/li>\n<li><strong>Excellent soutien du dos\u00a0:<\/strong> Le grand oreiller de soutien est conforme \u00e0 la conception ergonomique, ce qui peut fournir un soutien dorsal scientifique et am\u00e9liorer la posture assise. Ce coussin pour canap\u00e9 offre un soutien confortable pour la taille, le dos et la nuque. Il peut \u00e9galement pr\u00e9venir et soulager les maladies lombaires et cervicales et soulager les maux de dos.<\/li>\n<li><strong>Large gamme d&#039;utilisations\u00a0:<\/strong> L&#039;oreiller compens\u00e9 peut fournir une vari\u00e9t\u00e9 d&#039;utilisations, ce qui est tr\u00e8s appropri\u00e9 pour une utilisation sur le lit, le canap\u00e9-lit, la chaise et le canap\u00e9. Cadeau parfait pour vous-m\u00eame, vos amis ou votre famille.<\/li>\n<li><strong>Facile \u00e0 nettoyer:<\/strong> Cet oreiller de soutien est dot\u00e9 d&#039;une fermeture \u00e0 glissi\u00e8re pour rendre la housse facilement amovible et lavable en machine.<\/li>\n<li><strong>Tissu:<\/strong>\u00a0M\u00e9lange de polyester et de lin.<\/li>\n<li><strong>Taille:<\/strong>\u00a060x50x22cm.<\/li>\n<\/ul>","protected":false},"featured_media":1287,"comment_status":"open","ping_status":"closed","template":"","meta":[],"product_brand":[],"product_cat":[29],"product_tag":[92,60,88,91,96,94,89,59,93,95,90],"class_list":{"0":"post-1298","1":"product","2":"type-product","3":"status-publish","4":"has-post-thumbnail","6":"product_cat-large-reading-pillow","7":"product_tag-adjustable-wedge-pillow","8":"product_tag-backrest-pillow","9":"product_tag-bed-rest-reading-wedge","10":"product_tag-comfortable-reading","11":"product_tag-cushions-for-sofa","12":"product_tag-excellent-back-support","13":"product_tag-qualified-wedge-pillow","14":"product_tag-reading-pillow","15":"product_tag-roll-bolster-pillow","16":"product_tag-scientific-back-support","17":"product_tag-stable-back-support","19":"first","20":"outofstock","21":"featured","22":"shipping-taxable","23":"purchasable","24":"product-type-simple"},"_links":{"self":[{"href":"https:\/\/www.largepillow.com\/fr\/wp-json\/wp\/v2\/product\/1298","targetHints":{"allow":["GET"]}}],"collection":[{"href":"https:\/\/www.largepillow.com\/fr\/wp-json\/wp\/v2\/product"}],"about":[{"href":"https:\/\/www.largepillow.com\/fr\/wp-json\/wp\/v2\/types\/product"}],"replies":[{"embeddable":true,"href":"https:\/\/www.largepillow.com\/fr\/wp-json\/wp\/v2\/comments?post=1298"}],"wp:featuredmedia":[{"embeddable":true,"href":"https:\/\/www.largepillow.com\/fr\/wp-json\/wp\/v2\/media\/1287"}],"wp:attachment":[{"href":"https:\/\/www.largepillow.com\/fr\/wp-json\/wp\/v2\/media?parent=1298"}],"wp:term":[{"taxonomy":"product_brand","embeddable":true,"href":"https:\/\/www.largepillow.com\/fr\/wp-json\/wp\/v2\/product_brand?post=1298"},{"taxonomy":"product_cat","embeddable":true,"href":"https:\/\/www.largepillow.com\/fr\/wp-json\/wp\/v2\/product_cat?post=1298"},{"taxonomy":"product_tag","embeddable":true,"href":"https:\/\/www.largepillow.com\/fr\/wp-json\/wp\/v2\/product_tag?post=1298"}],"curies":[{"name":"wp","href":"https:\/\/api.w.org\/{rel}","templated":true}]}}