{"id":1315,"date":"2022-09-19T06:01:52","date_gmt":"2022-09-19T06:01:52","guid":{"rendered":"https:\/\/www.largepillow.com\/product\/bed-wedge-pillows-for-reading"},"modified":"2025-09-13T10:51:53","modified_gmt":"2025-09-13T10:51:53","slug":"oreiller-pour-la-lecture","status":"publish","type":"product","link":"https:\/\/www.largepillow.com\/fr\/product\/lap-pillow-for-reading\/","title":{"rendered":"Oreiller pour la lecture"},"content":{"rendered":"<p>Pr\u00e9sentation du compagnon de lecture ultime\u00a0: l&#039;oreiller ergonomique pour les genoux<\/p>\n<p>\u00cates-vous un lecteur assidu et ressentez souvent un inconfort lorsque vous lisez au lit\u00a0? Pr\u00e9sentation de l&#039;oreiller innovant pour la lecture, con\u00e7u pour am\u00e9liorer votre exp\u00e9rience de lecture avec un confort et un soutien in\u00e9gal\u00e9s.<\/p>\n<p>Conception ergonomique pour une posture optimale<\/p>\n<p>Cet oreiller de conception ergonomique s&#039;adapte parfaitement \u00e0 votre corps, vous assurant de maintenir une posture de lecture id\u00e9ale. Dites adieu aux douleurs dans le bas et le haut du dos, aux probl\u00e8mes de cou et d&#039;\u00e9paules qui peuvent vous affliger d&#039;une mauvaise posture.<\/p>\n<p>Mat\u00e9riaux haut de gamme pour le confort et la durabilit\u00e9<\/p>\n<p>La housse de coussin est m\u00e9ticuleusement confectionn\u00e9e \u00e0 partir de tissu en toile de haute qualit\u00e9, connu pour sa durabilit\u00e9 et sa respirabilit\u00e9 exceptionnelles. Ses couleurs \u00e9clatantes, obtenues gr\u00e2ce \u00e0 une technologie d&#039;impression et de teinture r\u00e9active, resteront \u00e9clatantes pendant des ann\u00e9es. Le noyau int\u00e9rieur est rempli de fibres de polyester hautement \u00e9lastiques de premi\u00e8re qualit\u00e9, offrant un coussin doux mais de soutien qui ne s&#039;effondrera pas avec le temps.<\/p>\n<p>Multifonctionnel pour divers besoins<\/p>\n<p>Au-del\u00e0 de son support de lecture exceptionnel, cet oreiller polyvalent peut \u00e9galement soulager des probl\u00e8mes m\u00e9dicaux tels que le ronflement et le reflux acide. Il offre une surface confortable aux femmes enceintes pour maintenir une position de sommeil lat\u00e9rale, ou peut \u00eatre utilis\u00e9 comme oreiller lombaire pour r\u00e9duire la pression du dos. Sa polyvalence s&#039;\u00e9tend au-del\u00e0 de la chambre \u00e0 coucher, ce qui en fait un compagnon id\u00e9al pour les canap\u00e9s, les salles de jeux, les meubles de jardin et bien plus encore.<\/p>\n<p>Des imprim\u00e9s accrocheurs pour une touche de style<\/p>\n<p>Ajoutez une touche d&#039;\u00e9l\u00e9gance \u00e0 votre chambre avec les imprim\u00e9s exquis du coussin Lap Pillow. Choisissez parmi une \u00ab musique foresti\u00e8re \u00bb apaisante, un \u00ab vieux journal r\u00e9tro \u00bb, un \u00ab papillon bleu \u00bb charmant ou une \u00ab carte de chameaux \u00bb captivante. Il existe un design adapt\u00e9 \u00e0 chaque personnalit\u00e9 et \u00e0 chaque d\u00e9cor.<\/p>\n<p>Fonctionnalit\u00e9s pratiques pour une utilisation facile<\/p>\n<p>La housse de coussin peut \u00eatre retir\u00e9e et remplac\u00e9e sans effort gr\u00e2ce \u00e0 la fermeture \u00e9clair m\u00e9tallique invisible. Sa nature lavable en machine garantit que votre oreiller reste frais et hygi\u00e9nique. La poche lat\u00e9rale pratique offre un espace de rangement pratique pour votre t\u00e9l\u00e9phone, vos lunettes ou d&#039;autres petits objets.<\/p>\n<p>T\u00e9moignages de clients<\/p>\n<p>\u00ab\u00a0En tant que lecteur chevronn\u00e9, je n&#039;arrive pas \u00e0 croire que je suis rest\u00e9 si longtemps sans cet oreiller. C&#039;est comme un r\u00eave devenu r\u00e9alit\u00e9, offrant soutien et r\u00e9confort pendant des heures de lecture agr\u00e9able.<\/p>\n<p>\u00ab Le tissu en toile est agr\u00e9able sur ma peau et l&#039;imprim\u00e9 est tout simplement magnifique. Ce n&#039;est pas seulement fonctionnel, mais cela ajoute \u00e9galement une touche de style \u00e0 ma chambre.<\/p>\n<p>Dimensions: 60x20x50cm<\/p>\n<p>Investissez dans une meilleure exp\u00e9rience de lecture avec le Lap Pillow For Reading. Son design ergonomique, ses mat\u00e9riaux haut de gamme, sa nature multifonctionnelle et ses imprim\u00e9s saisissants transformeront votre temps de lecture en une affaire vraiment confortable et agr\u00e9able. Commandez le v\u00f4tre d\u00e8s aujourd&#039;hui et \u00e9levez votre exp\u00e9rience de lecture vers de nouveaux sommets\u00a0!<\/p>","protected":false},"excerpt":{"rendered":"<ul>\n<li><strong>Oreiller ergonomique :<\/strong>\u00a0Si vous et vos amis aimez lire au lit mais ressentez divers inconforts dus \u00e0 une mauvaise posture : douleurs dans le bas et le haut du dos, probl\u00e8mes de cou et d&#039;\u00e9paules, etc. Alors veuillez utiliser cet oreiller ergonomique pour vous aider \u00e0 lire avec une posture ergonomique. Ce coussin de lecture est non seulement doux et confortable, mais \u00e9galement suffisamment ferme pour offrir un rembourrage et un soutien.<\/li>\n<li><strong>Mat\u00e9riaux de haute qualit\u00e9 :<\/strong>\u00a0La housse de coussin compens\u00e9e est fabriqu\u00e9e en toile de haute qualit\u00e9, solide et durable, et a une tr\u00e8s bonne perm\u00e9abilit\u00e9 \u00e0 l&#039;air. il adopte une technologie d&#039;impression et de teinture r\u00e9active, qui ne se d\u00e9colore pas; le noyau interne est rempli de fibre de polyester hautement \u00e9lastique de haute qualit\u00e9, qui peut conserver une forme stable sans s&#039;effondrer.<\/li>\n<li><strong>Utilisation multifonctionnelle :<\/strong>\u00a0Cet oreiller de forme incurv\u00e9e peut maintenir certaines parties du corps sur\u00e9lev\u00e9es. Par cons\u00e9quent, il aide \u00e0 soulager certaines conditions m\u00e9dicales, telles que le ronflement ou le reflux acide. En outre, il peut \u00e9galement aider les femmes enceintes \u00e0 \u00e9viter de se retourner et \u00e0 maintenir une position de sommeil lat\u00e9rale ou \u00e0 l&#039;utiliser comme oreiller lombaire pour r\u00e9duire la pression lombaire. En plus d&#039;utiliser ce coussin de dossier sur le lit, il peut \u00e9galement \u00eatre utilis\u00e9 sur le canap\u00e9, sur le sol de l&#039;aire de jeux pour enfants, sur les meubles de jardin ext\u00e9rieurs.<\/li>\n<li><strong>Excellente conception d&#039;impression :<\/strong>\u00a0Cette s\u00e9rie de coussins de positionnement d\u00e9cor\u00e9s de couleurs vives ajoutera de l&#039;\u00e9clat \u00e0 votre chambre \u00e0 coucher. Style pastoral \u00ab musique foresti\u00e8re \u00bb, style r\u00e9tro \u00ab vieux journal \u00bb, style litt\u00e9raire \u00ab papillon bleu \u00bb, style r\u00e9aliste \u00ab carte chameau \u00bb, vous trouverez s\u00fbrement la couleur qui convient \u00e0 votre personnalit\u00e9. C&#039;est un bon oreiller de lecture pour les gar\u00e7ons et les filles ou les adultes. C&#039;est \u00e9galement un excellent cadeau pour les enfants qui aiment lire et rendra leur chambre plus fra\u00eeche.<\/li>\n<li><strong>Housse de coussin amovible :<\/strong>\u00a0La taie d&#039;oreiller, dot\u00e9e d&#039;une fermeture \u00e0 glissi\u00e8re m\u00e9tallique invisible, peut \u00eatre facilement retir\u00e9e et install\u00e9e sur l&#039;oreiller; il est facile \u00e0 nettoyer et adapt\u00e9 au lavage en machine ; la poche lat\u00e9rale pratique peut contenir \u00e0 tout moment de petits objets tels que des t\u00e9l\u00e9phones portables et des lunettes.<\/li>\n<li><strong>Taille:<\/strong>\u00a060x20x50cm.<\/li>\n<\/ul>","protected":false},"featured_media":1308,"comment_status":"open","ping_status":"closed","template":"","meta":[],"product_brand":[],"product_cat":[29],"product_tag":[60,81,86,78,85,79,80,59,65],"class_list":{"0":"post-1315","1":"product","2":"type-product","3":"status-publish","4":"has-post-thumbnail","6":"product_cat-large-reading-pillow","7":"product_tag-backrest-pillow","8":"product_tag-curved-shape-pillow","9":"product_tag-detachable-pillow-cover","10":"product_tag-ergonomic-pillow","11":"product_tag-lap-pillow-for-reading","12":"product_tag-lumbar-pillow","13":"product_tag-positioning-pillow","14":"product_tag-reading-pillow","15":"product_tag-wedge-pillow","17":"first","18":"instock","19":"featured","20":"shipping-taxable","21":"purchasable","22":"product-type-simple"},"_links":{"self":[{"href":"https:\/\/www.largepillow.com\/fr\/wp-json\/wp\/v2\/product\/1315","targetHints":{"allow":["GET"]}}],"collection":[{"href":"https:\/\/www.largepillow.com\/fr\/wp-json\/wp\/v2\/product"}],"about":[{"href":"https:\/\/www.largepillow.com\/fr\/wp-json\/wp\/v2\/types\/product"}],"replies":[{"embeddable":true,"href":"https:\/\/www.largepillow.com\/fr\/wp-json\/wp\/v2\/comments?post=1315"}],"wp:featuredmedia":[{"embeddable":true,"href":"https:\/\/www.largepillow.com\/fr\/wp-json\/wp\/v2\/media\/1308"}],"wp:attachment":[{"href":"https:\/\/www.largepillow.com\/fr\/wp-json\/wp\/v2\/media?parent=1315"}],"wp:term":[{"taxonomy":"product_brand","embeddable":true,"href":"https:\/\/www.largepillow.com\/fr\/wp-json\/wp\/v2\/product_brand?post=1315"},{"taxonomy":"product_cat","embeddable":true,"href":"https:\/\/www.largepillow.com\/fr\/wp-json\/wp\/v2\/product_cat?post=1315"},{"taxonomy":"product_tag","embeddable":true,"href":"https:\/\/www.largepillow.com\/fr\/wp-json\/wp\/v2\/product_tag?post=1315"}],"curies":[{"name":"wp","href":"https:\/\/api.w.org\/{rel}","templated":true}]}}