{"id":1347,"date":"2022-09-19T06:06:21","date_gmt":"2022-09-19T06:06:21","guid":{"rendered":"https:\/\/www.largepillow.com\/product\/bed-rest-reading-pillow"},"modified":"2025-11-26T14:31:14","modified_gmt":"2025-11-26T14:31:14","slug":"coussin-de-lit-de-lecture","status":"publish","type":"product","link":"https:\/\/www.largepillow.com\/fr\/product\/bed-rest-reading-pillow","title":{"rendered":"Oreiller de lecture de repos au lit"},"content":{"rendered":"<p>Trouvez l\u2019oreiller de lecture parfait pour vous pr\u00e9lasser au lit<\/p>\n<p>Si vous aimez lire, regarder la t\u00e9l\u00e9vision ou vous d\u00e9tendre au lit, il est essentiel d&#039;avoir le bon soutien pour votre dos et votre cou. Pr\u00e9sentation de l\u2019oreiller de lecture Bed Rest \u2013 l\u2019oreiller compens\u00e9 parfait pour s\u2019asseoir confortablement dans le lit. Avec son design extra haut et incurv\u00e9, cet oreiller offre un excellent soutien du dos et de la nuque, vous permettant de vous adonner \u00e0 vos activit\u00e9s pr\u00e9f\u00e9r\u00e9es dans un confort total.<\/p>\n<p>Fabriqu\u00e9 \u00e0 partir de coton doux 100% avec une housse imprim\u00e9e \u00e9l\u00e9gante, l&#039;oreiller de lecture Bed Rest se distingue par ses mat\u00e9riaux et sa construction de qualit\u00e9 sup\u00e9rieure. Avec une hauteur de 60 cm, il est plus grand qu&#039;un oreiller compens\u00e9 standard et \u00e9pouse parfaitement le haut de votre corps. Le dossier rembourr\u00e9 s\u2019adapte parfaitement pour fournir un amorti et un soutien aux bons endroits. <\/p>\n<p>Comme l\u2019a partag\u00e9 un client satisfait : \u00ab J\u2019adore ce coussin de lecture ! Cela rend la lecture au lit beaucoup plus confortable en soutenant mon dos et mon cou. Je peux me pr\u00e9lasser pendant des heures sans avoir mal.<\/p>\n<p>Gr\u00e2ce \u00e0 sa conception l\u00e9g\u00e8re et portable, vous pouvez utiliser cet oreiller polyvalent au lit, sur le canap\u00e9 ou m\u00eame l&#039;emporter en voyage. Il est \u00e9quip\u00e9 d&#039;une poche lat\u00e9rale pratique pour contenir votre t\u00e9l\u00e9phone, votre tablette ou la t\u00e9l\u00e9commande de votre t\u00e9l\u00e9viseur lors de son utilisation. <\/p>\n<p>Pour les longues journ\u00e9es o\u00f9 vous souhaitez simplement vous blottir confortablement avec un bon livre ou vous gaver de vos \u00e9missions pr\u00e9f\u00e9r\u00e9es, l&#039;oreiller de lecture Bed Rest est un compagnon id\u00e9al. Son design ergonomique vous permet de vous adonner pendant des heures sans g\u00eane. <\/p>\n<p>Alors pourquoi attendre ? Obtenez l&#039;oreiller de lecture et de relaxation parfait d\u00e8s aujourd&#039;hui\u00a0!<\/p>","protected":false},"excerpt":{"rendered":"<ul>\n<li>Parfait pour s&#039;asseoir dans le lit : notre oreiller de lecture confortable offre un excellent soutien du dos pour ceux qui aiment lire ou travailler au lit, regarder la t\u00e9l\u00e9vision ou se d\u00e9tendre. Il est parfait pour les t\u00eates de lit, les lits de repos et les canap\u00e9s, offrant un dossier confortable et de soutien.<\/li>\n<li>Design extra haut : notre oreiller de lecture a un design incurv\u00e9 unique qui offre un soutien suppl\u00e9mentaire \u00e0 votre dos et votre cou. Avec une hauteur de 60 cm, notre oreiller compens\u00e9 est plus grand que la plupart des oreillers compens\u00e9s traditionnels, offrant un soutien sup\u00e9rieur \u00e0 votre t\u00eate et au haut de votre corps.<\/li>\n<li>Mat\u00e9riaux de qualit\u00e9 sup\u00e9rieure : notre oreiller est rempli de coton 100% de haute qualit\u00e9, doux, offrant un bon soutien et durable. La housse en tissu imprim\u00e9 ajoute une touche de style \u00e0 votre chambre ou votre salon. L&#039;oreiller de lit \u00e0 dossier rembourr\u00e9 offre la quantit\u00e9 parfaite de soutien et de rembourrage pour votre dos et votre cou.<\/li>\n<li>Poche lat\u00e9rale pratique : notre oreiller de lecture compens\u00e9 est livr\u00e9 avec une poche lat\u00e9rale, offrant un endroit pratique pour ranger votre t\u00e9l\u00e9phone, votre tablette ou d&#039;autres petits objets pendant que vous vous d\u00e9tendez au lit.<\/li>\n<li>Polyvalent et portable : notre oreiller de lecture est l\u00e9ger et facile \u00e0 d\u00e9placer, ce qui le rend parfait pour une utilisation dans diff\u00e9rentes zones de votre maison. Vous pouvez l&#039;utiliser dans votre chambre, votre salon ou m\u00eame l&#039;emporter avec vous lorsque vous voyagez.<\/li>\n<li>Taille: 60*27*60 cm.<\/li>\n<\/ul>","protected":false},"featured_media":1341,"comment_status":"open","ping_status":"closed","template":"","meta":[],"product_brand":[],"product_cat":[29],"product_tag":[66,60,77,75,74,76,59],"class_list":{"0":"post-1347","1":"product","2":"type-product","3":"status-publish","4":"has-post-thumbnail","6":"product_cat-large-reading-pillow","7":"product_tag-back-support-pillow","8":"product_tag-backrest-pillow","9":"product_tag-bed-rest-pillow","10":"product_tag-daybed-pillow","11":"product_tag-living-room-pillow","12":"product_tag-neck-support-pillow","13":"product_tag-reading-pillow","15":"first","16":"instock","17":"featured","18":"shipping-taxable","19":"purchasable","20":"product-type-simple"},"_links":{"self":[{"href":"https:\/\/www.largepillow.com\/fr\/wp-json\/wp\/v2\/product\/1347","targetHints":{"allow":["GET"]}}],"collection":[{"href":"https:\/\/www.largepillow.com\/fr\/wp-json\/wp\/v2\/product"}],"about":[{"href":"https:\/\/www.largepillow.com\/fr\/wp-json\/wp\/v2\/types\/product"}],"replies":[{"embeddable":true,"href":"https:\/\/www.largepillow.com\/fr\/wp-json\/wp\/v2\/comments?post=1347"}],"wp:featuredmedia":[{"embeddable":true,"href":"https:\/\/www.largepillow.com\/fr\/wp-json\/wp\/v2\/media\/1341"}],"wp:attachment":[{"href":"https:\/\/www.largepillow.com\/fr\/wp-json\/wp\/v2\/media?parent=1347"}],"wp:term":[{"taxonomy":"product_brand","embeddable":true,"href":"https:\/\/www.largepillow.com\/fr\/wp-json\/wp\/v2\/product_brand?post=1347"},{"taxonomy":"product_cat","embeddable":true,"href":"https:\/\/www.largepillow.com\/fr\/wp-json\/wp\/v2\/product_cat?post=1347"},{"taxonomy":"product_tag","embeddable":true,"href":"https:\/\/www.largepillow.com\/fr\/wp-json\/wp\/v2\/product_tag?post=1347"}],"curies":[{"name":"wp","href":"https:\/\/api.w.org\/{rel}","templated":true}]}}