{"id":1354,"date":"2022-09-19T06:09:59","date_gmt":"2022-09-19T06:09:59","guid":{"rendered":"https:\/\/www.largepillow.com\/product\/bed-wedge-pillow"},"modified":"2024-10-03T16:31:26","modified_gmt":"2024-10-03T16:31:26","slug":"oreiller-coin-lit","status":"publish","type":"product","link":"https:\/\/www.largepillow.com\/fr\/product\/bed-wedge-pillow","title":{"rendered":"Oreiller de coin de lit"},"content":{"rendered":"<p>D\u00e9couvrez le confort ultime avec notre oreiller compens\u00e9 \u2013 votre compagnon id\u00e9al pour la d\u00e9tente.<\/p>\n<p>Dans le mode de vie tr\u00e9pidant d&#039;aujourd&#039;hui, trouver un moment pour se d\u00e9tendre et se relaxer est crucial. Que vous soyez un lecteur assidu, un cin\u00e9phile ou quelqu&#039;un qui appr\u00e9cie le confort de votre propre lit, notre oreiller compens\u00e9 est con\u00e7u pour am\u00e9liorer votre exp\u00e9rience de relaxation. Cet oreiller polyvalent n\u2019est pas seulement un accessoire ordinaire ; cela change la donne pour atteindre le confort personnel dans votre propre espace.<\/p>\n<p>Soutien in\u00e9gal\u00e9 pour s&#039;asseoir dans le lit<\/p>\n<p>Notre oreiller compens\u00e9 de lit est m\u00e9ticuleusement con\u00e7u pour fournir un soutien in\u00e9gal\u00e9 pendant que vous vous adonnez \u00e0 vos activit\u00e9s pr\u00e9f\u00e9r\u00e9es au lit. Qu&#039;il s&#039;agisse de lire, de travailler, de regarder la t\u00e9l\u00e9vision ou simplement de se d\u00e9tendre, cet oreiller vous soutient litt\u00e9ralement. Sa conception extra-haute, atteignant une hauteur impressionnante de 60 cm, offre un soutien sup\u00e9rieur \u00e0 votre t\u00eate et au haut de votre corps, ce qui le rend id\u00e9al pour une utilisation contre les t\u00eates de lit, les lits de repos et les canap\u00e9s.<\/p>\n<p>Qualit\u00e9 et style haut de gamme<\/p>\n<p>Fabriqu\u00e9 en coton 100% de haute qualit\u00e9, notre oreiller de lecture offre non seulement un bon soutien, mais \u00e9galement une durabilit\u00e9 et une douceur au toucher. La housse en tissu imprim\u00e9 ajoute une touche \u00e9l\u00e9gante \u00e0 n&#039;importe quelle chambre ou salon, se fondant parfaitement avec votre d\u00e9coration d&#039;int\u00e9rieur tout en offrant le confort que vous d\u00e9sirez. Le design incurv\u00e9 soutient non seulement votre dos et votre cou, mais am\u00e9liore \u00e9galement l&#039;attrait esth\u00e9tique de l&#039;oreiller.<\/p>\n<p>La commodit\u00e9 \u00e0 port\u00e9e de main<\/p>\n<p>Comprenant l&#039;importance de la commodit\u00e9 dans le monde d&#039;aujourd&#039;hui, notre oreiller de lecture compens\u00e9 dispose d&#039;une poche lat\u00e9rale pratique. Cet ajout bien pens\u00e9 offre un endroit parfait pour ranger votre t\u00e9l\u00e9phone, votre tablette ou tout autre petit objet, en vous assurant qu&#039;ils sont \u00e0 port\u00e9e de main pendant que vous vous d\u00e9tendez. Ce sont les petites choses qui font une grande diff\u00e9rence, et cette poche lat\u00e9rale en est la preuve.<\/p>\n<p>Polyvalence et portabilit\u00e9<\/p>\n<p>L&#039;une des caract\u00e9ristiques remarquables de notre oreiller de lecture est sa conception l\u00e9g\u00e8re et portable. Cette polyvalence vous permet de le d\u00e9placer sans effort dans votre maison, vous garantissant ainsi le soutien dont vous avez besoin, partout o\u00f9 vous en avez besoin. Qu&#039;il s&#039;agisse de passer de votre chambre au salon ou de l&#039;emporter avec vous en voyage, notre oreiller est con\u00e7u pour \u00eatre facile \u00e0 utiliser et portable.<\/p>\n<p>La satisfaction du client en dit long<\/p>\n<p>Notre oreiller compens\u00e9 a attir\u00e9 l&#039;attention pour toutes les bonnes raisons. De son design d&#039;oreiller de soutien triangulaire \u00e0 la commodit\u00e9 suppl\u00e9mentaire d&#039;un motif en tissu semblable \u00e0 une carte, nos clients ont partag\u00e9 leur satisfaction. Voici quelques points saillants des commentaires sur les produits qui en disent long sur notre produit\u00a0:<\/p>\n<p>\u2013 \u00ab La hauteur suppl\u00e9mentaire change la donne pour mes s\u00e9ances de lecture avant de me coucher. \u00bb<br \/>\n\u2013 \u00ab Je n\u2019ai jamais su que j\u2019en avais besoin jusqu\u2019\u00e0 ce que je l\u2019obtienne. C&#039;est d\u00e9sormais mon oreiller pr\u00e9f\u00e9r\u00e9 pour regarder la t\u00e9l\u00e9vision.<br \/>\n\u2013 \u00ab La poche lat\u00e9rale est incroyablement pratique pour mon t\u00e9l\u00e9phone. Aimer!&quot;<br \/>\n\u2013 \u00ab La qualit\u00e9 et le confort rencontrent le style. Ce n&#039;est pas seulement un oreiller ; c&#039;est une pi\u00e8ce de d\u00e9coration.<\/p>\n<p>Profitez du confort et du soutien ultimes avec notre oreiller compens\u00e9, con\u00e7u pour votre d\u00e9tente. Ses mat\u00e9riaux haut de gamme, ses fonctionnalit\u00e9s pratiques et sa conception polyvalente en font un incontournable pour tous ceux qui cherchent \u00e0 am\u00e9liorer leur exp\u00e9rience de relaxation. Rejoignez la myriade de clients satisfaits et d\u00e9couvrez un nouveau niveau de confort et de commodit\u00e9 dans votre maison.<\/p>","protected":false},"excerpt":{"rendered":"<ul>\n<li>Parfait pour s&#039;asseoir dans le lit : notre oreiller de lecture confortable offre un excellent soutien du dos pour ceux qui aiment lire ou travailler au lit, regarder la t\u00e9l\u00e9vision ou se d\u00e9tendre. Il est parfait pour les t\u00eates de lit, les lits de repos et les canap\u00e9s, offrant un dossier confortable et de soutien.<\/li>\n<li>Design extra haut : notre oreiller de lecture a un design incurv\u00e9 unique qui offre un soutien suppl\u00e9mentaire \u00e0 votre dos et votre cou. Avec une hauteur de 60 cm, notre oreiller compens\u00e9 est plus grand que la plupart des oreillers compens\u00e9s traditionnels, offrant un soutien sup\u00e9rieur \u00e0 votre t\u00eate et au haut de votre corps.<\/li>\n<li>Mat\u00e9riaux de qualit\u00e9 sup\u00e9rieure : notre oreiller est rempli de coton 100% de haute qualit\u00e9, doux, offrant un bon soutien et durable. La housse en tissu imprim\u00e9 ajoute une touche de style \u00e0 votre chambre ou votre salon. L&#039;oreiller de lit \u00e0 dossier rembourr\u00e9 offre la quantit\u00e9 parfaite de soutien et de rembourrage pour votre dos et votre cou.<\/li>\n<li>Poche lat\u00e9rale pratique : notre oreiller de lecture compens\u00e9 est livr\u00e9 avec une poche lat\u00e9rale, offrant un endroit pratique pour ranger votre t\u00e9l\u00e9phone, votre tablette ou d&#039;autres petits objets pendant que vous vous d\u00e9tendez au lit.<\/li>\n<li>Polyvalent et portable : notre oreiller de lecture est l\u00e9ger et facile \u00e0 d\u00e9placer, ce qui le rend parfait pour une utilisation dans diff\u00e9rentes zones de votre maison. Vous pouvez l&#039;utiliser dans votre chambre, votre salon ou m\u00eame l&#039;emporter avec vous lorsque vous voyagez.<\/li>\n<li>Taille: 60*27*60 cm.<\/li>\n<\/ul>","protected":false},"featured_media":1348,"comment_status":"open","ping_status":"closed","template":"","meta":[],"product_brand":[],"product_cat":[29],"product_tag":[66,60,70,73,74,59,72,71],"class_list":{"0":"post-1354","1":"product","2":"type-product","3":"status-publish","4":"has-post-thumbnail","6":"product_cat-large-reading-pillow","7":"product_tag-back-support-pillow","8":"product_tag-backrest-pillow","9":"product_tag-bed-wedge-pillow","10":"product_tag-bedroom-pillow","11":"product_tag-living-room-pillow","12":"product_tag-reading-pillow","13":"product_tag-travel-pillow","14":"product_tag-tv-pillow","16":"first","17":"instock","18":"featured","19":"shipping-taxable","20":"purchasable","21":"product-type-simple"},"_links":{"self":[{"href":"https:\/\/www.largepillow.com\/fr\/wp-json\/wp\/v2\/product\/1354","targetHints":{"allow":["GET"]}}],"collection":[{"href":"https:\/\/www.largepillow.com\/fr\/wp-json\/wp\/v2\/product"}],"about":[{"href":"https:\/\/www.largepillow.com\/fr\/wp-json\/wp\/v2\/types\/product"}],"replies":[{"embeddable":true,"href":"https:\/\/www.largepillow.com\/fr\/wp-json\/wp\/v2\/comments?post=1354"}],"wp:featuredmedia":[{"embeddable":true,"href":"https:\/\/www.largepillow.com\/fr\/wp-json\/wp\/v2\/media\/1348"}],"wp:attachment":[{"href":"https:\/\/www.largepillow.com\/fr\/wp-json\/wp\/v2\/media?parent=1354"}],"wp:term":[{"taxonomy":"product_brand","embeddable":true,"href":"https:\/\/www.largepillow.com\/fr\/wp-json\/wp\/v2\/product_brand?post=1354"},{"taxonomy":"product_cat","embeddable":true,"href":"https:\/\/www.largepillow.com\/fr\/wp-json\/wp\/v2\/product_cat?post=1354"},{"taxonomy":"product_tag","embeddable":true,"href":"https:\/\/www.largepillow.com\/fr\/wp-json\/wp\/v2\/product_tag?post=1354"}],"curies":[{"name":"wp","href":"https:\/\/api.w.org\/{rel}","templated":true}]}}