{"id":1373,"date":"2022-09-19T06:10:23","date_gmt":"2022-09-19T06:10:23","guid":{"rendered":"https:\/\/www.largepillow.com\/product\/triangle-pillow-wedge"},"modified":"2025-06-01T22:09:34","modified_gmt":"2025-06-01T22:09:34","slug":"coussin-de-lecture-triangle","status":"publish","type":"product","link":"https:\/\/www.largepillow.com\/fr\/product\/triangle-reading-pillow\/","title":{"rendered":"Oreiller de lecture triangle"},"content":{"rendered":"<p>\u00cates-vous \u00e0 la recherche du compagnon de relaxation ultime qui promet confort, soutien et polyvalence ? Ne cherchez pas plus loin que l&#039;oreiller de lecture Triangle, un accessoire m\u00e9ticuleusement con\u00e7u pour am\u00e9liorer votre exp\u00e9rience de d\u00e9tente et de relaxation. Que vous soyez un lecteur assidu, un cin\u00e9phile ou quelqu&#039;un qui aime se d\u00e9tendre au lit ou sur le canap\u00e9, cet oreiller de lecture change la donne. Voyons ce qui fait du coussin de lecture triangulaire un incontournable dans chaque maison.<\/p>\n<p>Un confort in\u00e9gal\u00e9 pour les activit\u00e9s de loisirs<\/p>\n<p>Avant tout, l\u2019oreiller de lecture triangulaire est con\u00e7u pour ceux qui aiment s\u2019asseoir dans leur lit. Ce n&#039;est pas seulement un oreiller ; c&#039;est un syst\u00e8me de soutien du dos qui fait de la lecture, du travail ou de la t\u00e9l\u00e9vision au lit une exp\u00e9rience agr\u00e9able. Sa compatibilit\u00e9 avec les t\u00eates de lit, les lits de repos et les canap\u00e9s transforme n&#039;importe quel espace en un coin douillet.<\/p>\n<p>Support \u00e9lev\u00e9 avec une conception extra-haute<\/p>\n<p>Ce qui distingue ce coussin de lecture, c&#039;est son design unique incurv\u00e9 et extra-haut, mesurant 60 cm. Cette fonctionnalit\u00e9 n\u2019est pas seulement esth\u00e9tique ; il offre un soutien in\u00e9gal\u00e9 pour votre dos et votre cou, augmentant votre niveau de confort tout en vous assurant de maintenir une posture saine.<\/p>\n<p>Fabriqu\u00e9 avec des mat\u00e9riaux haut de gamme<\/p>\n<p>Le confort rencontre la durabilit\u00e9 avec l&#039;oreiller de lecture Triangle, rempli de coton 100% de premi\u00e8re qualit\u00e9 pour une exp\u00e9rience douce, de soutien et durable. Sa housse en tissu imprim\u00e9 est non seulement \u00e9l\u00e9gante mais ajoute \u00e9galement une touche d&#039;\u00e9l\u00e9gance \u00e0 n&#039;importe quelle pi\u00e8ce. Cette construction de haute qualit\u00e9 garantit que l&#039;oreiller reste un \u00e9l\u00e9ment essentiel de votre routine de relaxation pour les ann\u00e9es \u00e0 venir.<\/p>\n<p>La commodit\u00e9 \u00e0 port\u00e9e de main<\/p>\n<p>Oubliez de chercher votre t\u00e9l\u00e9phone ou votre tablette pour d\u00e9couvrir qu&#039;ils sont hors de port\u00e9e. L&#039;oreiller de lecture triangulaire est dot\u00e9 d&#039;une poche lat\u00e9rale pratique, ce qui permet de garder vos essentiels \u00e0 port\u00e9e de main pendant que vous profitez de votre temps de d\u00e9tente.<\/p>\n<p>Polyvalence et portabilit\u00e9<\/p>\n<p>La portabilit\u00e9 et la polyvalence sont essentielles avec cet oreiller de lecture l\u00e9ger et facile \u00e0 d\u00e9placer. Que vous soyez dans votre chambre, votre salon ou m\u00eame en voyage, cet oreiller vous garantit le soutien dont vous avez besoin, quand et o\u00f9 vous en avez besoin.<\/p>\n<p>Taille parfaite pour un confort ultime<\/p>\n<p>Avec des dimensions de 60*27*60 cm, l&#039;oreiller de lecture triangulaire est parfaitement dimensionn\u00e9 pour offrir le bon \u00e9quilibre entre confort et soutien, ce qui en fait un choix id\u00e9al pour les utilisateurs de tous \u00e2ges.<\/p>\n<p>Les avis clients mettent en \u00e9vidence la satisfaction<\/p>\n<p>Les clients sont ravis de l&#039;oreiller de lecture Triangle, avec des commentaires soulignant son soutien exceptionnel pour les activit\u00e9s de d\u00e9tente et de lecture. Un utilisateur a mentionn\u00e9 : \u00ab Depuis que j\u2019ai re\u00e7u mon oreiller de lecture Triangle, lire au lit est devenu une exp\u00e9rience totalement diff\u00e9rente. Le support est fantastique et j\u2019adore la commodit\u00e9 de la poche lat\u00e9rale. Un autre a d\u00e9clar\u00e9 : \u00ab Cet oreiller a transform\u00e9 mes s\u00e9ances de t\u00e9l\u00e9vision. Ce n&#039;est pas seulement confortable ; cela a \u00e9galement rendu mon salon plus accueillant.<\/p>\n<p>L&#039;oreiller de lecture triangulaire est plus qu&#039;un simple oreiller ; c&#039;est un investissement dans votre confort et votre bien-\u00eatre. Avec son design sup\u00e9rieur, ses mat\u00e9riaux haut de gamme et ses fonctionnalit\u00e9s appr\u00e9ci\u00e9es par les clients, il s&#039;impose comme un accessoire essentiel pour tous ceux qui aiment passer du temps au lit ou se pr\u00e9lasser confortablement. Int\u00e9grez l&#039;oreiller de lecture triangulaire \u00e0 votre routine de relaxation quotidienne et profitez du soutien et de la commodit\u00e9 in\u00e9gal\u00e9s qu&#039;il apporte dans votre maison.<\/p>","protected":false},"excerpt":{"rendered":"<ul>\n<li>Parfait pour s&#039;asseoir dans le lit : notre oreiller de lecture confortable offre un excellent soutien du dos pour ceux qui aiment lire ou travailler au lit, regarder la t\u00e9l\u00e9vision ou se d\u00e9tendre. Il est parfait pour les t\u00eates de lit, les lits de repos et les canap\u00e9s, offrant un dossier confortable et de soutien.<\/li>\n<li>Design extra haut : notre oreiller de lecture a un design incurv\u00e9 unique qui offre un soutien suppl\u00e9mentaire \u00e0 votre dos et votre cou. Avec une hauteur de 60 cm, notre oreiller compens\u00e9 est plus grand que la plupart des oreillers compens\u00e9s traditionnels, offrant un soutien sup\u00e9rieur \u00e0 votre t\u00eate et au haut de votre corps.<\/li>\n<li>Mat\u00e9riaux de qualit\u00e9 sup\u00e9rieure : notre oreiller est rempli de coton 100% de haute qualit\u00e9, doux, offrant un bon soutien et durable. La housse en tissu imprim\u00e9 ajoute une touche de style \u00e0 votre chambre ou votre salon. L&#039;oreiller de lit \u00e0 dossier rembourr\u00e9 offre la quantit\u00e9 parfaite de soutien et de rembourrage pour votre dos et votre cou.<\/li>\n<li>Poche lat\u00e9rale pratique : notre oreiller de lecture compens\u00e9 est livr\u00e9 avec une poche lat\u00e9rale, offrant un endroit pratique pour ranger votre t\u00e9l\u00e9phone, votre tablette ou d&#039;autres petits objets pendant que vous vous d\u00e9tendez au lit.<\/li>\n<li>Polyvalent et portable : notre oreiller de lecture est l\u00e9ger et facile \u00e0 d\u00e9placer, ce qui le rend parfait pour une utilisation dans diff\u00e9rentes zones de votre maison. Vous pouvez l&#039;utiliser dans votre chambre, votre salon ou m\u00eame l&#039;emporter avec vous lorsque vous voyagez.<\/li>\n<li>Taille: 60*27*60 cm.<\/li>\n<\/ul>","protected":false},"featured_media":1367,"comment_status":"open","ping_status":"closed","template":"","meta":[],"product_brand":[],"product_cat":[29],"product_tag":[66,60,59,64,65],"class_list":{"0":"post-1373","1":"product","2":"type-product","3":"status-publish","4":"has-post-thumbnail","6":"product_cat-large-reading-pillow","7":"product_tag-back-support-pillow","8":"product_tag-backrest-pillow","9":"product_tag-reading-pillow","10":"product_tag-triangle-reading-pillow","11":"product_tag-wedge-pillow","13":"first","14":"instock","15":"featured","16":"shipping-taxable","17":"purchasable","18":"product-type-simple"},"_links":{"self":[{"href":"https:\/\/www.largepillow.com\/fr\/wp-json\/wp\/v2\/product\/1373","targetHints":{"allow":["GET"]}}],"collection":[{"href":"https:\/\/www.largepillow.com\/fr\/wp-json\/wp\/v2\/product"}],"about":[{"href":"https:\/\/www.largepillow.com\/fr\/wp-json\/wp\/v2\/types\/product"}],"replies":[{"embeddable":true,"href":"https:\/\/www.largepillow.com\/fr\/wp-json\/wp\/v2\/comments?post=1373"}],"wp:featuredmedia":[{"embeddable":true,"href":"https:\/\/www.largepillow.com\/fr\/wp-json\/wp\/v2\/media\/1367"}],"wp:attachment":[{"href":"https:\/\/www.largepillow.com\/fr\/wp-json\/wp\/v2\/media?parent=1373"}],"wp:term":[{"taxonomy":"product_brand","embeddable":true,"href":"https:\/\/www.largepillow.com\/fr\/wp-json\/wp\/v2\/product_brand?post=1373"},{"taxonomy":"product_cat","embeddable":true,"href":"https:\/\/www.largepillow.com\/fr\/wp-json\/wp\/v2\/product_cat?post=1373"},{"taxonomy":"product_tag","embeddable":true,"href":"https:\/\/www.largepillow.com\/fr\/wp-json\/wp\/v2\/product_tag?post=1373"}],"curies":[{"name":"wp","href":"https:\/\/api.w.org\/{rel}","templated":true}]}}