{"id":1403,"date":"2022-09-20T02:44:16","date_gmt":"2022-09-20T02:44:16","guid":{"rendered":"https:\/\/www.largepillow.com\/product\/huge-rock-pillows-pebble-pillows-living-pillows-living-stones-pillows-pre-filled-christmas-present-max-size-dark-gray-9002"},"modified":"2025-01-15T14:54:41","modified_gmt":"2025-01-15T14:54:41","slug":"rock-oreillers","status":"publish","type":"product","link":"https:\/\/www.largepillow.com\/fr\/product\/rock-pillows","title":{"rendered":"Oreillers de roche"},"content":{"rendered":"[zc_getpagecontent mb=&#8221;mb_aplus&#8221; apid=&#8221;21&#8243;]\n","protected":false},"excerpt":{"rendered":"<ul>\n<li><strong>Coussin d&#039;ext\u00e9rieur 3D similaire\u00a0:<\/strong> \u00c0 premi\u00e8re vue, vous ne penserez jamais qu&#039;il ne s&#039;agit que d&#039;un oreiller d\u00e9co. Gr\u00e2ce \u00e0 un design ing\u00e9nieux, nous combinons parfaitement l&#039;oreiller douillet et la \u00ab pierre \u00bb. La forme elliptique et la courbe mince les font ressembler \u00e0 de vraies pierres. M\u00e9langer et assortir les couleurs sombres et claires peut ajouter de riches changements visuels \u00e0 votre pi\u00e8ce et la rendre amusante. Ces oreillers d\u00e9co vifs font de notre maison un endroit int\u00e9ressant.<\/li>\n<li><strong>Coussins d\u00e9coratifs pour diff\u00e9rentes occasions :<\/strong> Nos oreillers peuvent servir de d\u00e9coration pour r\u00e9pondre \u00e0 vos diff\u00e9rents besoins \u00e0 plusieurs reprises. Mettez-le \u00e0 l&#039;int\u00e9rieur pour donner \u00e0 la pi\u00e8ce une saveur naturelle. Mettez-le \u00e0 l&#039;ext\u00e9rieur dans le jardin, le patio, la piscine, etc. Vous pouvez revenir \u00e0 la v\u00e9ritable int\u00e9gration parfaite et vous sentir \u00e0 l&#039;aise. Utilis\u00e9 pour d\u00e9corer la chambre des enfants, peut cr\u00e9er un parc de jeux.<\/li>\n<li><strong>Oreillers cr\u00e9atifs polyvalents :<\/strong> Nos coussins c\u00e2lins peuvent non seulement \u00eatre utilis\u00e9s comme coussins d\u00e9coratifs dans n&#039;importe quel coin des coussins int\u00e9rieurs\/ext\u00e9rieurs pour l&#039;ext\u00e9rieur, mais peuvent \u00e9galement \u00eatre utilis\u00e9s comme jouets pour enfants, afin que les enfants puissent jouer comme coussins c\u00e2lins \u00e0 volont\u00e9 et leurs sentiments dans le jeu. Les grands coussins de canap\u00e9 peuvent \u00e9galement \u00eatre utilis\u00e9s comme si\u00e8ges cr\u00e9atifs et les petits coussins de canap\u00e9. Les coussins d\u00e9co de diff\u00e9rentes formes sont \u00e9galement un bon choix pour les accessoires photo.<\/li>\n<li><strong>Oreiller en pierre de simulation de haute qualit\u00e9 :<\/strong> Tissus de velours courts super doux s\u00e9lectionn\u00e9s, doux et confortables. Les oreillers d\u00e9co avec rembourrage (remplissage en polyester), qui est moelleux et doux et a une bonne \u00e9lasticit\u00e9. La conception \u00e0 glissi\u00e8re invisible rend \u00e9galement la taie d&#039;oreiller facile \u00e0 d\u00e9monter. Avec la technologie d&#039;impression et de teinture r\u00e9actives, de la s\u00e9lection des mat\u00e9riaux \u00e0 la fixation des couleurs, du d\u00e9sencollage, de la mise en forme au produit fini, chaque \u00e9tape est strictement mise en \u0153uvre.<\/li>\n<li><strong>Emballage et taille :<\/strong> chaque paquet contient 1 ensemble de 6 tailles diff\u00e9rentes d&#039;oreillers d&#039;ext\u00e9rieur, qui sont con\u00e7us dans des formes ovales irr\u00e9guli\u00e8res pour ressembler davantage \u00e0 des pierres. Les tailles sont : 100\u00d750 \/ 50\u00d735 \/ 50\u00d725 \/ 35\u00d723 \/ 30\u00d715 \/ 18x10cm.<\/li>\n<\/ul>","protected":false},"featured_media":1391,"comment_status":"open","ping_status":"closed","template":"","meta":[],"product_brand":[],"product_cat":[30],"product_tag":[58,57,53,56,52,54,51,55,50],"class_list":{"0":"post-1403","1":"product","2":"type-product","3":"status-publish","4":"has-post-thumbnail","6":"product_cat-large-rock-pillow","7":"product_tag-floor-cushion","8":"product_tag-floor-pillow","9":"product_tag-livingstones","10":"product_tag-pebble-cushion","11":"product_tag-pebble-pillow","12":"product_tag-rock-cushion","13":"product_tag-rock-pillow","14":"product_tag-stone-cushion","15":"product_tag-stone-pillow","17":"first","18":"instock","19":"featured","20":"shipping-taxable","21":"purchasable","22":"product-type-variable","23":"has-default-attributes"},"_links":{"self":[{"href":"https:\/\/www.largepillow.com\/fr\/wp-json\/wp\/v2\/product\/1403","targetHints":{"allow":["GET"]}}],"collection":[{"href":"https:\/\/www.largepillow.com\/fr\/wp-json\/wp\/v2\/product"}],"about":[{"href":"https:\/\/www.largepillow.com\/fr\/wp-json\/wp\/v2\/types\/product"}],"replies":[{"embeddable":true,"href":"https:\/\/www.largepillow.com\/fr\/wp-json\/wp\/v2\/comments?post=1403"}],"wp:featuredmedia":[{"embeddable":true,"href":"https:\/\/www.largepillow.com\/fr\/wp-json\/wp\/v2\/media\/1391"}],"wp:attachment":[{"href":"https:\/\/www.largepillow.com\/fr\/wp-json\/wp\/v2\/media?parent=1403"}],"wp:term":[{"taxonomy":"product_brand","embeddable":true,"href":"https:\/\/www.largepillow.com\/fr\/wp-json\/wp\/v2\/product_brand?post=1403"},{"taxonomy":"product_cat","embeddable":true,"href":"https:\/\/www.largepillow.com\/fr\/wp-json\/wp\/v2\/product_cat?post=1403"},{"taxonomy":"product_tag","embeddable":true,"href":"https:\/\/www.largepillow.com\/fr\/wp-json\/wp\/v2\/product_tag?post=1403"}],"curies":[{"name":"wp","href":"https:\/\/api.w.org\/{rel}","templated":true}]}}