{"id":15372,"date":"2025-11-08T12:38:12","date_gmt":"2025-11-08T12:38:12","guid":{"rendered":"https:\/\/www.largepillow.com\/product\/ergonomic-reading-pillow-with-arm-rest-for-back-neck-shoulder-support"},"modified":"2025-11-09T08:50:23","modified_gmt":"2025-11-09T08:50:23","slug":"oreiller-de-lecture-ergonomique-avec-repose-bras-pour-un-soutien-optimal-du-dos-de-la-nuque-et-des-epaules","status":"publish","type":"product","link":"https:\/\/www.largepillow.com\/fr\/product\/ergonomic-reading-pillow-with-arm-rest-for-back-neck-shoulder-support","title":{"rendered":"Oreiller de lecture ergonomique avec repose-bras pour un soutien optimal du dos, de la nuque et des \u00e9paules"},"content":{"rendered":"[zc_getpagecontent mb=&#8221;mb_aplus&#8221; apid=&#8221;148&#8243;]\n","protected":false},"excerpt":{"rendered":"<ul>\n<li>Version avanc\u00e9e en forme de H\u00a0: L\u2019oreiller en forme de H pour dormir sur le c\u00f4t\u00e9 est plus l\u00e9ger et plus flexible que celui en forme de U, tout en conservant ses principaux avantages. Il r\u00e9sout le probl\u00e8me de respiration des oreillers en forme de U, qui ne sont pas r\u00e9glables, et de plus, il pr\u00e9sente moins de limitations de hauteur, convenant \u00e0 tous les utilisateurs, quelle que soit leur taille ou leur morphologie.<\/li>\n<li>Syst\u00e8me d&#039;oreiller 3 en 1 pour dormeurs lat\u00e9raux\u00a0: Il combine une base de soutien en forme de coin, un oreiller en forme de H et un oreiller flexible. L&#039;oreiller en forme de coin sur\u00e9l\u00e8ve le haut du dos pour lutter contre les reflux acides, l&#039;oreiller en forme de H assure un soutien stable tout au long de la nuit, soulageant les douleurs aux \u00e9paules, au cou et au dos. Le syst\u00e8me 3 en 1 permet d&#039;ajuster efficacement la posture de l&#039;ensemble du corps et d&#039;optimiser votre cycle de sommeil.<\/li>\n<li>Oreiller de lit ultra-confortable\u00a0: offre un \u00e9quilibre parfait entre ergonomie et confort personnalis\u00e9, un soutien adapt\u00e9 aux personnes dormant sur le dos, le c\u00f4t\u00e9, les \u00e9paules et le ventre, pour vous aider \u00e0 obtenir la nuit de sommeil paisible que vous m\u00e9ritez.<\/li>\n<li>Housse lavable en machine : Le produit est dot\u00e9 d&#039;une housse amovible et lavable, facile \u00e0 retirer, permettant d&#039;\u00e9liminer facilement la poussi\u00e8re et les taches et de garder le produit propre.<\/li>\n<\/ul>","protected":false},"featured_media":15392,"comment_status":"open","ping_status":"closed","template":"","meta":[],"product_brand":[],"product_cat":[228],"product_tag":[],"class_list":{"0":"post-15372","1":"product","2":"type-product","3":"status-publish","4":"has-post-thumbnail","6":"product_cat-cushions","8":"first","9":"instock","10":"sold-individually","11":"shipping-taxable","12":"purchasable","13":"product-type-variable","14":"has-default-attributes"},"_links":{"self":[{"href":"https:\/\/www.largepillow.com\/fr\/wp-json\/wp\/v2\/product\/15372","targetHints":{"allow":["GET"]}}],"collection":[{"href":"https:\/\/www.largepillow.com\/fr\/wp-json\/wp\/v2\/product"}],"about":[{"href":"https:\/\/www.largepillow.com\/fr\/wp-json\/wp\/v2\/types\/product"}],"replies":[{"embeddable":true,"href":"https:\/\/www.largepillow.com\/fr\/wp-json\/wp\/v2\/comments?post=15372"}],"wp:featuredmedia":[{"embeddable":true,"href":"https:\/\/www.largepillow.com\/fr\/wp-json\/wp\/v2\/media\/15392"}],"wp:attachment":[{"href":"https:\/\/www.largepillow.com\/fr\/wp-json\/wp\/v2\/media?parent=15372"}],"wp:term":[{"taxonomy":"product_brand","embeddable":true,"href":"https:\/\/www.largepillow.com\/fr\/wp-json\/wp\/v2\/product_brand?post=15372"},{"taxonomy":"product_cat","embeddable":true,"href":"https:\/\/www.largepillow.com\/fr\/wp-json\/wp\/v2\/product_cat?post=15372"},{"taxonomy":"product_tag","embeddable":true,"href":"https:\/\/www.largepillow.com\/fr\/wp-json\/wp\/v2\/product_tag?post=15372"}],"curies":[{"name":"wp","href":"https:\/\/api.w.org\/{rel}","templated":true}]}}