{"id":15430,"date":"2025-11-08T13:48:08","date_gmt":"2025-11-08T13:48:08","guid":{"rendered":"https:\/\/www.largepillow.com\/product\/velvet-chaise-lounge-with-ottoman-upholstered-indoor-sofa-chair-vintage"},"modified":"2026-03-12T02:42:19","modified_gmt":"2026-03-12T02:42:19","slug":"chaise-longue-en-velours-avec-repose-pieds-canape-dinterieur-vintage","status":"publish","type":"product","link":"https:\/\/www.largepillow.com\/fr\/product\/velvet-chaise-lounge-with-ottoman-upholstered-indoor-sofa-chair-vintage","title":{"rendered":"Chaise longue en velours avec repose-pieds, fauteuil canap\u00e9 d&#039;int\u00e9rieur vintage rembourr\u00e9"},"content":{"rendered":"[zc_getpagecontent mb=&#8221;mb_aplus&#8221; apid=&#8221;151&#8243;]\n","protected":false},"excerpt":{"rendered":"<ul>\n<li>\u00c9l\u00e9gance \u00e9pur\u00e9e\u00a0: cette m\u00e9ridienne d\u2019int\u00e9rieur arbore un design \u00e0 la fois simple et \u00e9l\u00e9gant, alliant \u00e0 la perfection sophistication moderne et style classique intemporel. Son dossier aux lignes \u00e9pur\u00e9es, rehauss\u00e9 de d\u00e9licates franges tombant de l\u2019assise, apporte une touche d\u2019originalit\u00e9 \u00e0 tout int\u00e9rieur.<\/li>\n<li>Confort luxueux\u00a0: Ce fauteuil d\u2019int\u00e9rieur est rev\u00eatu de velours hollandais, offrant une texture plus luxueuse que le velours traditionnel, et un toucher doux et agr\u00e9able. Son coussin est garni de coton PP de haute qualit\u00e9, assurant un confort durable, que vous lisiez, discutiez ou vous d\u00e9tendiez simplement.<\/li>\n<li>Confortable et durable\u00a0: l\u2019int\u00e9rieur de cette m\u00e9ridienne sans dossier est enti\u00e8rement garni de mousse haute densit\u00e9, ce qui emp\u00eache efficacement l\u2019affaissement excessif et assure sa durabilit\u00e9. Le dessous antid\u00e9rapant prot\u00e8ge le sol et r\u00e9duit le bruit.<\/li>\n<li>Pratique et convertible\u00a0: Dimensions totales\u00a0: 130\u00a0cm (P) x 60\u00a0cm (l) x 80\u00a0cm (H), Dimensions du pouf\u00a0: 60\u00a0cm (L) x 40\u00a0cm (l) x 35\u00a0cm (H). D\u00e9placez le pouf pour passer facilement de la position assise \u00e0 la position couch\u00e9e. Que vous am\u00e9nagiez une chambre cosy ou un grand salon, ce canap\u00e9 convertible s\u2019adapte facilement \u00e0 votre espace.<\/li>\n<li>Aucun montage, aucune gal\u00e8re\u00a0: oubliez les outils et les frustrations. Cette m\u00e9ridienne vintage en velours est livr\u00e9e compress\u00e9e, vous \u00e9vitant ainsi tout assemblage compliqu\u00e9. D\u00e9ballez-la simplement, secouez-la d\u00e9licatement et laissez-la reposer 72\u00a0heures avant utilisation.<\/li>\n<\/ul>","protected":false},"featured_media":15420,"comment_status":"open","ping_status":"closed","template":"","meta":[],"product_brand":[],"product_cat":[228],"product_tag":[],"class_list":{"0":"post-15430","1":"product","2":"type-product","3":"status-publish","4":"has-post-thumbnail","6":"product_cat-cushions","8":"first","9":"outofstock","10":"sold-individually","11":"shipping-taxable","12":"purchasable","13":"product-type-simple"},"_links":{"self":[{"href":"https:\/\/www.largepillow.com\/fr\/wp-json\/wp\/v2\/product\/15430","targetHints":{"allow":["GET"]}}],"collection":[{"href":"https:\/\/www.largepillow.com\/fr\/wp-json\/wp\/v2\/product"}],"about":[{"href":"https:\/\/www.largepillow.com\/fr\/wp-json\/wp\/v2\/types\/product"}],"replies":[{"embeddable":true,"href":"https:\/\/www.largepillow.com\/fr\/wp-json\/wp\/v2\/comments?post=15430"}],"wp:featuredmedia":[{"embeddable":true,"href":"https:\/\/www.largepillow.com\/fr\/wp-json\/wp\/v2\/media\/15420"}],"wp:attachment":[{"href":"https:\/\/www.largepillow.com\/fr\/wp-json\/wp\/v2\/media?parent=15430"}],"wp:term":[{"taxonomy":"product_brand","embeddable":true,"href":"https:\/\/www.largepillow.com\/fr\/wp-json\/wp\/v2\/product_brand?post=15430"},{"taxonomy":"product_cat","embeddable":true,"href":"https:\/\/www.largepillow.com\/fr\/wp-json\/wp\/v2\/product_cat?post=15430"},{"taxonomy":"product_tag","embeddable":true,"href":"https:\/\/www.largepillow.com\/fr\/wp-json\/wp\/v2\/product_tag?post=15430"}],"curies":[{"name":"wp","href":"https:\/\/api.w.org\/{rel}","templated":true}]}}