{"id":156,"date":"2022-09-15T06:26:18","date_gmt":"2022-09-15T06:26:18","guid":{"rendered":"https:\/\/www.largepillow.com\/product\/daybed-wedge-pillow"},"modified":"2025-11-05T02:15:25","modified_gmt":"2025-11-05T02:15:25","slug":"traversin-de-lit","status":"publish","type":"product","link":"https:\/\/www.largepillow.com\/fr\/product\/bed-bolster-pillow","title":{"rendered":"Oreiller de lit"},"content":{"rendered":"<p>D\u00e9couvrez le confort ultime avec le traversin de lit.<\/p>\n<p>Vous en avez assez de lutter pour vous sentir \u00e0 l&#039;aise au lit tout en lisant ou en regardant la t\u00e9l\u00e9vision ? Pr\u00e9sentation du r\u00e9volutionnaire Bed Bolster Pillow, le coussin multifonctionnel 3-en-1 qui \u00e9l\u00e8ve la relaxation au coucher vers de nouveaux sommets. <\/p>\n<p>Fabriqu\u00e9 avec des mat\u00e9riaux de qualit\u00e9 sup\u00e9rieure, cet oreiller triangulaire offre un soutien lombaire ergonomique qui \u00e9pouse parfaitement votre dos et votre taille. La housse en polyester respirant et le coussin int\u00e9rieur r\u00e9silient offrent juste ce qu&#039;il faut de confort pour des heures de confort sans tension. <\/p>\n<p>Les clients adorent la polyvalence du traversin de lit\u00a0:<\/p>\n<p>\u00ab J&#039;utilise le mien comme dossier lorsque je suis assis dans mon lit. C&#039;est tellement mieux que de lutter avec des oreillers plats qui continuent de glisser.<\/p>\n<p>\u00abCet oreiller compens\u00e9 est incroyable. Je dors sur le c\u00f4t\u00e9 et le placer sous mes jambes a fait des merveilles pour mes maux de dos.  <\/p>\n<p>\u00abJ&#039;adore l&#039;utiliser comme petit coussin de canap\u00e9. C&#039;est la taille parfaite pour que ma fille et moi puissions nous blottir et lire ensemble.<\/p>\n<p>Avec des tailles allant de 45 cm \u00e0 200 cm, le traversin de lit peut s&#039;adapter \u00e0 tout, de l&#039;usage personnel au co-dodo avec un partenaire. Les poches lat\u00e9rales pratiques vous offrent un endroit pour ranger des livres, des t\u00e9l\u00e9commandes, des t\u00e9l\u00e9phones et bien plus encore, tandis que la housse amovible \u00e0 fermeture \u00e9clair permet un lavage facile. <\/p>\n<p>Am\u00e9liorez votre d\u00e9tente avec le seul oreiller qui fait tout. Apportez \u00e0 la maison le traversin de lit et d\u00e9couvrez le confort ultime d\u00e8s aujourd&#039;hui\u00a0!<\/p>","protected":false},"excerpt":{"rendered":"<ul>\n<li><strong>Confort ultime\u00a0:<\/strong> Cet oreiller de t\u00eate de lit offre un excellent confort gr\u00e2ce \u00e0 sa forme triangulaire. Le coussin de soutien du lit s&#039;adapte parfaitement au dos et \u00e0 la taille, minimisant ainsi la pression lombaire\/dos. Cet oreiller de lecture compens\u00e9 peut vous aider \u00e0 rester sans tension dans votre lit ou votre canap\u00e9, ce qui est id\u00e9al pour les noctambules qui travaillent, les rats de biblioth\u00e8que et pour regarder la t\u00e9l\u00e9vision au lit. Ce traversin extra large est le seul oreiller de t\u00eate de lit compens\u00e9 pouvant accueillir deux personnes.<\/li>\n<li><strong>Grand traversin 3 en 1\u00a0:<\/strong> Vous pouvez utiliser l&#039;oreiller droit comme oreiller de t\u00eate de lit pour vous asseoir dans le lit ou le poser \u00e0 plat sur le lit pour l&#039;utiliser comme un grand oreiller compens\u00e9 lorsque vous dormez sur le dos ou sur le c\u00f4t\u00e9, ou comme oreiller de jambe pour sur\u00e9lever vos jambes. Si vous souhaitez un grand oreiller de t\u00eate de lit qui offre un soutien \u00e0 vous et \u00e0 votre conjoint. C&#039;est une excellente alternative.<\/li>\n<li><strong>Conception multifonctionnelle\u00a0:<\/strong> Certaines personnes utilisent le grand coussin triangulaire comme oreiller de t\u00eate de lit, tandis que d&#039;autres l&#039;utilisent comme oreiller pare-chocs, il peut \u00e9galement \u00eatre un traversin de dossier de canap\u00e9 ou de lit de repos. Il est \u00e0 la fois \u00e9l\u00e9gant et fonctionnel, ce qui en fait un excellent ajout \u00e0 n&#039;importe quelle chambre.<\/li>\n<li><strong>Artisanat sup\u00e9rieur\u00a0:<\/strong> La taie d&#039;oreiller est en velours c\u00f4tel\u00e9 dont la composition est en polyester 100%. notre oreiller de t\u00eate de lit est suffisamment respirant et confortable pour conserver sa forme et ne pas perdre sa forme avec le temps, Une poche lat\u00e9rale de chaque c\u00f4t\u00e9 vous permet d&#039;y glisser votre livre ou votre t\u00e9l\u00e9phone.<\/li>\n<li><strong>Facile \u00e0 laver :<\/strong> La housse du coussin de lecture est fix\u00e9e \u00e0 l&#039;oreiller avec des boutons et est facile \u00e0 retirer avec une simple fermeture \u00e9clair. Cela rend son nettoyage sans tracas. Retirez simplement la housse et effectuez un lavage rapide en machine pour donner \u00e0 votre oreiller un aspect neuf.<\/li>\n<li><strong>Taille:<\/strong> 45 cm (L45 x L20 x H50 | 0 boutons), 60 cm (L60 x L20 x H50 | 0 boutons), 80 cm (L80 x L20 x H50 | 2 boutons), 100 cm (L100 x L20 x H50 | 3 boutons), 120 cm ( L120 x L20 x H50 | 4 boutons), 140 cm (L140 x L20 x H50 | 4 boutons), 160 cm (L160 x L20 x H50 | 5 boutons), 180 cm (L180 x L20 x H50 | 6 boutons), 200 cm (L200 x L20 x H50 | 7 boutons).<\/li>\n<\/ul>","protected":false},"featured_media":137,"comment_status":"open","ping_status":"closed","template":"","meta":[],"product_brand":[],"product_cat":[15],"product_tag":[66,225,195,206,218,102,75,168,154,199,163,59],"class_list":{"0":"post-156","1":"product","2":"type-product","3":"status-publish","4":"has-post-thumbnail","6":"product_cat-large-wedge-pillow","7":"product_tag-back-support-pillow","8":"product_tag-bed-bolster-pillow","9":"product_tag-brown-pillow","10":"product_tag-bumper-pillow","11":"product_tag-corduroy-pillow","12":"product_tag-couch-pillow","13":"product_tag-daybed-pillow","14":"product_tag-headboard-pillow","15":"product_tag-large-body-pillow","16":"product_tag-large-wedge-pillow","17":"product_tag-leg-pillow","18":"product_tag-reading-pillow","20":"first","21":"instock","22":"featured","23":"shipping-taxable","24":"purchasable","25":"product-type-variable"},"_links":{"self":[{"href":"https:\/\/www.largepillow.com\/fr\/wp-json\/wp\/v2\/product\/156","targetHints":{"allow":["GET"]}}],"collection":[{"href":"https:\/\/www.largepillow.com\/fr\/wp-json\/wp\/v2\/product"}],"about":[{"href":"https:\/\/www.largepillow.com\/fr\/wp-json\/wp\/v2\/types\/product"}],"replies":[{"embeddable":true,"href":"https:\/\/www.largepillow.com\/fr\/wp-json\/wp\/v2\/comments?post=156"}],"wp:featuredmedia":[{"embeddable":true,"href":"https:\/\/www.largepillow.com\/fr\/wp-json\/wp\/v2\/media\/137"}],"wp:attachment":[{"href":"https:\/\/www.largepillow.com\/fr\/wp-json\/wp\/v2\/media?parent=156"}],"wp:term":[{"taxonomy":"product_brand","embeddable":true,"href":"https:\/\/www.largepillow.com\/fr\/wp-json\/wp\/v2\/product_brand?post=156"},{"taxonomy":"product_cat","embeddable":true,"href":"https:\/\/www.largepillow.com\/fr\/wp-json\/wp\/v2\/product_cat?post=156"},{"taxonomy":"product_tag","embeddable":true,"href":"https:\/\/www.largepillow.com\/fr\/wp-json\/wp\/v2\/product_tag?post=156"}],"curies":[{"name":"wp","href":"https:\/\/api.w.org\/{rel}","templated":true}]}}