{"id":16475,"date":"2026-02-08T03:05:13","date_gmt":"2026-02-08T03:05:13","guid":{"rendered":"https:\/\/www.largepillow.com\/product\/decorative-modern-ottoman-cube-foot-stool-for-home-accent-seating-red-brick"},"modified":"2026-02-11T02:58:28","modified_gmt":"2026-02-11T02:58:28","slug":"decorative-modern-ottoman-cube-foot-stool-for-home-accent-seating-red-brick","status":"publish","type":"product","link":"https:\/\/www.largepillow.com\/fr\/product\/decorative-modern-ottoman-cube-foot-stool-for-home-accent-seating-red-brick","title":{"rendered":"Tabouret ottoman cube d\u00e9coratif moderne pour coin salon (brique rouge)"},"content":{"rendered":"<p>The measurement of this modern cube ottoman is approximately 55*55*40cm (22&#8243; L x 22&#8243; W x 17&#8243; H). This cube ottoman provides a more realistic appearance for you. This ottoman is not just a footrest, you can use it as a seat, coffee table, end table or bedside table, can bring nice convenience to your daily life, making it a multipurpose accent piece that adapts to your living space needs.<\/p>","protected":false},"excerpt":{"rendered":"<ul>\n<li>Design polyvalent\u00a0: Pouf cubique moderne pouvant servir de repose-pieds, de si\u00e8ge d\u2019appoint ou d\u2019\u00e9l\u00e9ment d\u00e9coratif avec un motif de grain saisissant.<\/li>\n<li>Taille Premium : Mesure 55*55*40cm (22 x 22 x 17 pouces), parfait pour les salons, les chambres ou tout espace n\u00e9cessitant une fonctionnalit\u00e9 \u00e9l\u00e9gante.<\/li>\n<li>Soutien confortable : Con\u00e7u avec un rembourrage en mousse de haute qualit\u00e9 pour un confort et une durabilit\u00e9 optimaux tout en conservant sa forme.<\/li>\n<li>Pi\u00e8ce ma\u00eetresse : Son motif distinctif aux tons vari\u00e9s cr\u00e9e un accent accrocheur pour n&#039;importe quelle d\u00e9coration de pi\u00e8ce.<\/li>\n<\/ul>","protected":false},"featured_media":16468,"comment_status":"open","ping_status":"closed","template":"","meta":[],"product_brand":[],"product_cat":[228],"product_tag":[],"class_list":{"0":"post-16475","1":"product","2":"type-product","3":"status-publish","4":"has-post-thumbnail","6":"product_cat-cushions","8":"first","9":"instock","10":"shipping-taxable","11":"purchasable","12":"product-type-simple"},"_links":{"self":[{"href":"https:\/\/www.largepillow.com\/fr\/wp-json\/wp\/v2\/product\/16475","targetHints":{"allow":["GET"]}}],"collection":[{"href":"https:\/\/www.largepillow.com\/fr\/wp-json\/wp\/v2\/product"}],"about":[{"href":"https:\/\/www.largepillow.com\/fr\/wp-json\/wp\/v2\/types\/product"}],"replies":[{"embeddable":true,"href":"https:\/\/www.largepillow.com\/fr\/wp-json\/wp\/v2\/comments?post=16475"}],"wp:featuredmedia":[{"embeddable":true,"href":"https:\/\/www.largepillow.com\/fr\/wp-json\/wp\/v2\/media\/16468"}],"wp:attachment":[{"href":"https:\/\/www.largepillow.com\/fr\/wp-json\/wp\/v2\/media?parent=16475"}],"wp:term":[{"taxonomy":"product_brand","embeddable":true,"href":"https:\/\/www.largepillow.com\/fr\/wp-json\/wp\/v2\/product_brand?post=16475"},{"taxonomy":"product_cat","embeddable":true,"href":"https:\/\/www.largepillow.com\/fr\/wp-json\/wp\/v2\/product_cat?post=16475"},{"taxonomy":"product_tag","embeddable":true,"href":"https:\/\/www.largepillow.com\/fr\/wp-json\/wp\/v2\/product_tag?post=16475"}],"curies":[{"name":"wp","href":"https:\/\/api.w.org\/{rel}","templated":true}]}}