{"id":16499,"date":"2026-02-08T03:20:01","date_gmt":"2026-02-08T03:20:01","guid":{"rendered":"https:\/\/www.largepillow.com\/product\/stylish-pouf-ottoman-footrest-multi-functional-marble-patterns-dark-green-marble"},"modified":"2026-02-11T02:58:28","modified_gmt":"2026-02-11T02:58:28","slug":"pouf-elegant-repose-pieds-multifonctionnel-motifs-en-marbre-vert-fonce","status":"publish","type":"product","link":"https:\/\/www.largepillow.com\/fr\/product\/stylish-pouf-ottoman-footrest-multi-functional-marble-patterns-dark-green-marble","title":{"rendered":"Pouf ottoman \u00e9l\u00e9gant avec repose-pieds \u2013 Multifonctionnel et motifs marbr\u00e9s (marbre vert fonc\u00e9)"},"content":{"rendered":"<p>Transformez votre espace de vie avec ce pouf cube polyvalent et \u00e9l\u00e9gant, qui fait office \u00e0 la fois de repose-pieds fonctionnel et d&#039;\u00e9l\u00e9ment d\u00e9coratif. Orn\u00e9 de superbes motifs cr\u00e9ant une esth\u00e9tique luxueuse et naturelle, ce pouf de 55 x 55 x 40 cm (22 x 22 x 17 pouces) s&#039;int\u00e8gre parfaitement \u00e0 tous les styles de d\u00e9coration. Son design cubique r\u00e9v\u00e8le des motifs tourbillonnants complexes dans de riches tons bruns et dor\u00e9s, rendant chaque pi\u00e8ce unique. Fabriqu\u00e9 avec un rembourrage en mousse de haute qualit\u00e9, il offre un confort optimal, que ce soit comme repose-pieds, si\u00e8ge d&#039;appoint ou table d&#039;appoint. Son design moderne s&#039;harmonise avec diff\u00e9rents styles d&#039;int\u00e9rieur, du contemporain au rustique. Ses dimensions g\u00e9n\u00e9reuses en font un choix id\u00e9al, \u00e0 la fois pratique et d\u00e9coratif. Disponible en plusieurs motifs, avec possibilit\u00e9 de personnalisation pour r\u00e9pondre \u00e0 vos envies. Sa hauteur ajustable et sa construction robuste lui permettent de servir \u00e0 de multiples usages\u00a0: repose-pieds confortable, table basse improvis\u00e9e ou si\u00e8ge d&#039;appoint pour recevoir vos invit\u00e9s.<\/p>","protected":false},"excerpt":{"rendered":"<ul>\n<li>Design polyvalent\u00a0: Pouf cubique moderne pouvant servir de repose-pieds, de si\u00e8ge d\u2019appoint ou d\u2019\u00e9l\u00e9ment d\u00e9coratif avec un motif de grain saisissant.<\/li>\n<li>Taille Premium : Mesure 55*55*40cm (22 x 22 x 17 pouces), parfait pour les salons, les chambres ou tout espace n\u00e9cessitant une fonctionnalit\u00e9 \u00e9l\u00e9gante.<\/li>\n<li>Options personnalis\u00e9es\u00a0: Disponible en diff\u00e9rents motifs avec possibilit\u00e9 de motifs personnalis\u00e9s priv\u00e9s pour r\u00e9pondre \u00e0 vos besoins uniques en mati\u00e8re de design d\u2019int\u00e9rieur.<\/li>\n<li>Soutien confortable : Con\u00e7u avec un rembourrage en mousse de haute qualit\u00e9 pour un confort et une durabilit\u00e9 optimaux tout en conservant sa forme.<\/li>\n<li>Pi\u00e8ce ma\u00eetresse : Son motif distinctif aux tons vari\u00e9s cr\u00e9e un accent accrocheur pour n&#039;importe quelle d\u00e9coration de pi\u00e8ce.<\/li>\n<\/ul>","protected":false},"featured_media":16492,"comment_status":"open","ping_status":"closed","template":"","meta":[],"product_brand":[],"product_cat":[228],"product_tag":[],"class_list":{"0":"post-16499","1":"product","2":"type-product","3":"status-publish","4":"has-post-thumbnail","6":"product_cat-cushions","8":"first","9":"instock","10":"shipping-taxable","11":"purchasable","12":"product-type-simple"},"_links":{"self":[{"href":"https:\/\/www.largepillow.com\/fr\/wp-json\/wp\/v2\/product\/16499","targetHints":{"allow":["GET"]}}],"collection":[{"href":"https:\/\/www.largepillow.com\/fr\/wp-json\/wp\/v2\/product"}],"about":[{"href":"https:\/\/www.largepillow.com\/fr\/wp-json\/wp\/v2\/types\/product"}],"replies":[{"embeddable":true,"href":"https:\/\/www.largepillow.com\/fr\/wp-json\/wp\/v2\/comments?post=16499"}],"wp:featuredmedia":[{"embeddable":true,"href":"https:\/\/www.largepillow.com\/fr\/wp-json\/wp\/v2\/media\/16492"}],"wp:attachment":[{"href":"https:\/\/www.largepillow.com\/fr\/wp-json\/wp\/v2\/media?parent=16499"}],"wp:term":[{"taxonomy":"product_brand","embeddable":true,"href":"https:\/\/www.largepillow.com\/fr\/wp-json\/wp\/v2\/product_brand?post=16499"},{"taxonomy":"product_cat","embeddable":true,"href":"https:\/\/www.largepillow.com\/fr\/wp-json\/wp\/v2\/product_cat?post=16499"},{"taxonomy":"product_tag","embeddable":true,"href":"https:\/\/www.largepillow.com\/fr\/wp-json\/wp\/v2\/product_tag?post=16499"}],"curies":[{"name":"wp","href":"https:\/\/api.w.org\/{rel}","templated":true}]}}