{"id":16552,"date":"2026-02-08T07:50:38","date_gmt":"2026-02-08T07:50:38","guid":{"rendered":"https:\/\/www.largepillow.com\/product\/convertible-modular-floor-sofa-floor-pillow-couch-lounge-chair-for-home"},"modified":"2026-02-11T02:58:33","modified_gmt":"2026-02-11T02:58:33","slug":"canape-de-sol-modulable-convertible-avec-coussins-de-sol-fauteuil-lounge-pour-la-maison","status":"publish","type":"product","link":"https:\/\/www.largepillow.com\/fr\/product\/convertible-modular-floor-sofa-floor-pillow-couch-lounge-chair-for-home","title":{"rendered":"Canap\u00e9 de sol modulaire convertible, canap\u00e9-coussin de sol, fauteuil lounge pour la maison"},"content":{"rendered":"[zc_getpagecontent mb=&#8221;mb_aplus&#8221; apid=&#8221;156&#8243;]\n","protected":false},"excerpt":{"rendered":"<ul>\n<li>Conception modulaire et gain de place\u00a0: cet ensemble de canap\u00e9 de sol 4\u00a0pi\u00e8ces comprend 2\u00a0coussins d\u2019assise et 2\u00a0dossiers surdimensionn\u00e9s \u2013 sans structure\u00a0! Combinez-les \u00e0 votre guise pour cr\u00e9er un canap\u00e9 de sol contre un mur, utilisez-les comme de grands coussins de sol, ou r\u00e9organisez-les en fauteuil, canap\u00e9 d\u2019angle ou coin salon d\u00e9contract\u00e9 selon vos besoins. Id\u00e9al pour les petits appartements, les chambres d\u2019\u00e9tudiant ou les coins cosy, il optimise l\u2019espace tout en offrant un confort maximal.<\/li>\n<li>Inspir\u00e9 par le pain grill\u00e9, con\u00e7u pour le confort : s&#039;inspirant de la texture douce et dor\u00e9e du pain grill\u00e9 fra\u00eechement sorti du four, ce canap\u00e9 de sol arbore une chaleureuse teinte beige dor\u00e9 et un rembourrage ultra-moelleux. D\u00e8s que vous vous assi\u00e9rez, vous aurez l&#039;impression de vous enfoncer dans un nuage de d\u00e9tente \u2013 id\u00e9al pour cr\u00e9er une ambiance calme et cosy dans n&#039;importe quelle pi\u00e8ce.<\/li>\n<li>Couleurs r\u00e9versibles et tissu haut de gamme\u00a0: les housses r\u00e9versibles bicolores (orange et beige) sont confectionn\u00e9es en velours hollandais doux, offrant deux looks \u00e9l\u00e9gants et une touche chaleureuse pour s\u2019harmoniser avec votre d\u00e9coration.<\/li>\n<li>Confort moelleux et soutien optimal\u00a0: chaque coussin est g\u00e9n\u00e9reusement garni de coton PP moelleux, offrant un rembourrage \u00e9pais et un excellent maintien. Que vous lisiez, jouiez, fassiez une sieste ou vous d\u00e9tendiez, ce canap\u00e9 de sol vous offre un confort absolu au ras du sol.<\/li>\n<li>Flexible et portable\u00a0: sa conception l\u00e9g\u00e8re avec poign\u00e9es dissimul\u00e9es facilite le d\u00e9placement et la reconfiguration. Les coussins modulables stimulent la cr\u00e9ativit\u00e9 et offrent une grande flexibilit\u00e9 dans votre espace de vie.<\/li>\n<li>Entretien et installation faciles\u00a0: Livr\u00e9 avec des housses amovibles et lavables pour un nettoyage ais\u00e9. L\u2019ensemble est exp\u00e9di\u00e9 sous vide en deux colis s\u00e9par\u00e9s\u00a0; veuillez pr\u00e9voir 24 \u00e0 72\u00a0heures apr\u00e8s le d\u00e9ballage pour qu\u2019il reprenne sa forme initiale et r\u00e9v\u00e8le tout son moelleux.<\/li>\n<\/ul>","protected":false},"featured_media":16535,"comment_status":"open","ping_status":"closed","template":"","meta":[],"product_brand":[],"product_cat":[228],"product_tag":[],"class_list":{"0":"post-16552","1":"product","2":"type-product","3":"status-publish","4":"has-post-thumbnail","6":"product_cat-cushions","8":"first","9":"outofstock","10":"sold-individually","11":"shipping-taxable","12":"purchasable","13":"product-type-simple"},"_links":{"self":[{"href":"https:\/\/www.largepillow.com\/fr\/wp-json\/wp\/v2\/product\/16552","targetHints":{"allow":["GET"]}}],"collection":[{"href":"https:\/\/www.largepillow.com\/fr\/wp-json\/wp\/v2\/product"}],"about":[{"href":"https:\/\/www.largepillow.com\/fr\/wp-json\/wp\/v2\/types\/product"}],"replies":[{"embeddable":true,"href":"https:\/\/www.largepillow.com\/fr\/wp-json\/wp\/v2\/comments?post=16552"}],"wp:featuredmedia":[{"embeddable":true,"href":"https:\/\/www.largepillow.com\/fr\/wp-json\/wp\/v2\/media\/16535"}],"wp:attachment":[{"href":"https:\/\/www.largepillow.com\/fr\/wp-json\/wp\/v2\/media?parent=16552"}],"wp:term":[{"taxonomy":"product_brand","embeddable":true,"href":"https:\/\/www.largepillow.com\/fr\/wp-json\/wp\/v2\/product_brand?post=16552"},{"taxonomy":"product_cat","embeddable":true,"href":"https:\/\/www.largepillow.com\/fr\/wp-json\/wp\/v2\/product_cat?post=16552"},{"taxonomy":"product_tag","embeddable":true,"href":"https:\/\/www.largepillow.com\/fr\/wp-json\/wp\/v2\/product_tag?post=16552"}],"curies":[{"name":"wp","href":"https:\/\/api.w.org\/{rel}","templated":true}]}}