{"id":16625,"date":"2026-02-10T03:18:15","date_gmt":"2026-02-10T03:18:15","guid":{"rendered":"https:\/\/www.largepillow.com\/product\/adjustable-face-down-pillow-for-eye-surgery-bbl-massage-sleeping"},"modified":"2026-02-11T03:05:42","modified_gmt":"2026-02-11T03:05:42","slug":"oreiller-ajustable-face-contre-table-pour-chirurgie-oculaire-massage-bbl-sommeil","status":"publish","type":"product","link":"https:\/\/www.largepillow.com\/fr\/product\/adjustable-face-down-pillow-for-eye-surgery-bbl-massage-sleeping","title":{"rendered":"Oreiller ajustable face vers le bas pour chirurgie oculaire, BBL, massage, sommeil"},"content":{"rendered":"[zc_getpagecontent mb=&#8221;mb_aplus&#8221; apid=&#8221;164&#8243;]\n","protected":false},"excerpt":{"rendered":"<ul>\n<li><strong>Position faciale ajustable<\/strong>La taille et la position du masque peuvent \u00eatre ajust\u00e9es pour r\u00e9pondre aux besoins individuels, et les ouvertures de ventilation \u00e0 double canal \u00e9largies assurent une respiration fluide.<\/li>\n<li><strong>3 couches d&#039;\u00e9pissage d&#039;\u00e9ponge<\/strong>Couche 1 : Douce et \u00e9pousant les formes du corps ; Couche 2 : \u00c9lasticit\u00e9 confortable ; Couche 3 : Assure le soutien, le contour d&#039;ouverture ajustable offre un soutien optimal pour la t\u00eate, les \u00e9paules et la poitrine, maintenant l&#039;alignement de la colonne vert\u00e9brale.<\/li>\n<li><strong>Oreiller multifonctionnel<\/strong>Coussin de massage \u00e0 utiliser face contre terre. Il facilite la r\u00e9cup\u00e9ration apr\u00e8s diverses interventions chirurgicales et peut \u00e9galement servir de coussin de massage \u00e0 domicile, pour les massages chiropratiques, les siestes au bureau ou pour dormir sur le ventre la nuit.<\/li>\n<li><strong>Doux et confortable<\/strong>Cet oreiller pour position couch\u00e9e utilise un tissu doux pour la peau et respirant, avec une conception en \u00e9ponge \u00e0 trois couches, offrant \u00e0 la fois soutien et confort.<\/li>\n<li><strong>Amovible et lavable<\/strong>La taie d&#039;oreiller amovible avec fermeture \u00e9clair invisible est facile \u00e0 laver et lavable en machine.<\/li>\n<\/ul>","protected":false},"featured_media":16616,"comment_status":"open","ping_status":"closed","template":"","meta":[],"product_brand":[],"product_cat":[228],"product_tag":[],"class_list":{"0":"post-16625","1":"product","2":"type-product","3":"status-publish","4":"has-post-thumbnail","6":"product_cat-cushions","8":"first","9":"instock","10":"sold-individually","11":"shipping-taxable","12":"purchasable","13":"product-type-variable","14":"has-default-attributes"},"_links":{"self":[{"href":"https:\/\/www.largepillow.com\/fr\/wp-json\/wp\/v2\/product\/16625","targetHints":{"allow":["GET"]}}],"collection":[{"href":"https:\/\/www.largepillow.com\/fr\/wp-json\/wp\/v2\/product"}],"about":[{"href":"https:\/\/www.largepillow.com\/fr\/wp-json\/wp\/v2\/types\/product"}],"replies":[{"embeddable":true,"href":"https:\/\/www.largepillow.com\/fr\/wp-json\/wp\/v2\/comments?post=16625"}],"wp:featuredmedia":[{"embeddable":true,"href":"https:\/\/www.largepillow.com\/fr\/wp-json\/wp\/v2\/media\/16616"}],"wp:attachment":[{"href":"https:\/\/www.largepillow.com\/fr\/wp-json\/wp\/v2\/media?parent=16625"}],"wp:term":[{"taxonomy":"product_brand","embeddable":true,"href":"https:\/\/www.largepillow.com\/fr\/wp-json\/wp\/v2\/product_brand?post=16625"},{"taxonomy":"product_cat","embeddable":true,"href":"https:\/\/www.largepillow.com\/fr\/wp-json\/wp\/v2\/product_cat?post=16625"},{"taxonomy":"product_tag","embeddable":true,"href":"https:\/\/www.largepillow.com\/fr\/wp-json\/wp\/v2\/product_tag?post=16625"}],"curies":[{"name":"wp","href":"https:\/\/api.w.org\/{rel}","templated":true}]}}