{"id":16948,"date":"2026-03-01T01:52:59","date_gmt":"2026-03-01T01:52:59","guid":{"rendered":"https:\/\/www.largepillow.com\/product\/neo-livingstones-large-pebble-cushions-pebble-pillows-rock-pillows-set"},"modified":"2026-03-02T20:26:16","modified_gmt":"2026-03-02T20:26:16","slug":"ensemble-de-coussins-en-galets-neo-livingstones","status":"publish","type":"product","link":"https:\/\/www.largepillow.com\/fr\/product\/neo-livingstones-large-pebble-cushions-pebble-pillows-rock-pillows-set","title":{"rendered":"Ensemble de coussins en galets Neo-LivingStones"},"content":{"rendered":"[zc_getpagecontent mb=&#8221;mb_aplus&#8221; apid=&#8221;165&#8243;]\n","protected":false},"excerpt":{"rendered":"<ul>\n<li>Tailles modulables\u00a0: Disponibles en six tailles diff\u00e9rentes (de 20\u00a0cm \u00e0 95\u00a0cm de long), les coussins Soft Stone peuvent \u00eatre empil\u00e9s, dispers\u00e9s ou regroup\u00e9s pour cr\u00e9er un espace d\u00e9tente personnalis\u00e9. Id\u00e9aux comme poufs, assises de sol ou coussins d\u00e9coratifs.<\/li>\n<li>Mat\u00e9riaux de qualit\u00e9\u00a0: Fabriqu\u00e9s en coton polypropyl\u00e8ne (PP) doux et confortable et en tissu tricot\u00e9 en polyester bross\u00e9 composite de qualit\u00e9 sup\u00e9rieure, ces coussins sont parfaits pour se d\u00e9tendre, s\u2019asseoir, se pr\u00e9lasser ou m\u00eame jouer. Confortables et moelleux.<\/li>\n<li>Entretien et installation faciles\u00a0: sans montage et l\u00e9ger. Dessous antid\u00e9rapant pour plus de s\u00e9curit\u00e9. Nettoyage localis\u00e9 avec un chiffon humide. Les fermetures \u00e9clair peuvent \u00eatre ouvertes \u00e0 l\u2019aide d\u2019un trombone en cas de besoin \u2013 voir le guide illustr\u00e9 inclus.<\/li>\n<li>Technique de fabrication sp\u00e9ciale\u00a0: Nous utilisons des techniques de couture de panneaux avanc\u00e9es pour la conception ext\u00e9rieure de nos produits, garantissant ainsi une apparence d\u00e9licate et sophistiqu\u00e9e.<\/li>\n<li>Vendus en 4 combinaisons : Choisissez parmi quatre ensembles soigneusement s\u00e9lectionn\u00e9s \u2013 consultez les images du produit pour conna\u00eetre le contenu exact de chaque ensemble ; vous recevez exactement ce que vous voyez.<\/li>\n<li>Lancement d&#039;un nouveau produit\u00a0: garantie du meilleur prix pendant 90\u00a0jours. Si le prix baisse dans les 90\u00a0jours, nous vous remboursons la diff\u00e9rence.<\/li>\n<li>Politique de retour et d&#039;\u00e9change\u00a0: Les frais de retour sont \u00e0 la charge de l&#039;acheteur en cas de retour ou d&#039;\u00e9change.<\/li>\n<\/ul>","protected":false},"featured_media":16930,"comment_status":"open","ping_status":"closed","template":"","meta":[],"product_brand":[],"product_cat":[30],"product_tag":[],"class_list":{"0":"post-16948","1":"product","2":"type-product","3":"status-publish","4":"has-post-thumbnail","6":"product_cat-large-rock-pillow","8":"first","9":"instock","10":"sold-individually","11":"shipping-taxable","12":"purchasable","13":"product-type-variable","14":"has-default-attributes"},"_links":{"self":[{"href":"https:\/\/www.largepillow.com\/fr\/wp-json\/wp\/v2\/product\/16948","targetHints":{"allow":["GET"]}}],"collection":[{"href":"https:\/\/www.largepillow.com\/fr\/wp-json\/wp\/v2\/product"}],"about":[{"href":"https:\/\/www.largepillow.com\/fr\/wp-json\/wp\/v2\/types\/product"}],"replies":[{"embeddable":true,"href":"https:\/\/www.largepillow.com\/fr\/wp-json\/wp\/v2\/comments?post=16948"}],"wp:featuredmedia":[{"embeddable":true,"href":"https:\/\/www.largepillow.com\/fr\/wp-json\/wp\/v2\/media\/16930"}],"wp:attachment":[{"href":"https:\/\/www.largepillow.com\/fr\/wp-json\/wp\/v2\/media?parent=16948"}],"wp:term":[{"taxonomy":"product_brand","embeddable":true,"href":"https:\/\/www.largepillow.com\/fr\/wp-json\/wp\/v2\/product_brand?post=16948"},{"taxonomy":"product_cat","embeddable":true,"href":"https:\/\/www.largepillow.com\/fr\/wp-json\/wp\/v2\/product_cat?post=16948"},{"taxonomy":"product_tag","embeddable":true,"href":"https:\/\/www.largepillow.com\/fr\/wp-json\/wp\/v2\/product_tag?post=16948"}],"curies":[{"name":"wp","href":"https:\/\/api.w.org\/{rel}","templated":true}]}}