{"id":185,"date":"2022-09-15T06:35:24","date_gmt":"2022-09-15T06:35:24","guid":{"rendered":"https:\/\/www.largepillow.com\/product\/triangle-bolster-pillow"},"modified":"2025-11-05T02:15:26","modified_gmt":"2025-11-05T02:15:26","slug":"oreiller-triangulaire","status":"publish","type":"product","link":"https:\/\/www.largepillow.com\/fr\/product\/triangular-pillow\/","title":{"rendered":"Oreiller triangulaire"},"content":{"rendered":"<p>D\u00e9couvrez le confort ultime avec l&#039;oreiller triangulaire polyvalent.<\/p>\n<p>Offrez-vous un confort in\u00e9gal\u00e9 avec l&#039;oreiller triangulaire innovant, con\u00e7u pour am\u00e9liorer votre exp\u00e9rience de relaxation et de soutien.<\/p>\n<p>Confort et soutien in\u00e9gal\u00e9s<\/p>\n<p>La forme triangulaire ergonomique de cet oreiller de t\u00eate de lit \u00e9pouse parfaitement votre dos et votre taille, offrant un soutien exceptionnel et minimisant la pression lombaire. Que vous soyez au lit pendant des heures pour lire, travailler ou regarder la t\u00e9l\u00e9vision, cet oreiller assure une position d\u00e9tendue et sans tension.<\/p>\n<p>Conception polyvalente 3 en 1<\/p>\n<p>Profitez de la polyvalence de l&#039;oreiller triangulaire. Utilisez-le droit comme t\u00eate de lit de soutien, placez-le \u00e0 plat pour un meilleur sommeil comme oreiller compens\u00e9, ou sur\u00e9levez vos jambes pour une meilleure circulation comme oreiller pour les jambes. C&#039;est la solution parfaite pour les couples qui recherchent un confort ultime au lit.<\/p>\n<p>\u00c9l\u00e9gant et fonctionnel<\/p>\n<p>L&#039;aspect \u00e9l\u00e9gant en velours c\u00f4tel\u00e9 et la composition en polyester doux de la taie d&#039;oreiller respirent l&#039;\u00e9l\u00e9gance tout en offrant respirabilit\u00e9 et confort. L&#039;oreiller conserve sa forme sans effort, assurant un confort et un soutien durables. Les poches lat\u00e9rales de chaque c\u00f4t\u00e9 accueillent facilement votre t\u00e9l\u00e9phone ou un livre.<\/p>\n<p>Entretien facile<\/p>\n<p>Nettoyer l&#039;oreiller triangulaire est un jeu d&#039;enfant. Sa housse amovible est dot\u00e9e d&#039;une fermeture \u00e9clair pour un lavage sans tracas. Retirez-le simplement et jetez-le dans la machine pour un nettoyage en profondeur qui gardera votre oreiller frais et accueillant.<\/p>\n<p>T\u00e9moignages de clients<\/p>\n<p>Ne vous contentez pas de nous croire sur parole. Voici ce que disent les clients satisfaits\u00a0:<\/p>\n<p>\u00ab Cet oreiller est incroyable ! Je l&#039;utilise comme oreiller de t\u00eate de lit, et il est si doux et offre un bon soutien. J&#039;adore la couleur velours c\u00f4tel\u00e9 et c&#039;est le compl\u00e9ment parfait \u00e0 ma chambre.<br \/>\n\u00abJe dors sur le c\u00f4t\u00e9 et cet oreiller m&#039;a sauv\u00e9 la vie. Cela maintient ma t\u00eate et mon cou align\u00e9s et j&#039;ai remarqu\u00e9 une \u00e9norme diff\u00e9rence dans la qualit\u00e9 de mon sommeil.<br \/>\n\u00abJ&#039;adore la polyvalence de cet oreiller. Je l&#039;utilise comme oreiller de t\u00eate de lit pendant la journ\u00e9e, puis je l&#039;aplatis pour l&#039;utiliser comme oreiller compens\u00e9 pour dormir. C&#039;est tellement confortable et pratique.<\/p>\n<p>Am\u00e9liorez votre confort et votre d\u00e9tente aujourd&#039;hui avec l&#039;oreiller triangulaire. Sa polyvalence in\u00e9gal\u00e9e, son savoir-faire sup\u00e9rieur et sa qualit\u00e9 approuv\u00e9e par les clients en font un ajout essentiel \u00e0 toute chambre \u00e0 coucher.<\/p>","protected":false},"excerpt":{"rendered":"<ul>\n<li><strong>Confort ultime\u00a0:<\/strong> Cet oreiller de t\u00eate de lit offre un excellent confort gr\u00e2ce \u00e0 sa forme triangulaire. Le coussin de soutien du lit s&#039;adapte parfaitement au dos et \u00e0 la taille, minimisant ainsi la pression lombaire\/dos. Cet oreiller de lecture compens\u00e9 peut vous aider \u00e0 rester sans tension dans votre lit ou votre canap\u00e9, ce qui est id\u00e9al pour les noctambules qui travaillent, les rats de biblioth\u00e8que et pour regarder la t\u00e9l\u00e9vision au lit. Ce traversin extra large est le seul oreiller de t\u00eate de lit compens\u00e9 pouvant accueillir deux personnes.<\/li>\n<li><strong>Grand traversin 3 en 1\u00a0:<\/strong> Vous pouvez utiliser l&#039;oreiller droit comme oreiller de t\u00eate de lit pour vous asseoir dans le lit ou le poser \u00e0 plat sur le lit pour l&#039;utiliser comme un grand oreiller compens\u00e9 lorsque vous dormez sur le dos ou sur le c\u00f4t\u00e9, ou comme oreiller de jambe pour sur\u00e9lever vos jambes. Si vous souhaitez un grand oreiller de t\u00eate de lit qui offre un soutien \u00e0 vous et \u00e0 votre conjoint. C&#039;est une excellente alternative.<\/li>\n<li><strong>Conception multifonctionnelle\u00a0:<\/strong> Certaines personnes utilisent le grand coussin triangulaire comme oreiller de t\u00eate de lit, tandis que d&#039;autres l&#039;utilisent comme oreiller pare-chocs, il peut \u00e9galement \u00eatre un traversin de dossier de canap\u00e9 ou de lit de repos. Il est \u00e0 la fois \u00e9l\u00e9gant et fonctionnel, ce qui en fait un excellent ajout \u00e0 n&#039;importe quelle chambre.<\/li>\n<li><strong>Artisanat sup\u00e9rieur\u00a0:<\/strong> La taie d&#039;oreiller est en velours c\u00f4tel\u00e9 dont la composition est en polyester 100%. notre oreiller de t\u00eate de lit est suffisamment respirant et confortable pour conserver sa forme et ne pas perdre sa forme avec le temps, Une poche lat\u00e9rale de chaque c\u00f4t\u00e9 vous permet d&#039;y glisser votre livre ou votre t\u00e9l\u00e9phone.<\/li>\n<li><strong>Facile \u00e0 laver :<\/strong> La housse du coussin de lecture est fix\u00e9e \u00e0 l&#039;oreiller avec des boutons et est facile \u00e0 retirer avec une simple fermeture \u00e9clair. Cela rend son nettoyage sans tracas. Retirez simplement la housse et effectuez un lavage rapide en machine pour donner \u00e0 votre oreiller un aspect neuf.<\/li>\n<li><strong>Taille:<\/strong> 45 cm (L45 x L20 x H50 | 0 boutons), 60 cm (L60 x L20 x H50 | 0 boutons), 80 cm (L80 x L20 x H50 | 2 boutons), 100 cm (L100 x L20 x H50 | 3 boutons), 120 cm ( L120 x L20 x H50 | 4 boutons), 140 cm (L140 x L20 x H50 | 4 boutons), 160 cm (L160 x L20 x H50 | 5 boutons), 180 cm (L180 x L20 x H50 | 6 boutons), 200 cm (L200 x L20 x H50 | 7 boutons).<\/li>\n<\/ul>","protected":false},"featured_media":166,"comment_status":"open","ping_status":"closed","template":"","meta":[],"product_brand":[],"product_cat":[15],"product_tag":[205,204,206,218,207,209,223,199,163,68],"class_list":{"0":"post-185","1":"product","2":"type-product","3":"status-publish","4":"has-post-thumbnail","6":"product_cat-large-wedge-pillow","7":"product_tag-back-support-headboard-pillow","8":"product_tag-bed-support-cushion","9":"product_tag-bumper-pillow","10":"product_tag-corduroy-pillow","11":"product_tag-daybed-backrest-bolster-pillow","12":"product_tag-extra-large-bolster-pillow","13":"product_tag-large-bolster","14":"product_tag-large-wedge-pillow","15":"product_tag-leg-pillow","16":"product_tag-wedge-reading-pillow","18":"first","19":"instock","20":"featured","21":"shipping-taxable","22":"purchasable","23":"product-type-variable"},"_links":{"self":[{"href":"https:\/\/www.largepillow.com\/fr\/wp-json\/wp\/v2\/product\/185","targetHints":{"allow":["GET"]}}],"collection":[{"href":"https:\/\/www.largepillow.com\/fr\/wp-json\/wp\/v2\/product"}],"about":[{"href":"https:\/\/www.largepillow.com\/fr\/wp-json\/wp\/v2\/types\/product"}],"replies":[{"embeddable":true,"href":"https:\/\/www.largepillow.com\/fr\/wp-json\/wp\/v2\/comments?post=185"}],"wp:featuredmedia":[{"embeddable":true,"href":"https:\/\/www.largepillow.com\/fr\/wp-json\/wp\/v2\/media\/166"}],"wp:attachment":[{"href":"https:\/\/www.largepillow.com\/fr\/wp-json\/wp\/v2\/media?parent=185"}],"wp:term":[{"taxonomy":"product_brand","embeddable":true,"href":"https:\/\/www.largepillow.com\/fr\/wp-json\/wp\/v2\/product_brand?post=185"},{"taxonomy":"product_cat","embeddable":true,"href":"https:\/\/www.largepillow.com\/fr\/wp-json\/wp\/v2\/product_cat?post=185"},{"taxonomy":"product_tag","embeddable":true,"href":"https:\/\/www.largepillow.com\/fr\/wp-json\/wp\/v2\/product_tag?post=185"}],"curies":[{"name":"wp","href":"https:\/\/api.w.org\/{rel}","templated":true}]}}