{"id":318,"date":"2022-09-15T22:37:09","date_gmt":"2022-09-15T22:37:09","guid":{"rendered":"https:\/\/www.largepillow.com\/product\/bed-bolster-wedge"},"modified":"2025-11-05T02:15:26","modified_gmt":"2025-11-05T02:15:26","slug":"oreiller-dos-pour-lit","status":"publish","type":"product","link":"https:\/\/www.largepillow.com\/fr\/product\/back-pillow-for-bed","title":{"rendered":"Oreiller de dos pour lit"},"content":{"rendered":"<p>L&#039;oreiller de dossier pour lit \u2013 l&#039;accessoire de confort ultime pour ceux qui aiment lire, travailler ou regarder la t\u00e9l\u00e9vision au lit\u00a0!<\/p>\n<p>Cet oreiller de t\u00eate de lit est con\u00e7u avec une forme triangulaire unique, offrant un excellent confort et un excellent soutien \u00e0 votre dos et \u00e0 votre taille, minimisant ainsi la pression lombaire. Il est parfait pour les oiseaux de nuit, les rats de biblioth\u00e8que et tous ceux qui aiment se d\u00e9tendre au lit.<\/p>\n<p>Ce qui rend cet oreiller encore meilleur, c&#039;est sa conception multifonctionnelle. Vous pouvez l&#039;utiliser comme oreiller de t\u00eate de lit pour soutenir le dos lorsque vous \u00eates assis dans le lit, le poser \u00e0 plat pour l&#039;utiliser comme un grand oreiller compens\u00e9 lorsque vous dormez sur le dos ou sur le c\u00f4t\u00e9, ou m\u00eame sur\u00e9lever vos jambes avec lui comme oreiller de jambe\u00a0! C&#039;est le seul oreiller de t\u00eate de lit compens\u00e9 pouvant accueillir deux personnes.<\/p>\n<p>Fabriqu\u00e9e avec un savoir-faire de qualit\u00e9 sup\u00e9rieure, la taie d&#039;oreiller est en velours c\u00f4tel\u00e9 dont la composition est en polyester 100%, ce qui la rend respirante et confortable pour conserver sa forme au fil du temps. Une poche lat\u00e9rale de chaque c\u00f4t\u00e9 permet de glisser votre livre ou votre t\u00e9l\u00e9phone \u00e0 l&#039;int\u00e9rieur.<\/p>\n<p>Le nettoyage est simple car la housse du coussin de lecture est fix\u00e9e \u00e0 l&#039;oreiller avec des boutons, ce qui la rend facile \u00e0 retirer avec une simple fermeture \u00e9clair. Retirez simplement la housse et effectuez un lavage rapide en machine pour donner \u00e0 votre oreiller un aspect neuf.<\/p>\n<p>Pour s&#039;adapter \u00e0 diff\u00e9rentes tailles de lit, cet oreiller est disponible en diff\u00e9rentes tailles : 45 cm, 60 cm, 80 cm, 100 cm, 120 cm, 140 cm, 160 cm, 180 cm et 200 cm.<\/p>\n<p>Ne vous contentez pas de nous croire sur parole, voici quelques avis de clients satisfaits\u00a0:<\/p>\n<p>\u00ab J&#039;ai achet\u00e9 le violet et il est magnifique ! Le mat\u00e9riau est doux et confortable, et sa taille est parfaite pour mon lit queen size. Je l&#039;utilise tous les soirs pour lire avant de me coucher, merci !<\/p>\n<p>\u00abLe coussin de dossier est d&#039;excellente qualit\u00e9. Je l&#039;ai achet\u00e9 pour mon mari et moi, et il nous convient parfaitement \u00e0 tous les deux. Ce n&#039;est ni trop dur ni trop mou, et la mati\u00e8re est tr\u00e8s agr\u00e9able. Je recommande fortement ce produit!&quot;<\/p>\n<p>\u00ab Ce produit a d\u00e9pass\u00e9 mes attentes ! Il est tr\u00e8s confortable et utile pour soutenir mon dos et mes jambes. La taie d&#039;oreiller aspect velours c\u00f4tel\u00e9 ajoute \u00e9galement une touche de style \u00e0 mon lit !<\/p>\n<p>En conclusion, le Back Pillow For Bed est un accessoire polyvalent et confortable que vous ne voudrez pas manquer. Alors pourquoi attendre ? Commandez le v\u00f4tre d\u00e8s aujourd&#039;hui et profitez du confort ultime !<\/p>","protected":false},"excerpt":{"rendered":"<ul>\n<li><strong>Confort ultime\u00a0:<\/strong> Cet oreiller de t\u00eate de lit offre un excellent confort gr\u00e2ce \u00e0 sa forme triangulaire. Le coussin de soutien du lit s&#039;adapte parfaitement au dos et \u00e0 la taille, minimisant ainsi la pression lombaire\/dos. Cet oreiller de lecture compens\u00e9 peut vous aider \u00e0 rester sans tension dans votre lit ou votre canap\u00e9, ce qui est id\u00e9al pour les noctambules qui travaillent, les rats de biblioth\u00e8que et pour regarder la t\u00e9l\u00e9vision au lit. Ce traversin extra large est le seul oreiller de t\u00eate de lit compens\u00e9 pouvant accueillir deux personnes.<\/li>\n<li><strong>Grand traversin 3 en 1\u00a0:<\/strong> Vous pouvez utiliser l&#039;oreiller droit comme oreiller de t\u00eate de lit pour vous asseoir dans le lit ou le poser \u00e0 plat sur le lit pour l&#039;utiliser comme un grand oreiller compens\u00e9 lorsque vous dormez sur le dos ou sur le c\u00f4t\u00e9, ou comme oreiller de jambe pour sur\u00e9lever vos jambes. Si vous souhaitez un grand oreiller de t\u00eate de lit qui offre un soutien \u00e0 vous et \u00e0 votre conjoint. C&#039;est une excellente alternative.<\/li>\n<li><strong>Conception multifonctionnelle\u00a0:<\/strong> Certaines personnes utilisent le grand coussin triangulaire comme oreiller de t\u00eate de lit, tandis que d&#039;autres l&#039;utilisent comme oreiller pare-chocs, il peut \u00e9galement \u00eatre un traversin de dossier de canap\u00e9 ou de lit de repos. Il est \u00e0 la fois \u00e9l\u00e9gant et fonctionnel, ce qui en fait un excellent ajout \u00e0 n&#039;importe quelle chambre.<\/li>\n<li><strong>Artisanat sup\u00e9rieur\u00a0:<\/strong> La taie d&#039;oreiller est en velours c\u00f4tel\u00e9 dont la composition est en polyester 100%. notre oreiller de t\u00eate de lit est suffisamment respirant et confortable pour conserver sa forme et ne pas perdre sa forme avec le temps, Une poche lat\u00e9rale de chaque c\u00f4t\u00e9 vous permet d&#039;y glisser votre livre ou votre t\u00e9l\u00e9phone.<\/li>\n<li><strong>Facile \u00e0 laver :<\/strong> La housse du coussin de lecture est fix\u00e9e \u00e0 l&#039;oreiller avec des boutons et est facile \u00e0 retirer avec une simple fermeture \u00e9clair. Cela rend son nettoyage sans tracas. Retirez simplement la housse et effectuez un lavage rapide en machine pour donner \u00e0 votre oreiller un aspect neuf.<\/li>\n<li><strong>Taille:<\/strong> 45 cm (L45 x L20 x H50 | 0 boutons), 60 cm (L60 x L20 x H50 | 0 boutons), 80 cm (L80 x L20 x H50 | 2 boutons), 100 cm (L100 x L20 x H50 | 3 boutons), 120 cm ( L120 x L20 x H50 | 4 boutons), 140 cm (L140 x L20 x H50 | 4 boutons), 160 cm (L160 x L20 x H50 | 5 boutons), 180 cm (L180 x L20 x H50 | 6 boutons), 200 cm (L200 x L20 x H50 | 7 boutons).<\/li>\n<\/ul>","protected":false},"featured_media":300,"comment_status":"open","ping_status":"closed","template":"","meta":[],"product_brand":[],"product_cat":[15],"product_tag":[219,205,204,222,206,218,221,217,209,168,132,199,163,112,190,220,68],"class_list":{"0":"post-318","1":"product","2":"type-product","3":"status-publish","4":"has-post-thumbnail","6":"product_cat-large-wedge-pillow","7":"product_tag-back-pillow-for-bed","8":"product_tag-back-support-headboard-pillow","9":"product_tag-bed-support-cushion","10":"product_tag-breathable-pillow","11":"product_tag-bumper-pillow","12":"product_tag-corduroy-pillow","13":"product_tag-couch-backrest","14":"product_tag-daybed-backrest","15":"product_tag-extra-large-bolster-pillow","16":"product_tag-headboard-pillow","17":"product_tag-large-bolster-pillow","18":"product_tag-large-wedge-pillow","19":"product_tag-leg-pillow","20":"product_tag-lumbar-support-pillow","21":"product_tag-purple-pillow","22":"product_tag-wedge-headboard-pillow","23":"product_tag-wedge-reading-pillow","25":"first","26":"instock","27":"featured","28":"shipping-taxable","29":"purchasable","30":"product-type-variable"},"_links":{"self":[{"href":"https:\/\/www.largepillow.com\/fr\/wp-json\/wp\/v2\/product\/318","targetHints":{"allow":["GET"]}}],"collection":[{"href":"https:\/\/www.largepillow.com\/fr\/wp-json\/wp\/v2\/product"}],"about":[{"href":"https:\/\/www.largepillow.com\/fr\/wp-json\/wp\/v2\/types\/product"}],"replies":[{"embeddable":true,"href":"https:\/\/www.largepillow.com\/fr\/wp-json\/wp\/v2\/comments?post=318"}],"wp:featuredmedia":[{"embeddable":true,"href":"https:\/\/www.largepillow.com\/fr\/wp-json\/wp\/v2\/media\/300"}],"wp:attachment":[{"href":"https:\/\/www.largepillow.com\/fr\/wp-json\/wp\/v2\/media?parent=318"}],"wp:term":[{"taxonomy":"product_brand","embeddable":true,"href":"https:\/\/www.largepillow.com\/fr\/wp-json\/wp\/v2\/product_brand?post=318"},{"taxonomy":"product_cat","embeddable":true,"href":"https:\/\/www.largepillow.com\/fr\/wp-json\/wp\/v2\/product_cat?post=318"},{"taxonomy":"product_tag","embeddable":true,"href":"https:\/\/www.largepillow.com\/fr\/wp-json\/wp\/v2\/product_tag?post=318"}],"curies":[{"name":"wp","href":"https:\/\/api.w.org\/{rel}","templated":true}]}}