{"id":3222,"date":"2024-07-22T04:17:50","date_gmt":"2024-07-22T04:17:50","guid":{"rendered":"https:\/\/www.largepillow.com\/product\/car-seat-booster-seat-for-dogs-pet-travel-bed"},"modified":"2026-03-12T10:57:57","modified_gmt":"2026-03-12T10:57:57","slug":"siege-dappoint-de-siege-de-voiture-pour-chiens-lit-de-voyage-pour-animaux-de-compagnie","status":"publish","type":"product","link":"https:\/\/www.largepillow.com\/fr\/product\/car-seat-booster-seat-for-dogs-pet-travel-bed","title":{"rendered":"Si\u00e8ge d&#039;appoint de si\u00e8ge d&#039;auto pour chiens, lit de voyage pour animaux de compagnie"},"content":{"rendered":"[zc_getpagecontent mb=&#8221;mb_aplus&#8221; apid=&#8221;37&#8243;]\n","protected":false},"excerpt":{"rendered":"<ul>\n<li><strong>Mat\u00e9riau de haute qualit\u00e9<\/strong>: Fabriqu\u00e9 en lin de coton de haute qualit\u00e9, respirant et confortable, anti-morsure, durable et facile \u00e0 nettoyer. Rempli de polyester de qualit\u00e9 sup\u00e9rieure, r\u00e9silience de haute qualit\u00e9, qui offrira un soutien ferme avec confort et douceur. Conserve sa forme et sa fermet\u00e9 pour une utilisation \u00e0 long terme.<\/li>\n<li><strong>Si\u00e8ge d&#039;auto polyvalent pour chien<\/strong>: La boucle r\u00e9glable du si\u00e8ge auto pour chien peut \u00e9galement \u00eatre utilis\u00e9e comme dragonne, ce qui est pratique \u00e0 transporter \u00e0 l&#039;ext\u00e9rieur, elle peut \u00e9galement \u00eatre utilis\u00e9e comme lit pour chien \u00e0 la maison ; il peut \u00e9galement \u00eatre utilis\u00e9 sur le canap\u00e9 pour prot\u00e9ger le canap\u00e9 des dommages caus\u00e9s par les chiens.<\/li>\n<li><strong>Facile \u00e0 installer<\/strong>: Le si\u00e8ge auto pour chien de petite taille est livr\u00e9 avec une bande de dossier, il suffit de fixer la bande arri\u00e8re \u00e0 l&#039;arri\u00e8re du si\u00e8ge avant et d&#039;ajuster la longueur des sangles. Le si\u00e8ge auto pour chien de taille moyenne peut \u00eatre install\u00e9 en accrochant deux poign\u00e9es portables r\u00e9glables respectivement sur les si\u00e8ges avant et arri\u00e8re de la voiture, adapt\u00e9es \u00e0 une vari\u00e9t\u00e9 de types de voitures. Le fond antid\u00e9rapant emp\u00eache le rehausseur pour animaux de compagnie de glisser dans la voiture, offrant ainsi un environnement plus s\u00fbr pour les animaux de compagnie.<\/li>\n<li><strong>Dimensions du si\u00e8ge<\/strong>: Petit : 52 cm (longueur) x 52 cm (largeur) x 42 cm (hauteur), Grand : 76 cm (longueur) x 52 cm (largeur) x 39 cm (hauteur). Le si\u00e8ge auto pour chien de taille S convient au si\u00e8ge avant des voitures. Le si\u00e8ge auto pour chien de taille L convient pour une installation sur la banquette arri\u00e8re de tous types de voitures. Le si\u00e8ge auto pour chien est \u00e9quip\u00e9 de ceintures de s\u00e9curit\u00e9 pour assurer la s\u00e9curit\u00e9 de votre animal, et ne vous inqui\u00e9tez pas que votre animal vous d\u00e9range pendant la conduite.<\/li>\n<li><strong>Facile \u00e0 nettoyer<\/strong>: Ce si\u00e8ge d&#039;auto pour animaux de compagnie est compl\u00e8tement d\u00e9tachable, il y a des fermetures \u00e0 glissi\u00e8re invisibles aux 4 coins, il suffit d&#039;ouvrir la fermeture \u00e0 glissi\u00e8re et de retirer le coton PP, de mettre la housse de si\u00e8ge d&#039;auto pour animaux de compagnie dans la machine \u00e0 laver pour le nettoyage\u00a0; vous pouvez \u00e9galement utiliser un aspirateur pour nettoyer les impuret\u00e9s de surface ou les poils du rehausseur pour animal de compagnie lors du nettoyage quotidien.<\/li>\n<li><strong>Conseils chaleureux<\/strong>: Le si\u00e8ge auto pour chien est emball\u00e9 sous vide pour l&#039;exp\u00e9dition, de sorte que le remplissage est ajout\u00e9 davantage pour maintenir la forme du si\u00e8ge afin d&#039;assurer sa durabilit\u00e9 et sa fonctionnalit\u00e9. Si vous pensez que le rembourrage du si\u00e8ge auto pour chien est trop lourd pour les animaux de compagnie, vous pouvez retirer vous-m\u00eame une partie du rembourrage pour obtenir le niveau de confort souhait\u00e9 pour votre animal. Veuillez attendre 24 \u00e0 48 heures pour qu&#039;il retrouve son \u00e9paisseur et sa forme d&#039;origine apr\u00e8s le d\u00e9ballage.<\/li>\n<\/ul>","protected":false},"featured_media":3569,"comment_status":"open","ping_status":"closed","template":"","meta":[],"product_brand":[],"product_cat":[227],"product_tag":[],"class_list":{"0":"post-3222","1":"product","2":"type-product","3":"status-publish","4":"has-post-thumbnail","6":"product_cat-pet-supplies","8":"first","9":"instock","10":"shipping-taxable","11":"purchasable","12":"product-type-variable","13":"has-default-attributes"},"_links":{"self":[{"href":"https:\/\/www.largepillow.com\/fr\/wp-json\/wp\/v2\/product\/3222","targetHints":{"allow":["GET"]}}],"collection":[{"href":"https:\/\/www.largepillow.com\/fr\/wp-json\/wp\/v2\/product"}],"about":[{"href":"https:\/\/www.largepillow.com\/fr\/wp-json\/wp\/v2\/types\/product"}],"replies":[{"embeddable":true,"href":"https:\/\/www.largepillow.com\/fr\/wp-json\/wp\/v2\/comments?post=3222"}],"wp:featuredmedia":[{"embeddable":true,"href":"https:\/\/www.largepillow.com\/fr\/wp-json\/wp\/v2\/media\/3569"}],"wp:attachment":[{"href":"https:\/\/www.largepillow.com\/fr\/wp-json\/wp\/v2\/media?parent=3222"}],"wp:term":[{"taxonomy":"product_brand","embeddable":true,"href":"https:\/\/www.largepillow.com\/fr\/wp-json\/wp\/v2\/product_brand?post=3222"},{"taxonomy":"product_cat","embeddable":true,"href":"https:\/\/www.largepillow.com\/fr\/wp-json\/wp\/v2\/product_cat?post=3222"},{"taxonomy":"product_tag","embeddable":true,"href":"https:\/\/www.largepillow.com\/fr\/wp-json\/wp\/v2\/product_tag?post=3222"}],"curies":[{"name":"wp","href":"https:\/\/api.w.org\/{rel}","templated":true}]}}