{"id":3330,"date":"2024-07-23T00:38:46","date_gmt":"2024-07-23T00:38:46","guid":{"rendered":"https:\/\/www.largepillow.com\/product\/folding-floor-sofa-bed-with-filling-sleeper-guest-couch"},"modified":"2024-10-03T16:31:25","modified_gmt":"2024-10-03T16:31:25","slug":"canape-lit-pliant-au-sol-avec-canape-lit-pour-invites","status":"publish","type":"product","link":"https:\/\/www.largepillow.com\/fr\/product\/folding-floor-sofa-bed-with-filling-sleeper-guest-couch","title":{"rendered":"Canap\u00e9-lit pliant au sol avec rembourrage, canap\u00e9-lit pour invit\u00e9s"},"content":{"rendered":"<p>Am\u00e9liorez votre jeu de relaxation avec notre lit pouf pour adultes. Con\u00e7ue pour offrir une exp\u00e9rience de confort ultime, cette chaise convertible se plie facilement d&#039;une chaise \u00e0 un lit. Le coussin a \u00e9t\u00e9 facilement pli\u00e9 en bas, vous permettant de basculer facilement entre les si\u00e8ges et les couchages, ce qui le rend id\u00e9al pour accueillir des invit\u00e9s inattendus ou maximiser l&#039;espace dans votre maison.<\/p>\n<p>Fabriqu\u00e9e avec des mat\u00e9riaux de haute qualit\u00e9, notre taie d&#039;oreiller est fabriqu\u00e9e \u00e0 partir de polyester 100% avec une texture entrelac\u00e9e et des coutures exquises qui sont robustes tout autour. Le rembourrage est compos\u00e9 de fibres de polyester haute densit\u00e9 et de haute qualit\u00e9 qui emp\u00eachent l&#039;affaissement m\u00eame apr\u00e8s des mois d&#039;utilisation. La housse amovible est douce au toucher, lavable en machine et r\u00e9sistante \u00e0 l&#039;eau, aux taches et \u00e0 la d\u00e9coloration pour un entretien facile.<\/p>\n<p>Notre lit pouf est parfait pour ceux qui aiment se d\u00e9tendre et se reposer \u00e0 la maison, en particulier les jeunes et les familles. Que vous soyez dans le salon, la chambre, le bureau, le salon, la terrasse ou le jardin, notre lit pouf est le compl\u00e9ment parfait \u00e0 votre maison. Les coussins moelleux et la construction robuste vous donneront l&#039;impression d&#039;\u00eatre assis sur un nuage.<\/p>\n<p>Alors pourquoi attendre ? Transformez votre espace de vie en un havre de paix douillet et confortable avec notre lit pouf. Dites adieu aux si\u00e8ges inconfortables et bonjour \u00e0 la d\u00e9tente ultime. Achetez maintenant et offrez-vous l&#039;exp\u00e9rience de confort ultime.<\/p>","protected":false},"excerpt":{"rendered":"<ul>\n<li><strong>Faites l&#039;exp\u00e9rience d&#039;un confort semblable \u00e0 celui du cloud<\/strong>: Ne cherchez pas plus loin que notre canap\u00e9-lit paresseux au sol\u00a0! Con\u00e7u pour votre confort, ce canap\u00e9 de sol est parfait pour se pr\u00e9lasser, lire, regarder la t\u00e9l\u00e9vision et plus encore. Avec son design confortable et sa construction robuste, vous aurez l&#039;impression d&#039;\u00eatre assis sur un nuage.<\/li>\n<li><strong>Du canap\u00e9 au lit facilement<\/strong>: Transformer ce meuble en un canap\u00e9-lit confortable est un jeu d&#039;enfant \u2013 il suffit de retirer le coussin de si\u00e8ge rabattable en bas ! Cette conception innovante vous permet de basculer facilement entre les si\u00e8ges et les couchages, ce qui la rend id\u00e9ale pour accueillir des invit\u00e9s inattendus ou maximiser l&#039;espace dans votre maison.<\/li>\n<li><strong>Mat\u00e9riaux de haute qualit\u00e9<\/strong>: Notre taie d&#039;oreiller est fabriqu\u00e9e en polyester 100% avec une texture entrelac\u00e9e et des coutures exquises qui sont robustes tout autour. Le rembourrage est compos\u00e9 de fibres de polyester haute densit\u00e9 et de haute qualit\u00e9 qui emp\u00eachent l&#039;affaissement m\u00eame apr\u00e8s des mois d&#039;utilisation.<\/li>\n<li><strong>Facile \u00e0 laver<\/strong>: La housse amovible est douce au toucher, lavable en machine et r\u00e9sistante \u00e0 l&#039;eau, aux taches et \u00e0 la d\u00e9coloration pour un entretien facile.<\/li>\n<li><strong>Convient \u00e0 plusieurs occasions<\/strong>: Notre canap\u00e9-lit au sol est parfait pour ceux qui aiment se d\u00e9tendre et se reposer \u00e0 la maison, en particulier les jeunes et les familles. Ils sont tr\u00e8s adapt\u00e9s pour \u00eatre plac\u00e9s dans les salons, les chambres, les bureaux, les salons et autres endroits, et peuvent \u00e9galement \u00eatre plac\u00e9s \u00e0 l&#039;ext\u00e9rieur sur les terrasses ou dans les jardins.<\/li>\n<\/ul>","protected":false},"featured_media":3566,"comment_status":"open","ping_status":"closed","template":"","meta":[],"product_brand":[],"product_cat":[228],"product_tag":[],"class_list":{"0":"post-3330","1":"product","2":"type-product","3":"status-publish","4":"has-post-thumbnail","6":"product_cat-cushions","8":"first","9":"instock","10":"shipping-taxable","11":"purchasable","12":"product-type-simple"},"_links":{"self":[{"href":"https:\/\/www.largepillow.com\/fr\/wp-json\/wp\/v2\/product\/3330","targetHints":{"allow":["GET"]}}],"collection":[{"href":"https:\/\/www.largepillow.com\/fr\/wp-json\/wp\/v2\/product"}],"about":[{"href":"https:\/\/www.largepillow.com\/fr\/wp-json\/wp\/v2\/types\/product"}],"replies":[{"embeddable":true,"href":"https:\/\/www.largepillow.com\/fr\/wp-json\/wp\/v2\/comments?post=3330"}],"wp:featuredmedia":[{"embeddable":true,"href":"https:\/\/www.largepillow.com\/fr\/wp-json\/wp\/v2\/media\/3566"}],"wp:attachment":[{"href":"https:\/\/www.largepillow.com\/fr\/wp-json\/wp\/v2\/media?parent=3330"}],"wp:term":[{"taxonomy":"product_brand","embeddable":true,"href":"https:\/\/www.largepillow.com\/fr\/wp-json\/wp\/v2\/product_brand?post=3330"},{"taxonomy":"product_cat","embeddable":true,"href":"https:\/\/www.largepillow.com\/fr\/wp-json\/wp\/v2\/product_cat?post=3330"},{"taxonomy":"product_tag","embeddable":true,"href":"https:\/\/www.largepillow.com\/fr\/wp-json\/wp\/v2\/product_tag?post=3330"}],"curies":[{"name":"wp","href":"https:\/\/api.w.org\/{rel}","templated":true}]}}