{"id":3388,"date":"2024-07-23T01:37:07","date_gmt":"2024-07-23T01:37:07","guid":{"rendered":"https:\/\/www.largepillow.com\/product\/portable-neck-pillow-clothes-stuffable-ideal-for-trips"},"modified":"2025-04-02T07:09:22","modified_gmt":"2025-04-02T07:09:22","slug":"oreiller-cervical-portable-vetements-rembourres-ideal-pour-les-voyages","status":"publish","type":"product","link":"https:\/\/www.largepillow.com\/fr\/product\/portable-neck-pillow-clothes-stuffable-ideal-for-trips\/","title":{"rendered":"Oreiller cervical portable, rembourr\u00e9 pour les v\u00eatements, id\u00e9al pour les voyages"},"content":{"rendered":"[zc_getpagecontent mb=&#8221;mb_aplus&#8221; apid=&#8221;75&#8243;]\n","protected":false},"excerpt":{"rendered":"<ul>\n<li><strong>Pas de frais de bagages suppl\u00e9mentaires\u00a0:<\/strong> Nos oreillers de voyage rembourr\u00e9s sont con\u00e7us pour transporter des articles qui ne rentrent pas dans un bagage \u00e0 main ou un article personnel sans payer de frais suppl\u00e9mentaires allant jusqu&#039;\u00e0 $70 pour les bagages enregistr\u00e9s suppl\u00e9mentaires. Notre compagnon de voyage polyvalent vous permet d&#039;\u00e9viter ces frais de bagages co\u00fbteux. Emportez jusqu&#039;\u00e0 3 jours de v\u00eatements et d&#039;articles essentiels dans cet oreiller cervical rembourr\u00e9, et ne vous inqui\u00e9tez plus jamais des frais d&#039;exc\u00e9dent de bagages.<\/li>\n<li><strong>Mat\u00e9riau confortable :<\/strong>\u00a0Nous avons ce qu&#039;il vous faut avec des mat\u00e9riaux confortables et haut de gamme. l&#039;oreiller cervical de voyage est fabriqu\u00e9 en tissu composite \u00e9ponge et vous offre un toucher confortable pour une exp\u00e9rience de voyage heureuse. Vous pouvez profiter d&#039;un soutien confortable du cou et des lombaires dans les avions, les voyages en voiture, les trains et m\u00eame faire un sac de transport pratique sur les v\u00e9los et les motos\u00a0!<\/li>\n<li><strong>Polyvalence et gain de place\u00a0:<\/strong> notre oreiller de voyage rembourr\u00e9 pour v\u00eatements est livr\u00e9 avec une sangle r\u00e9glable qui peut \u00eatre port\u00e9e sur l&#039;\u00e9paule ou autour du cou. Que vous partiez pour une escapade d&#039;un week-end, une aventure en camping ou un voyage en avion \u00e9conomique, notre oreiller de voyage avec tour de cou r\u00e9glable la taille et la bandouli\u00e8re suppl\u00e9mentaire simplifient l&#039;emballage tout en maximisant l&#039;espace pour les bagages.<\/li>\n<li><strong>Conception auto-remplissante\u00a0:<\/strong> notre oreiller cervical rembourr\u00e9 pour le voyage est \u00e9quip\u00e9 de fermetures \u00e9clair lat\u00e9rales dissimul\u00e9es et l&#039;ouverture de rembourrage est suffisamment large pour que vous puissiez la remplir de v\u00eatements afin de maximiser l&#039;espace de vos bagages, et l&#039;oreiller ne prendra pas trop de place, ce qui le rend facile \u00e0 ranger et \u00e0 ranger. v\u00eatements dans les oreillers de voyage. Lorsqu&#039;ils ne sont pas utilis\u00e9s, ils peuvent \u00e9galement \u00eatre pli\u00e9s dans un sac \u00e0 main plat qui peut \u00eatre plac\u00e9 dans un sac \u00e0 main, un sac \u00e0 dos ou m\u00eame une poche.<\/li>\n<li><strong>Les essentiels du voyage\u00a0:<\/strong> Tout est pour la commodit\u00e9 et le confort, l&#039;oreiller de voyage rembourr\u00e9 est con\u00e7u pour une gamme de voyages, qu&#039;il s&#039;agisse d&#039;une escapade spontan\u00e9e d&#039;un week-end, d&#039;une exp\u00e9dition de camping immersive, de randonn\u00e9es revigorantes ou d&#039;un voyage a\u00e9rien \u00e9conomique. notre oreiller cervical pour les voyages peut r\u00e9pondre \u00e0 vos besoins et constitue le meilleur oreiller de voyage pour les voyageurs.<\/li>\n<\/ul>","protected":false},"featured_media":3380,"comment_status":"open","ping_status":"closed","template":"","meta":[],"product_brand":[],"product_cat":[228],"product_tag":[],"class_list":{"0":"post-3388","1":"product","2":"type-product","3":"status-publish","4":"has-post-thumbnail","6":"product_cat-cushions","8":"first","9":"instock","10":"shipping-taxable","11":"purchasable","12":"product-type-simple"},"_links":{"self":[{"href":"https:\/\/www.largepillow.com\/fr\/wp-json\/wp\/v2\/product\/3388","targetHints":{"allow":["GET"]}}],"collection":[{"href":"https:\/\/www.largepillow.com\/fr\/wp-json\/wp\/v2\/product"}],"about":[{"href":"https:\/\/www.largepillow.com\/fr\/wp-json\/wp\/v2\/types\/product"}],"replies":[{"embeddable":true,"href":"https:\/\/www.largepillow.com\/fr\/wp-json\/wp\/v2\/comments?post=3388"}],"wp:featuredmedia":[{"embeddable":true,"href":"https:\/\/www.largepillow.com\/fr\/wp-json\/wp\/v2\/media\/3380"}],"wp:attachment":[{"href":"https:\/\/www.largepillow.com\/fr\/wp-json\/wp\/v2\/media?parent=3388"}],"wp:term":[{"taxonomy":"product_brand","embeddable":true,"href":"https:\/\/www.largepillow.com\/fr\/wp-json\/wp\/v2\/product_brand?post=3388"},{"taxonomy":"product_cat","embeddable":true,"href":"https:\/\/www.largepillow.com\/fr\/wp-json\/wp\/v2\/product_cat?post=3388"},{"taxonomy":"product_tag","embeddable":true,"href":"https:\/\/www.largepillow.com\/fr\/wp-json\/wp\/v2\/product_tag?post=3388"}],"curies":[{"name":"wp","href":"https:\/\/api.w.org\/{rel}","templated":true}]}}