{"id":3413,"date":"2024-07-23T03:06:14","date_gmt":"2024-07-23T03:06:14","guid":{"rendered":"https:\/\/www.largepillow.com\/product\/ergonomic-wedge-pillow-with-arm-hole-for-shoulder-pain-relief"},"modified":"2025-04-29T06:10:15","modified_gmt":"2025-04-29T06:10:15","slug":"oreiller-compense-ergonomique-avec-trou-pour-les-bras-pour-soulager-la-douleur-a-lepaule","status":"publish","type":"product","link":"https:\/\/www.largepillow.com\/fr\/product\/ergonomic-wedge-pillow-with-arm-hole-for-shoulder-pain-relief","title":{"rendered":"Oreiller compens\u00e9 ergonomique avec trou pour les bras pour soulager la douleur aux \u00e9paules"},"content":{"rendered":"","protected":false},"excerpt":{"rendered":"<ul>\n<li><strong>Oreiller en mousse \u00e0 contour r\u00e9glable\u00a0:<\/strong> L&#039;appui-t\u00eate en forme de U et le tampon d&#039;inclinaison de notre oreiller pour dormeur lat\u00e9ral maintiennent votre colonne vert\u00e9brale neutre, en ajustant et en corrigeant efficacement votre position de sommeil lat\u00e9rale, soulageant la pression sur les \u00e9paules, les bras et le dos, et lib\u00e9rant plus d&#039;espace de repos pour les \u00e9paules afin que vous puissiez peut dormir confortablement des deux c\u00f4t\u00e9s<\/li>\n<li><strong>Oreiller compens\u00e9 pour le contour des \u00e9paules\u00a0:<\/strong> Les rainures scientifiquement con\u00e7ues au niveau du repose-\u00e9paules conviennent aux personnes qui dorment sur le c\u00f4t\u00e9. Ils peuvent r\u00e9duire la pression sur les \u00e9paules lorsque vous dormez sur le c\u00f4t\u00e9 et \u00e9viter les postures de sommeil vo\u00fbt\u00e9es. L&#039;oreiller compens\u00e9 est suffisamment large pour placer les bras, de sorte que ceux-ci ne se sentent pas suspendus lorsque vous dormez sur le c\u00f4t\u00e9. Taille: 55*60*19 cm<\/li>\n<li><strong>Appui-t\u00eate incurv\u00e9\u00a0:<\/strong> Notre oreiller de couchage adopte un design en forme de U. La forme du contour offre un soutien ferme \u00e0 votre colonne cervicale, \u00e0 votre t\u00eate et s&#039;adapte naturellement \u00e0 la posture de la t\u00eate lorsque vous dormez sur le c\u00f4t\u00e9 et sur le dos. afin de garder votre cou bien align\u00e9 avec le reste de votre corps, apaiser les douleurs au cou et aux \u00e9paules. L&#039;oreiller de sommeil offre un meilleur soutien de la t\u00eate et des cervicales. Taille: 20*39*10 cm<\/li>\n<li><strong>Rempli et tissu\u00a0:<\/strong> La partie blanche est en tissu tricot\u00e9 respirant, doux pour la peau et non \u00e9touffant, adapt\u00e9 \u00e0 toutes les saisons. La partie beige est r\u00e9alis\u00e9e en tissu velours doux givr\u00e9. L&#039;oreiller corporel compens\u00e9 est rempli de mousse haute densit\u00e9, offrant un soutien durable et efficace, avec une forte capacit\u00e9 de charge et pas facilement d\u00e9formable. L&#039;appui-t\u00eate est fabriqu\u00e9 en mousse \u00e0 m\u00e9moire de forme \u00e0 rebond lent de qualit\u00e9 sup\u00e9rieure qui peut absorber uniform\u00e9ment la force d&#039;impact et disperser la pression, et pr\u00e9sente une douceur \u00e9quilibr\u00e9e.<\/li>\n<li><strong>Large application :<\/strong> Cet oreiller de soutien cervical convient parfaitement aux personnes \u00e2g\u00e9es, aux employ\u00e9s de bureau, aux enseignants et \u00e0 ceux qui souffrent de troubles du sommeil. Si vous sentez de temps en temps qu&#039;un sommeil ordinaire ne peut pas soulager la douleur et la fatigue de vos \u00e9paules et de votre cou, cet oreiller de soutien ergonomique sera votre meilleur choix. L&#039;angle et le contour scientifiquement con\u00e7us peuvent vous offrir un sommeil confortable et un soulagement des douleurs \u00e0 l&#039;\u00e9paule.<\/li>\n<li><strong>Position de sommeil id\u00e9ale :<\/strong>\u00a0Une bonne posture de sommeil am\u00e9liore la qualit\u00e9 du sommeil et soulage rapidement la fatigue physique et le stress mental. Notre oreiller contour con\u00e7u am\u00e9liore efficacement les douleurs au cou, aux \u00e9paules, au dos et \u00e0 la taille.<\/li>\n<\/ul>","protected":false},"featured_media":3405,"comment_status":"open","ping_status":"closed","template":"","meta":[],"product_brand":[],"product_cat":[228],"product_tag":[],"class_list":{"0":"post-3413","1":"product","2":"type-product","3":"status-publish","4":"has-post-thumbnail","6":"product_cat-cushions","8":"first","9":"outofstock","10":"featured","11":"shipping-taxable","12":"purchasable","13":"product-type-simple"},"_links":{"self":[{"href":"https:\/\/www.largepillow.com\/fr\/wp-json\/wp\/v2\/product\/3413","targetHints":{"allow":["GET"]}}],"collection":[{"href":"https:\/\/www.largepillow.com\/fr\/wp-json\/wp\/v2\/product"}],"about":[{"href":"https:\/\/www.largepillow.com\/fr\/wp-json\/wp\/v2\/types\/product"}],"replies":[{"embeddable":true,"href":"https:\/\/www.largepillow.com\/fr\/wp-json\/wp\/v2\/comments?post=3413"}],"wp:featuredmedia":[{"embeddable":true,"href":"https:\/\/www.largepillow.com\/fr\/wp-json\/wp\/v2\/media\/3405"}],"wp:attachment":[{"href":"https:\/\/www.largepillow.com\/fr\/wp-json\/wp\/v2\/media?parent=3413"}],"wp:term":[{"taxonomy":"product_brand","embeddable":true,"href":"https:\/\/www.largepillow.com\/fr\/wp-json\/wp\/v2\/product_brand?post=3413"},{"taxonomy":"product_cat","embeddable":true,"href":"https:\/\/www.largepillow.com\/fr\/wp-json\/wp\/v2\/product_cat?post=3413"},{"taxonomy":"product_tag","embeddable":true,"href":"https:\/\/www.largepillow.com\/fr\/wp-json\/wp\/v2\/product_tag?post=3413"}],"curies":[{"name":"wp","href":"https:\/\/api.w.org\/{rel}","templated":true}]}}