{"id":3481,"date":"2024-07-25T03:14:13","date_gmt":"2024-07-25T03:14:13","guid":{"rendered":"https:\/\/www.largepillow.com\/product\/oversized-floor-recliner-mat-for-gaming-reading-resting"},"modified":"2024-10-03T16:31:25","modified_gmt":"2024-10-03T16:31:25","slug":"tapis-de-sol-inclinable-surdimensionne-pour-jouer-lire-se-reposer","status":"publish","type":"product","link":"https:\/\/www.largepillow.com\/fr\/product\/oversized-floor-recliner-mat-for-gaming-reading-resting\/","title":{"rendered":"Tapis inclinable surdimensionn\u00e9 pour jouer, lire et se reposer"},"content":{"rendered":"[zc_getpagecontent mb=&#8221;mb_aplus&#8221; apid=&#8221;77&#8243;]\n","protected":false},"excerpt":{"rendered":"<ul>\n<li><strong>CONFORT ULTIME :<\/strong> Profitez d&#039;un confort in\u00e9gal\u00e9 avec le canap\u00e9 Muffin Grand. Dot\u00e9 d&#039;un rev\u00eatement en fourrure de lapin et d&#039;un rembourrage en mousse haute r\u00e9silience, ce canap\u00e9 assure un confort maximal que vous soyez assis pour lire un livre, regarder la t\u00e9l\u00e9vision ou simplement vous d\u00e9tendre apr\u00e8s une journ\u00e9e bien remplie.<\/li>\n<li><strong>SAVOIR-FAIRE DE QUALIT\u00c9 SUP\u00c9RIEURE :<\/strong> Ce canap\u00e9 modulable est dot\u00e9 d&#039;un rev\u00eatement en fourrure de lapin et d&#039;un rembourrage en mousse haute r\u00e9silience, alliant praticit\u00e9 et confort pour une exp\u00e9rience luxueuse et durable. Facile \u00e0 d\u00e9monter et \u00e0 assembler, il assure une \u00e9l\u00e9gance durable dans n&#039;importe quelle pi\u00e8ce.<\/li>\n<li><strong>SUPPORT STABLE :<\/strong> Profitez d&#039;une d\u00e9tente paisible avec notre canap\u00e9 de sol. La mousse haute densit\u00e9 offre un excellent soutien et un amorti qui \u00e9pouse les courbes du corps et soulage les points de pression. La stabilit\u00e9 du canap\u00e9 encastrable assure s\u00e9curit\u00e9 et fiabilit\u00e9, vous permettant de profiter d&#039;un confort et d&#039;une durabilit\u00e9 durables.<\/li>\n<li><strong>CONCEPTION UNIQUE ET FACILE \u00c0 NETTOYER :<\/strong> Ce canap\u00e9 est non seulement confortable mais aussi facile \u00e0 nettoyer. La fermeture \u00e9clair invisible est facile \u00e0 retirer et \u00e0 nettoyer, ce qui permet de garder le canap\u00e9 bien rang\u00e9. Vous permet de profiter de votre temps libre en tout confort.<\/li>\n<li><strong>TAILLE ID\u00c9ALE POUR LE CONFORT :<\/strong> Notre canap\u00e9 pliant mesure 110*39 pouces, ce qui est la taille id\u00e9ale pour un fauteuil inclinable et est facile \u00e0 ranger et \u00e0 \u00e9conomiser de l&#039;espace.<\/li>\n<\/ul>","protected":false},"featured_media":3465,"comment_status":"open","ping_status":"closed","template":"","meta":[],"product_brand":[],"product_cat":[228],"product_tag":[],"class_list":{"0":"post-3481","1":"product","2":"type-product","3":"status-publish","4":"has-post-thumbnail","6":"product_cat-cushions","8":"first","9":"instock","10":"shipping-taxable","11":"purchasable","12":"product-type-simple"},"_links":{"self":[{"href":"https:\/\/www.largepillow.com\/fr\/wp-json\/wp\/v2\/product\/3481","targetHints":{"allow":["GET"]}}],"collection":[{"href":"https:\/\/www.largepillow.com\/fr\/wp-json\/wp\/v2\/product"}],"about":[{"href":"https:\/\/www.largepillow.com\/fr\/wp-json\/wp\/v2\/types\/product"}],"replies":[{"embeddable":true,"href":"https:\/\/www.largepillow.com\/fr\/wp-json\/wp\/v2\/comments?post=3481"}],"wp:featuredmedia":[{"embeddable":true,"href":"https:\/\/www.largepillow.com\/fr\/wp-json\/wp\/v2\/media\/3465"}],"wp:attachment":[{"href":"https:\/\/www.largepillow.com\/fr\/wp-json\/wp\/v2\/media?parent=3481"}],"wp:term":[{"taxonomy":"product_brand","embeddable":true,"href":"https:\/\/www.largepillow.com\/fr\/wp-json\/wp\/v2\/product_brand?post=3481"},{"taxonomy":"product_cat","embeddable":true,"href":"https:\/\/www.largepillow.com\/fr\/wp-json\/wp\/v2\/product_cat?post=3481"},{"taxonomy":"product_tag","embeddable":true,"href":"https:\/\/www.largepillow.com\/fr\/wp-json\/wp\/v2\/product_tag?post=3481"}],"curies":[{"name":"wp","href":"https:\/\/api.w.org\/{rel}","templated":true}]}}