{"id":3508,"date":"2024-07-25T03:34:29","date_gmt":"2024-07-25T03:34:29","guid":{"rendered":"https:\/\/www.largepillow.com\/product\/large-folding-daybed-sofa-with-adjustable-headboard"},"modified":"2024-10-03T16:31:25","modified_gmt":"2024-10-03T16:31:25","slug":"grand-canape-lit-pliant-avec-tete-de-lit-reglable","status":"publish","type":"product","link":"https:\/\/www.largepillow.com\/fr\/product\/large-folding-daybed-sofa-with-adjustable-headboard\/","title":{"rendered":"Grand canap\u00e9-lit pliant avec t\u00eate de lit r\u00e9glable"},"content":{"rendered":"","protected":false},"excerpt":{"rendered":"<ul>\n<li>CONFORT ULTIME : Profitez d&#039;un confort in\u00e9gal\u00e9 avec le canap\u00e9-lit r\u00e9glable au chevet. Dot\u00e9 d&#039;une housse en lin polyester et d&#039;un rembourrage en mousse haute r\u00e9silience, ce canap\u00e9 pliant assure un confort maximal, que vous soyez assis et vous d\u00e9tendiez, regardiez la t\u00e9l\u00e9vision ou vous d\u00e9tendiez apr\u00e8s une journ\u00e9e bien remplie.<\/li>\n<li>ARTISANAT SUP\u00c9RIEUR\u00a0: Avec une housse en lin polyester et un rembourrage en mousse haute r\u00e9silience, ce canap\u00e9 sectionnel allie praticit\u00e9 et confort pour une exp\u00e9rience luxueuse et durable. Facile \u00e0 d\u00e9monter et \u00e0 assembler, il assure une \u00e9l\u00e9gance durable dans n&#039;importe quelle pi\u00e8ce.<\/li>\n<li>SUPPORT STABLE : Profitez d&#039;une d\u00e9tente paisible avec notre canap\u00e9 de sol. La mousse haute densit\u00e9 offre un excellent soutien et un excellent amorti qui \u00e9pouse les courbes du corps et soulage les points de pression. La stabilit\u00e9 du canap\u00e9 encastrable assure s\u00e9curit\u00e9 et fiabilit\u00e9, vous permettant de profiter d&#039;un confort et d&#039;une durabilit\u00e9 durables.<\/li>\n<li>CONCEPTION UNIQUE ET FACILE \u00c0 NETTOYER : Ce canap\u00e9 est non seulement confortable mais \u00e9galement facile \u00e0 nettoyer. La conception de la fermeture \u00e9clair invisible est facile \u00e0 retirer et \u00e0 nettoyer, gardant le canap\u00e9 bien rang\u00e9. Laissez-vous profiter de votre temps libre confortablement.<\/li>\n<li>TAILLE ID\u00c9ALE POUR LE CONFORT : Notre canap\u00e9 pliant mesure 190*76*55 cm, ce qui est la taille id\u00e9ale pour un fauteuil inclinable et est facile \u00e0 ranger et \u00e0 \u00e9conomiser de l&#039;espace.<\/li>\n<\/ul>","protected":false},"featured_media":3492,"comment_status":"open","ping_status":"closed","template":"","meta":[],"product_brand":[],"product_cat":[228],"product_tag":[],"class_list":{"0":"post-3508","1":"product","2":"type-product","3":"status-publish","4":"has-post-thumbnail","6":"product_cat-cushions","8":"first","9":"outofstock","10":"shipping-taxable","11":"purchasable","12":"product-type-simple"},"_links":{"self":[{"href":"https:\/\/www.largepillow.com\/fr\/wp-json\/wp\/v2\/product\/3508","targetHints":{"allow":["GET"]}}],"collection":[{"href":"https:\/\/www.largepillow.com\/fr\/wp-json\/wp\/v2\/product"}],"about":[{"href":"https:\/\/www.largepillow.com\/fr\/wp-json\/wp\/v2\/types\/product"}],"replies":[{"embeddable":true,"href":"https:\/\/www.largepillow.com\/fr\/wp-json\/wp\/v2\/comments?post=3508"}],"wp:featuredmedia":[{"embeddable":true,"href":"https:\/\/www.largepillow.com\/fr\/wp-json\/wp\/v2\/media\/3492"}],"wp:attachment":[{"href":"https:\/\/www.largepillow.com\/fr\/wp-json\/wp\/v2\/media?parent=3508"}],"wp:term":[{"taxonomy":"product_brand","embeddable":true,"href":"https:\/\/www.largepillow.com\/fr\/wp-json\/wp\/v2\/product_brand?post=3508"},{"taxonomy":"product_cat","embeddable":true,"href":"https:\/\/www.largepillow.com\/fr\/wp-json\/wp\/v2\/product_cat?post=3508"},{"taxonomy":"product_tag","embeddable":true,"href":"https:\/\/www.largepillow.com\/fr\/wp-json\/wp\/v2\/product_tag?post=3508"}],"curies":[{"name":"wp","href":"https:\/\/api.w.org\/{rel}","templated":true}]}}