{"id":3516,"date":"2024-07-25T03:42:01","date_gmt":"2024-07-25T03:42:01","guid":{"rendered":"https:\/\/www.largepillow.com\/product\/ear-piercing-pillow-for-side-sleepers-memory-foam-with-holes"},"modified":"2026-04-06T12:03:16","modified_gmt":"2026-04-06T12:03:16","slug":"oreiller-percant-les-oreilles-pour-dormeurs-lateraux-en-mousse-a-memoire-de-forme-avec-trous","status":"publish","type":"product","link":"https:\/\/www.largepillow.com\/fr\/product\/ear-piercing-pillow-for-side-sleepers-memory-foam-with-holes","title":{"rendered":"Oreiller per\u00e7ant les oreilles pour dormeurs lat\u00e9raux en mousse \u00e0 m\u00e9moire de forme avec trous"},"content":{"rendered":"[zc_getpagecontent mb=&#8221;mb_aplus&#8221; apid=&#8221;65&#8243;]\n","protected":false},"excerpt":{"rendered":"<ul>\n<li><strong>D\u00e9tail des tailles :<\/strong> le diam\u00e8tre de l&#039;oreiller d&#039;oreille est d&#039;environ 54*35*10 cm en longueur, largeur et \u00e9paisseur, le diam\u00e8tre int\u00e9rieur du trou d&#039;oreille est d&#039;environ 15*10 cm en longueur et en largeur, les deux grands trous signifient plus confortable, notre oreiller n&#039;exerce presque aucune pression Vos oreilles, permettent \u00e0 votre cou et \u00e0 votre t\u00eate de se d\u00e9tendre compl\u00e8tement et d&#039;\u00e9liminer les tensions et le stress, afin que vous puissiez rapidement entrer en \u00e9tat de sommeil, tout en \u00e9tant suffisamment grand pour accueillir des \u00e9couteurs pour plus de commodit\u00e9 et de confort.<\/li>\n<li><strong>Confort auditif ultime\u00a0:<\/strong> L&#039;oreiller de per\u00e7age d&#039;oreille est fait d&#039;un noyau d&#039;oreiller en mousse \u00e0 m\u00e9moire de forme qui est doux et offre de bonnes caract\u00e9ristiques de soutien, dormant comme sur le nuage. La taie d&#039;oreiller est faite de tissu de coton \u00e0 couche d&#039;air, doux, respirant et rafra\u00eechissant. Tous les mat\u00e9riaux sont doux pour la peau et sans danger, vous permettant de vous r\u00e9veiller avec un visage brillant le matin<\/li>\n<li><strong>Soulagement des douleurs aux oreilles :<\/strong> l&#039;oreiller per\u00e7ant les oreilles est tr\u00e8s utile pour soulager les douleurs aux oreilles pendant le sommeil. lorsque vous avez un per\u00e7age d&#039;oreille ou une blessure \u00e0 l&#039;oreille, lorsque vous avez l&#039;habitude de porter des bouchons d&#039;oreille ou des \u00e9couteurs pour dormir, loin du bruit ou des ronflements de votre partenaire, cet oreiller \u00e0 trou d&#039;oreille est une surprise sp\u00e9ciale pour vous, vous permettant de dormir tranquillement ou de vous endormir au son de la musique. sans aucune douleur aux oreilles<\/li>\n<li><strong>Conception polyvalente\u00a0:<\/strong> la zone de sommeil lat\u00e9rale de l&#039;oreiller per\u00e7ant avec une conception \u00e0 double trou d&#039;oreille pour les dormeurs lat\u00e9raux qui portent un per\u00e7age d&#039;oreille et des \u00e9couteurs, aide \u00e0 soulager les douleurs aux oreilles. Et la zone de couchage arri\u00e8re soutient votre cou pour un sommeil doux toute la nuit. Conception de contour incurv\u00e9 pour un ajustement plus ergonomique autour du cou et des \u00e9paules, le petit trou au milieu de l&#039;oreiller s&#039;adapte parfaitement \u00e0 vos oreilles et vous apporte une exp\u00e9rience de sommeil agr\u00e9able<\/li>\n<li><strong>Largement application\u00a0:<\/strong> L&#039;oreiller per\u00e7ant les oreilles est plus qu&#039;un simple oreiller ; c&#039;est une solution compl\u00e8te. Le grand trou d&#039;oreille peut accueillir confortablement des boucles d&#039;oreilles, des appareils auditifs, des bouchons d&#039;oreille antibruit et des \u00e9couteurs, ce qui en fait le choix id\u00e9al pour ceux qui ont des besoins auditifs divers<\/li>\n<\/ul>","protected":false},"featured_media":3509,"comment_status":"open","ping_status":"closed","template":"","meta":[],"product_brand":[],"product_cat":[228],"product_tag":[],"class_list":{"0":"post-3516","1":"product","2":"type-product","3":"status-publish","4":"has-post-thumbnail","6":"product_cat-cushions","8":"first","9":"instock","10":"shipping-taxable","11":"purchasable","12":"product-type-simple"},"_links":{"self":[{"href":"https:\/\/www.largepillow.com\/fr\/wp-json\/wp\/v2\/product\/3516","targetHints":{"allow":["GET"]}}],"collection":[{"href":"https:\/\/www.largepillow.com\/fr\/wp-json\/wp\/v2\/product"}],"about":[{"href":"https:\/\/www.largepillow.com\/fr\/wp-json\/wp\/v2\/types\/product"}],"replies":[{"embeddable":true,"href":"https:\/\/www.largepillow.com\/fr\/wp-json\/wp\/v2\/comments?post=3516"}],"wp:featuredmedia":[{"embeddable":true,"href":"https:\/\/www.largepillow.com\/fr\/wp-json\/wp\/v2\/media\/3509"}],"wp:attachment":[{"href":"https:\/\/www.largepillow.com\/fr\/wp-json\/wp\/v2\/media?parent=3516"}],"wp:term":[{"taxonomy":"product_brand","embeddable":true,"href":"https:\/\/www.largepillow.com\/fr\/wp-json\/wp\/v2\/product_brand?post=3516"},{"taxonomy":"product_cat","embeddable":true,"href":"https:\/\/www.largepillow.com\/fr\/wp-json\/wp\/v2\/product_cat?post=3516"},{"taxonomy":"product_tag","embeddable":true,"href":"https:\/\/www.largepillow.com\/fr\/wp-json\/wp\/v2\/product_tag?post=3516"}],"curies":[{"name":"wp","href":"https:\/\/api.w.org\/{rel}","templated":true}]}}