{"id":3555,"date":"2024-07-25T04:27:49","date_gmt":"2024-07-25T04:27:49","guid":{"rendered":"https:\/\/www.largepillow.com\/product\/modern-fluffy-cat-small-dog-bed-with-washable-cover"},"modified":"2025-07-15T08:12:33","modified_gmt":"2025-07-15T08:12:33","slug":"lit-pour-petit-chien-et-chat-moelleux-moderne-avec-housse-lavable","status":"publish","type":"product","link":"https:\/\/www.largepillow.com\/fr\/product\/modern-fluffy-cat-small-dog-bed-with-washable-cover","title":{"rendered":"Lit moelleux moderne pour chat et petit chien avec housse lavable"},"content":{"rendered":"[zc_getpagecontent mb=&#8221;mb_aplus&#8221; apid=&#8221;61&#8243;]\n","protected":false},"excerpt":{"rendered":"<ul>\n<li>Design unique : un canap\u00e9 moderne pour animaux de compagnie, un choix essentiel pour les meubles pour animaux de compagnie et une touche \u00e9l\u00e9gante pour votre maison. Son design tendance et ses choix de couleurs douces compl\u00e8tent parfaitement tout d\u00e9cor d&#039;int\u00e9rieur.<\/li>\n<li>Mat\u00e9riaux de qualit\u00e9 sup\u00e9rieure : les avantages du velours grain de ma\u00efs \u2013 respirant, doux, confortable et durable. Rempli de coton PP pour un lit pour chien moelleux. La conception inf\u00e9rieure antid\u00e9rapante emp\u00eache le mouvement.<\/li>\n<li>Facilement amovible pour le nettoyage : le fond a une fermeture \u00e9clair, ce qui le rend tr\u00e8s facile \u00e0 enlever et \u00e0 nettoyer. Il peut \u00eatre lav\u00e9 directement en machine pour un nettoyage sans tracas. Le remplissage int\u00e9rieur du pouf pour chien est divis\u00e9 en 2 pi\u00e8ces amovibles afin que la housse puisse \u00eatre lav\u00e9e facilement. L&#039;assemblage est \u00e9galement simple, avec une vid\u00e9o d&#039;assemblage disponible.<\/li>\n<li>Convient \u00e0 plusieurs animaux de compagnie : que vous ayez un petit chien, un chat joueur ou m\u00eame un lapin, notre canap\u00e9 pour chat convient aux animaux de moins de 30 lb. Avec son espace de repos spacieux et sa structure robuste, il peut supporter confortablement le poids de votre animal tout en offrant un lieu de repos confortable.<\/li>\n<li>Utilisation toutes saisons : la chaise longue pour chat prend en compte les diff\u00e9rents besoins saisonniers pour toujours offrir \u00e0 votre animal la meilleure exp\u00e9rience de sommeil, qu&#039;il s&#039;agisse des froides journ\u00e9es d&#039;hiver ou des \u00e9t\u00e9s chauds \u2013 adapt\u00e9e pour une utilisation toute l&#039;ann\u00e9e. Et notre canap\u00e9-lit pour chien est emball\u00e9 sous vide dans une bo\u00eete. Veuillez gonfler compl\u00e8tement le lit squishmallow pour chat avant utilisation en le battant, et attendez 48 heures apr\u00e8s utilisation avant qu&#039;il ne reprenne sa forme originale en le secouant doucement.<\/li>\n<\/ul>","protected":false},"featured_media":3542,"comment_status":"open","ping_status":"closed","template":"","meta":[],"product_brand":[],"product_cat":[227],"product_tag":[],"class_list":{"0":"post-3555","1":"product","2":"type-product","3":"status-publish","4":"has-post-thumbnail","6":"product_cat-pet-supplies","8":"first","9":"instock","10":"shipping-taxable","11":"purchasable","12":"product-type-simple"},"_links":{"self":[{"href":"https:\/\/www.largepillow.com\/fr\/wp-json\/wp\/v2\/product\/3555","targetHints":{"allow":["GET"]}}],"collection":[{"href":"https:\/\/www.largepillow.com\/fr\/wp-json\/wp\/v2\/product"}],"about":[{"href":"https:\/\/www.largepillow.com\/fr\/wp-json\/wp\/v2\/types\/product"}],"replies":[{"embeddable":true,"href":"https:\/\/www.largepillow.com\/fr\/wp-json\/wp\/v2\/comments?post=3555"}],"wp:featuredmedia":[{"embeddable":true,"href":"https:\/\/www.largepillow.com\/fr\/wp-json\/wp\/v2\/media\/3542"}],"wp:attachment":[{"href":"https:\/\/www.largepillow.com\/fr\/wp-json\/wp\/v2\/media?parent=3555"}],"wp:term":[{"taxonomy":"product_brand","embeddable":true,"href":"https:\/\/www.largepillow.com\/fr\/wp-json\/wp\/v2\/product_brand?post=3555"},{"taxonomy":"product_cat","embeddable":true,"href":"https:\/\/www.largepillow.com\/fr\/wp-json\/wp\/v2\/product_cat?post=3555"},{"taxonomy":"product_tag","embeddable":true,"href":"https:\/\/www.largepillow.com\/fr\/wp-json\/wp\/v2\/product_tag?post=3555"}],"curies":[{"name":"wp","href":"https:\/\/api.w.org\/{rel}","templated":true}]}}