{"id":374,"date":"2022-09-15T22:39:47","date_gmt":"2022-09-15T22:39:47","guid":{"rendered":"https:\/\/www.largepillow.com\/product\/big-pillows-for-bed-headboard"},"modified":"2025-12-17T13:30:39","modified_gmt":"2025-12-17T13:30:39","slug":"dossier-oreiller","status":"publish","type":"product","link":"https:\/\/www.largepillow.com\/fr\/product\/backrest-pillow","title":{"rendered":"Oreiller de dossier"},"content":{"rendered":"<p>D\u00e9couvrez le confort ultime avec l&#039;oreiller de dossier<\/p>\n<p>Vous en avez assez de lutter pour vous sentir \u00e0 l&#039;aise au lit tout en lisant ou en regardant la t\u00e9l\u00e9vision ? Pr\u00e9sentation de l&#039;oreiller de dossier \u2013 le coussin de forme triangulaire qui \u00e9l\u00e8ve la relaxation au coucher \u00e0 de nouveaux sommets. <\/p>\n<p>Avec son design ergonomique, cet oreiller de t\u00eate de lit s&#039;adapte parfaitement \u00e0 votre dos et \u00e0 votre taille, offrant un soutien lombaire sur mesure et minimisant la fatigue du dos. Le rembourrage en polyester haute densit\u00e9 est structur\u00e9 pour \u00e9viter l&#039;aplatissement au fil du temps, tandis que la housse en velours de polyester 100% est douce et luxueuse contre votre peau.<\/p>\n<p>Mais ne nous croyez pas sur parole. Voici ce que des clients enthousiastes ont \u00e0 dire\u00a0:<\/p>\n<p>\u00abCet oreiller est une bou\u00e9e de sauvetage pour moi en tant que lecteur nocturne vorace. Je peux rester assis debout dans mon lit pendant des heures sans aucun mal de dos.<\/p>\n<p>\u00abJ&#039;adore utiliser cet oreiller g\u00e9ant pour me soutenir lors des soir\u00e9es cin\u00e9ma avec mon partenaire. Il est suffisamment large pour nous accueillir tous les deux confortablement. <\/p>\n<p>\u00ab La forme triangulaire s&#039;adapte parfaitement \u00e0 mon corps. Je ne me r\u00e9veille plus avec une raideur de la nuque apr\u00e8s m&#039;\u00eatre endormi.<\/p>\n<p>Avec des tailles allant de 45 cm \u00e0 200 cm, l&#039;oreiller de dossier offre une option pour chaque utilisateur. La taie d&#039;oreiller se d\u00e9compresse et est lavable en machine, ce qui facilite le nettoyage et l&#039;entretien. <\/p>\n<p>Donnez une pause \u00e0 votre dos et am\u00e9liorez votre temps de relaxation avec l&#039;oreiller de dossier. Votre confort vous attend !<\/p>","protected":false},"excerpt":{"rendered":"<ul>\n<li><strong>Confort ultime\u00a0:<\/strong> Cet oreiller de t\u00eate de lit offre un excellent confort gr\u00e2ce \u00e0 sa forme triangulaire. Le coussin de soutien du lit s&#039;adapte parfaitement au dos et \u00e0 la taille, minimisant ainsi la pression lombaire\/dos. Cet oreiller de lecture compens\u00e9 peut vous aider \u00e0 rester sans tension dans votre lit ou votre canap\u00e9, ce qui est id\u00e9al pour les noctambules qui travaillent, les rats de biblioth\u00e8que et pour regarder la t\u00e9l\u00e9vision au lit. Ce traversin extra large est le seul oreiller de t\u00eate de lit compens\u00e9 pouvant accueillir deux personnes.<\/li>\n<li><strong>Grand traversin 3 en 1\u00a0:<\/strong> Vous pouvez utiliser l&#039;oreiller droit comme oreiller de t\u00eate de lit pour vous asseoir dans le lit ou le poser \u00e0 plat sur le lit pour l&#039;utiliser comme un grand oreiller compens\u00e9 lorsque vous dormez sur le dos ou sur le c\u00f4t\u00e9, ou comme oreiller de jambe pour sur\u00e9lever vos jambes. Si vous souhaitez un grand oreiller de t\u00eate de lit qui offre un soutien \u00e0 vous et \u00e0 votre conjoint. C&#039;est une excellente alternative.<\/li>\n<li><strong>Conception multifonctionnelle\u00a0:<\/strong> Certaines personnes utilisent le grand coussin triangulaire comme oreiller de t\u00eate de lit, tandis que d&#039;autres l&#039;utilisent comme oreiller pare-chocs, il peut \u00e9galement \u00eatre un traversin de dossier de canap\u00e9 ou de lit de repos. Il est \u00e0 la fois \u00e9l\u00e9gant et fonctionnel, ce qui en fait un excellent ajout \u00e0 n&#039;importe quelle chambre.<\/li>\n<li><strong>Artisanat sup\u00e9rieur\u00a0:<\/strong> Notre taie d&#039;oreiller est fabriqu\u00e9e en velours polyester 100%, doux, \u00e9l\u00e9gant et confortable au toucher. Le rembourrage est compos\u00e9 de fibres de polyester haute densit\u00e9 et de haute qualit\u00e9 qui emp\u00eachent l&#039;affaissement m\u00eame apr\u00e8s des mois d&#039;utilisation. De plus, il est dot\u00e9 de poches lat\u00e9rales pour ranger votre livre ou votre t\u00e9l\u00e9phone.<\/li>\n<li><strong>Facile \u00e0 nettoyer:<\/strong> La housse du coussin de lecture est fix\u00e9e \u00e0 l&#039;oreiller avec des boutons et est facile \u00e0 retirer avec une simple fermeture \u00e9clair. Cela rend son nettoyage sans tracas. Retirez simplement la housse et effectuez un lavage rapide en machine pour donner \u00e0 votre oreiller un aspect neuf.<\/li>\n<li><strong>Taille:<\/strong> 45 cm (L45 x L20 x H50 | 0 boutons), 60 cm (L60 x L20 x H50 | 0 boutons), 80 cm (L80 x L20 x H50 | 2 boutons), 100 cm (L100 x L20 x H50 | 3 boutons), 120 cm ( L120 x L20 x H50 | 4 boutons), 140 cm (L140 x L20 x H50 | 4 boutons), 160 cm (L160 x L20 x H50 | 5 boutons), 180 cm (L180 x L20 x H50 | 6 boutons), 200 cm (L200 x L20 x H50 | 7 boutons).<\/li>\n<\/ul>","protected":false},"featured_media":357,"comment_status":"open","ping_status":"closed","template":"","meta":[],"product_brand":[],"product_cat":[15],"product_tag":[66,60,215,216,201,132,112,143,182,120],"class_list":{"0":"post-374","1":"product","2":"type-product","3":"status-publish","4":"has-post-thumbnail","6":"product_cat-large-wedge-pillow","7":"product_tag-back-support-pillow","8":"product_tag-backrest-pillow","9":"product_tag-couch-backrest-cushion","10":"product_tag-daybed-bolster","11":"product_tag-grey-pillow","12":"product_tag-large-bolster-pillow","13":"product_tag-lumbar-support-pillow","14":"product_tag-multifunctional-pillow","15":"product_tag-triangle-back-pillow","16":"product_tag-velvet-pillow","18":"first","19":"instock","20":"featured","21":"shipping-taxable","22":"purchasable","23":"product-type-variable"},"_links":{"self":[{"href":"https:\/\/www.largepillow.com\/fr\/wp-json\/wp\/v2\/product\/374","targetHints":{"allow":["GET"]}}],"collection":[{"href":"https:\/\/www.largepillow.com\/fr\/wp-json\/wp\/v2\/product"}],"about":[{"href":"https:\/\/www.largepillow.com\/fr\/wp-json\/wp\/v2\/types\/product"}],"replies":[{"embeddable":true,"href":"https:\/\/www.largepillow.com\/fr\/wp-json\/wp\/v2\/comments?post=374"}],"wp:featuredmedia":[{"embeddable":true,"href":"https:\/\/www.largepillow.com\/fr\/wp-json\/wp\/v2\/media\/357"}],"wp:attachment":[{"href":"https:\/\/www.largepillow.com\/fr\/wp-json\/wp\/v2\/media?parent=374"}],"wp:term":[{"taxonomy":"product_brand","embeddable":true,"href":"https:\/\/www.largepillow.com\/fr\/wp-json\/wp\/v2\/product_brand?post=374"},{"taxonomy":"product_cat","embeddable":true,"href":"https:\/\/www.largepillow.com\/fr\/wp-json\/wp\/v2\/product_cat?post=374"},{"taxonomy":"product_tag","embeddable":true,"href":"https:\/\/www.largepillow.com\/fr\/wp-json\/wp\/v2\/product_tag?post=374"}],"curies":[{"name":"wp","href":"https:\/\/api.w.org\/{rel}","templated":true}]}}