{"id":3754,"date":"2024-09-03T04:08:26","date_gmt":"2024-09-03T04:08:26","guid":{"rendered":"https:\/\/www.largepillow.com\/product\/3d-planet-throw-pillows-solar-system-decor-soft-cushion-black-moon"},"modified":"2024-10-03T16:31:34","modified_gmt":"2024-10-03T16:31:34","slug":"coussin-decoratif-3d-planete-systeme-solaire-coussin-doux-lune-noire","status":"publish","type":"product","link":"https:\/\/www.largepillow.com\/fr\/product\/3d-planet-throw-pillows-solar-system-decor-soft-cushion-black-moon","title":{"rendered":"Coussins 3D Plan\u00e8te, D\u00e9cor du Syst\u00e8me Solaire, Coussin Doux (Lune Noire)"},"content":{"rendered":"","protected":false},"excerpt":{"rendered":"<ul>\n<li><strong>Conception sur le th\u00e8me de la plan\u00e8te\u00a0:<\/strong>\u00a0Cr\u00e9ez une d\u00e9coration int\u00e9rieure unique dans votre maison avec ces coussins du syst\u00e8me solaire repr\u00e9sentant le Soleil, la Terre, la Lune, V\u00e9nus, Jupiter, Mercure, Mars, Saturne, Uranus, Neptune et Pluton. Chaque coussin pr\u00e9sente un motif plan\u00e9taire unique vous donnant la libert\u00e9 de m\u00e9langer et d&#039;assortir pour un look personnalis\u00e9.<\/li>\n<li><strong>Coussin de sol pratique :<\/strong> Ces coussins d\u00e9coratifs en forme de plan\u00e8te peuvent \u00eatre utilis\u00e9s comme accessoires polyvalents dans un studio photo ou comme coussins de sol confortables, coussins d\u00e9coratifs, coussins de canap\u00e9, coussins compens\u00e9s et coussins de canap\u00e9 pour d\u00e9corer votre maison, votre jardin et votre jardin d&#039;enfants. Ils offrent un coussin confortable pour votre t\u00eate ou votre dos pendant que vous vous d\u00e9tendez et vous relaxez, ce qui les rend parfaits pour \u00eatre utilis\u00e9s comme accent d\u00e9coratif ou comme si\u00e8ge d&#039;appoint. Ils sont \u00e9galement parfaits pour le yoga ou la m\u00e9ditation.<\/li>\n<li><strong>Coussin de sol d\u00e9coratif :<\/strong> Ces coussins plan\u00e9taires sont parfaits pour ajouter une touche d&#039;\u00e9l\u00e9gance et de confort \u00e0 votre chambre, salon ou tout autre espace de votre maison. Les couleurs vives et les motifs uniques en font un sujet de conversation et ils peuvent \u00eatre facilement associ\u00e9s \u00e0 d&#039;autres objets d\u00e9coratifs pour un look coh\u00e9rent. Vous pouvez m\u00e9langer et assortir diff\u00e9rents styles pour cr\u00e9er un d\u00e9cor personnalis\u00e9 sur le th\u00e8me de l&#039;espace qui refl\u00e8te votre personnalit\u00e9 et votre style.<\/li>\n<li><strong>En cadeau :<\/strong> L&#039;oreiller sur le th\u00e8me de la plan\u00e8te est un excellent cadeau pour tous ceux qui aiment l&#039;espace, l&#039;astronomie ou la science. Il est parfait pour les enfants, les adolescents, les \u00e9tudiants ou les adultes qui souhaitent ajouter un \u00e9l\u00e9ment amusant et fonctionnel \u00e0 leur chambre. Vous pouvez \u00e9galement l&#039;offrir lors d&#039;occasions sp\u00e9ciales comme les anniversaires, No\u00ebl ou la remise des dipl\u00f4mes.<\/li>\n<li><strong>Instructions de lavage :<\/strong> Le coussin Planet est fabriqu\u00e9 \u00e0 partir d&#039;un tissu en velours \u00e9pais de haute qualit\u00e9, garantissant durabilit\u00e9 et qualit\u00e9. Il est dot\u00e9 d&#039;une fermeture \u00e9clair pour un nettoyage facile, ce qui facilite l&#039;entretien. Le rembourrage est en polyester 100% pour une \u00e9lasticit\u00e9 exceptionnelle. Lavage en machine \u00e0 froid seul, cycle d\u00e9licat uniquement, ne pas blanchir, s\u00e9chage en machine \u00e0 basse temp\u00e9rature, s\u00e9chage en machine \u00e0 basse temp\u00e9rature si n\u00e9cessaire. Le tissu doux et agr\u00e9able pour la peau sera le meilleur choix pour la famille, les amis et les enfants.<\/li>\n<li><strong>Taille:<\/strong>\u00a0Grand (16 \u00d7 16 pouces | 41 \u00d7 41 cm), moyen (10 \u00d7 10 pouces | 25 \u00d7 25 cm)<\/li>\n<\/ul>","protected":false},"featured_media":3744,"comment_status":"open","ping_status":"closed","template":"","meta":[],"product_brand":[],"product_cat":[231],"product_tag":[],"class_list":{"0":"post-3754","1":"product","2":"type-product","3":"status-publish","4":"has-post-thumbnail","6":"product_cat-throw-pillows","8":"first","9":"instock","10":"shipping-taxable","11":"purchasable","12":"product-type-variable","13":"has-default-attributes"},"_links":{"self":[{"href":"https:\/\/www.largepillow.com\/fr\/wp-json\/wp\/v2\/product\/3754","targetHints":{"allow":["GET"]}}],"collection":[{"href":"https:\/\/www.largepillow.com\/fr\/wp-json\/wp\/v2\/product"}],"about":[{"href":"https:\/\/www.largepillow.com\/fr\/wp-json\/wp\/v2\/types\/product"}],"replies":[{"embeddable":true,"href":"https:\/\/www.largepillow.com\/fr\/wp-json\/wp\/v2\/comments?post=3754"}],"wp:featuredmedia":[{"embeddable":true,"href":"https:\/\/www.largepillow.com\/fr\/wp-json\/wp\/v2\/media\/3744"}],"wp:attachment":[{"href":"https:\/\/www.largepillow.com\/fr\/wp-json\/wp\/v2\/media?parent=3754"}],"wp:term":[{"taxonomy":"product_brand","embeddable":true,"href":"https:\/\/www.largepillow.com\/fr\/wp-json\/wp\/v2\/product_brand?post=3754"},{"taxonomy":"product_cat","embeddable":true,"href":"https:\/\/www.largepillow.com\/fr\/wp-json\/wp\/v2\/product_cat?post=3754"},{"taxonomy":"product_tag","embeddable":true,"href":"https:\/\/www.largepillow.com\/fr\/wp-json\/wp\/v2\/product_tag?post=3754"}],"curies":[{"name":"wp","href":"https:\/\/api.w.org\/{rel}","templated":true}]}}