{"id":3792,"date":"2024-09-03T04:31:56","date_gmt":"2024-09-03T04:31:56","guid":{"rendered":"https:\/\/www.largepillow.com\/product\/y-shaped-reading-pillow-with-arm-rests-memory-foam-support"},"modified":"2025-05-05T18:57:03","modified_gmt":"2025-05-05T18:57:03","slug":"coussin-de-lecture-en-forme-de-y-avec-accoudoirs-et-support-en-mousse-a-memoire-de-forme","status":"publish","type":"product","link":"https:\/\/www.largepillow.com\/fr\/product\/y-shaped-reading-pillow-with-arm-rests-memory-foam-support","title":{"rendered":"Coussin de lecture en forme de Y avec accoudoirs et support en mousse \u00e0 m\u00e9moire de forme"},"content":{"rendered":"[zc_getpagecontent mb=&#8221;mb_aplus&#8221; apid=&#8221;87&#8243;]\n","protected":false},"excerpt":{"rendered":"<ul>\n<li><strong>Conception innovante :<\/strong> Le coussin de lecture en forme de Y pour adulte, r\u00e9cemment am\u00e9lior\u00e9, pr\u00e9sente un design innovant qui ajoute une fonction couch\u00e9e \u00e0 ses caract\u00e9ristiques de base. Nous avons mis en place une zone de placement des bras pour permettre \u00e0 vos mains de passer \u00e0 travers le coussin de lecture du lit lorsque vous vous allongez dessus. Que vous lisiez, \u00e9tudiiez ou jouiez avec votre t\u00e9l\u00e9phone portable, vos bras peuvent se d\u00e9tendre et votre inconfort au niveau du cou peut \u00eatre minimis\u00e9. Vous pouvez passer \u00e0 une position confortable \u00e0 tout moment<\/li>\n<li><strong>Confort maximal :<\/strong> La conception incurv\u00e9e de cet oreiller de soutien du dos \u00e9pouse les courbes naturelles de votre corps, offrant un confort et un soutien exceptionnels pour votre dos, votre taille et votre cou. Que vous lisiez, regardiez la t\u00e9l\u00e9vision ou travailliez, cet oreiller vous garantit une exp\u00e9rience plus confortable.<\/li>\n<li><strong>Support multifonctionnel\u00a0:<\/strong> Cet oreiller polyvalent offre un soutien complet pour votre cou, votre dos, votre taille et vos jambes. Il peut \u00eatre utilis\u00e9 comme oreiller de soutien du dos, oreiller pour le visage, oreiller de cale-lit et oreiller pour les jambes, ce qui en fait un excellent choix pour diverses activit\u00e9s et besoins de sant\u00e9.<\/li>\n<li><strong>Mat\u00e9riaux de qualit\u00e9 sup\u00e9rieure :<\/strong> Fabriqu\u00e9 \u00e0 partir de mousse \u00e0 m\u00e9moire de forme haute densit\u00e9 \u00e0 rebond lent, cet oreiller offre un soutien stable tout en conservant sa forme et sa densit\u00e9 d&#039;origine. Il retrouvera sa forme compl\u00e8te dans les 24 \u00e0 48 heures suivant la compression d&#039;exp\u00e9dition.<\/li>\n<li><strong>Facile \u00e0 nettoyer:<\/strong> La taie d&#039;oreiller amovible est fabriqu\u00e9e en tissu doux et confortable avec une surface en maille, ce qui la rend durable et facile \u00e0 nettoyer. D\u00e9compressez simplement la taie d&#039;oreiller et retirez-la de l&#039;oreiller en mousse \u00e0 m\u00e9moire de forme lorsqu&#039;elle doit \u00eatre lav\u00e9e.<\/li>\n<\/ul>","protected":false},"featured_media":3784,"comment_status":"open","ping_status":"closed","template":"","meta":[],"product_brand":[],"product_cat":[228],"product_tag":[],"class_list":{"0":"post-3792","1":"product","2":"type-product","3":"status-publish","4":"has-post-thumbnail","6":"product_cat-cushions","8":"first","9":"instock","10":"shipping-taxable","11":"purchasable","12":"product-type-variable","13":"has-default-attributes"},"_links":{"self":[{"href":"https:\/\/www.largepillow.com\/fr\/wp-json\/wp\/v2\/product\/3792","targetHints":{"allow":["GET"]}}],"collection":[{"href":"https:\/\/www.largepillow.com\/fr\/wp-json\/wp\/v2\/product"}],"about":[{"href":"https:\/\/www.largepillow.com\/fr\/wp-json\/wp\/v2\/types\/product"}],"replies":[{"embeddable":true,"href":"https:\/\/www.largepillow.com\/fr\/wp-json\/wp\/v2\/comments?post=3792"}],"wp:featuredmedia":[{"embeddable":true,"href":"https:\/\/www.largepillow.com\/fr\/wp-json\/wp\/v2\/media\/3784"}],"wp:attachment":[{"href":"https:\/\/www.largepillow.com\/fr\/wp-json\/wp\/v2\/media?parent=3792"}],"wp:term":[{"taxonomy":"product_brand","embeddable":true,"href":"https:\/\/www.largepillow.com\/fr\/wp-json\/wp\/v2\/product_brand?post=3792"},{"taxonomy":"product_cat","embeddable":true,"href":"https:\/\/www.largepillow.com\/fr\/wp-json\/wp\/v2\/product_cat?post=3792"},{"taxonomy":"product_tag","embeddable":true,"href":"https:\/\/www.largepillow.com\/fr\/wp-json\/wp\/v2\/product_tag?post=3792"}],"curies":[{"name":"wp","href":"https:\/\/api.w.org\/{rel}","templated":true}]}}