{"id":3932,"date":"2024-09-05T03:31:25","date_gmt":"2024-09-05T03:31:25","guid":{"rendered":"https:\/\/www.largepillow.com\/product\/denim-reading-pillow-with-arms-for-adult-back-lumbar-support"},"modified":"2024-10-03T16:31:24","modified_gmt":"2024-10-03T16:31:24","slug":"coussin-de-lecture-en-denim-avec-accoudoirs-pour-le-soutien-lombaire-du-dos-des-adultes","status":"publish","type":"product","link":"https:\/\/www.largepillow.com\/fr\/product\/denim-reading-pillow-with-arms-for-adult-back-lumbar-support\/","title":{"rendered":"Coussin de lecture en denim avec accoudoirs pour adulte \u2013 Support lombaire pour le dos"},"content":{"rendered":"[zc_getpagecontent mb=&#8221;mb_aplus&#8221; apid=&#8221;92&#8243;]\n","protected":false},"excerpt":{"rendered":"<ul>\n<li>Tissu denim pour jeans : fabriqu\u00e9 en tissu denim teint en fil de coton polyester pr\u00e9lav\u00e9, confortable et durable, avec coutures doubles contrast\u00e9es, ajoutant un look \u00e9l\u00e9gant et vintage moderne. Convient pour canap\u00e9, lit, maison, bureau, lit de dortoir. Le tissu denim d\u00e9lav\u00e9 associ\u00e9 \u00e0 du similicuir imperm\u00e9able marron et des boutons en daim ajoute une atmosph\u00e8re \u00e0 la mode, le rendant plus adapt\u00e9 \u00e0 divers styles de d\u00e9coration int\u00e9rieure.<\/li>\n<li>Taille : le coussin mesure 56 cm de haut sur 89 cm de large, offrant un soutien ferme et ample du dos. Chaque bras mesure 19 cm d&#039;\u00e9paisseur pour soutenir vos \u00e9paules et votre cou, soulager les tensions musculaires et d\u00e9tendre le corps. Poids : 2,9 kg. Lavage : lavage en machine \u00e0 froid s\u00e9par\u00e9ment pour un entretien facile.<\/li>\n<li>Fermetures \u00e9clair : Le bas de la housse de coussin est dot\u00e9 d&#039;une fermeture \u00e9clair invisible de couleur assortie, pour un look \u00e9l\u00e9gant, une insertion et un lavage faciles. Protection double couche pour les taies d&#039;oreiller et la doublure, il suffit de d\u00e9compresser la doublure int\u00e9rieure pour ajuster le rembourrage pour un niveau de confort personnalis\u00e9, en le redistribuant selon les besoins pour un soutien cibl\u00e9. Si vous avez besoin d&#039;un rembourrage suppl\u00e9mentaire, nous serons heureux de vous fournir du coton PP suppl\u00e9mentaire.<\/li>\n<li>Le coussin de lecture avec accoudoir robuste offre une certaine hauteur de soutien au niveau du coude. Le dossier doux et \u00e9pais a une \u00e9lasticit\u00e9 durable, 2 boutons d\u00e9coratifs, des coutures renforc\u00e9es et des passepoils dessinent un look complet et complet pour une courbe de relaxation du dos plus ergonomique. Notre coussin de lecture est non seulement confortable et mignon, mais pr\u00e9sente \u00e9galement un design lumineux et color\u00e9 qui ajoutera une touche de couleur \u00e0 n&#039;importe quelle pi\u00e8ce.<\/li>\n<li>D\u00e9ballez, profitez : le coussin de dossier pour position assise au lit est compress\u00e9 pendant le transport. D\u00e9ballez-le simplement et attendez 24 \u00e0 48 heures pour qu&#039;il se d\u00e9ploie compl\u00e8tement.<\/li>\n<\/ul>","protected":false},"featured_media":3923,"comment_status":"open","ping_status":"closed","template":"","meta":[],"product_brand":[],"product_cat":[228],"product_tag":[],"class_list":{"0":"post-3932","1":"product","2":"type-product","3":"status-publish","4":"has-post-thumbnail","6":"product_cat-cushions","8":"first","9":"outofstock","10":"shipping-taxable","11":"purchasable","12":"product-type-simple"},"_links":{"self":[{"href":"https:\/\/www.largepillow.com\/fr\/wp-json\/wp\/v2\/product\/3932","targetHints":{"allow":["GET"]}}],"collection":[{"href":"https:\/\/www.largepillow.com\/fr\/wp-json\/wp\/v2\/product"}],"about":[{"href":"https:\/\/www.largepillow.com\/fr\/wp-json\/wp\/v2\/types\/product"}],"replies":[{"embeddable":true,"href":"https:\/\/www.largepillow.com\/fr\/wp-json\/wp\/v2\/comments?post=3932"}],"wp:featuredmedia":[{"embeddable":true,"href":"https:\/\/www.largepillow.com\/fr\/wp-json\/wp\/v2\/media\/3923"}],"wp:attachment":[{"href":"https:\/\/www.largepillow.com\/fr\/wp-json\/wp\/v2\/media?parent=3932"}],"wp:term":[{"taxonomy":"product_brand","embeddable":true,"href":"https:\/\/www.largepillow.com\/fr\/wp-json\/wp\/v2\/product_brand?post=3932"},{"taxonomy":"product_cat","embeddable":true,"href":"https:\/\/www.largepillow.com\/fr\/wp-json\/wp\/v2\/product_cat?post=3932"},{"taxonomy":"product_tag","embeddable":true,"href":"https:\/\/www.largepillow.com\/fr\/wp-json\/wp\/v2\/product_tag?post=3932"}],"curies":[{"name":"wp","href":"https:\/\/api.w.org\/{rel}","templated":true}]}}