{"id":4064,"date":"2024-09-06T01:40:07","date_gmt":"2024-09-06T01:40:07","guid":{"rendered":"https:\/\/www.largepillow.com\/product\/large-wedge-reading-pillow-for-bed-daybed-bolster-backrest-pink"},"modified":"2025-11-30T11:11:37","modified_gmt":"2025-11-30T11:11:37","slug":"grand-coussin-de-lecture-en-coin-pour-lit-de-jour-traversin-de-dossier-rose","status":"publish","type":"product","link":"https:\/\/www.largepillow.com\/fr\/product\/large-wedge-reading-pillow-for-bed-daybed-bolster-backrest-pink","title":{"rendered":"Grand coussin de lecture en coin pour lit de jour, traversin de dossier rose"},"content":{"rendered":"","protected":false},"excerpt":{"rendered":"<ul>\n<li>Confort ultime : cet oreiller de t\u00eate de lit XL offre un excellent confort gr\u00e2ce \u00e0 sa forme triangulaire. Le coussin de soutien du lit s&#039;adapte parfaitement au dos et \u00e0 la taille, minimisant la pression lombaire\/dorsale. Cet oreiller de lecture en coin peut vous aider \u00e0 rester sans tension au lit ou sur le canap\u00e9, ce qui est id\u00e9al pour les noctambules, les rats de biblioth\u00e8que et pour regarder la t\u00e9l\u00e9vision au lit. Ce coussin traversin extra large est le seul oreiller de t\u00eate de lit en coin qui peut accueillir deux personnes.<\/li>\n<li>Oreiller traversin 3 en 1 de grande taille : vous pouvez utiliser l&#039;oreiller \u00e0 la verticale comme oreiller de soutien du dos ou de la t\u00eate de lit pour vous asseoir au lit ou le poser \u00e0 plat sur le lit pour l&#039;utiliser comme un grand oreiller compens\u00e9 lorsque vous dormez sur le dos ou sur le c\u00f4t\u00e9, ou comme oreiller pour les jambes pour sur\u00e9lever vos jambes. Si vous voulez un grand oreiller de t\u00eate de lit qui offre un soutien \u00e0 la fois \u00e0 vous et \u00e0 votre conjoint. C&#039;est une excellente alternative.<\/li>\n<li>Conception multifonctionnelle : certaines personnes utilisent le grand coussin triangulaire comme oreiller de t\u00eate de lit, tandis que d&#039;autres l&#039;utilisent comme oreiller de protection, il peut \u00e9galement servir de coussin de dossier pour canap\u00e9 ou lit de repos. Il est \u00e0 la fois \u00e9l\u00e9gant et fonctionnel, ce qui en fait un excellent ajout \u00e0 toute chambre.<\/li>\n<li>Artisanat sup\u00e9rieur : la taie d&#039;oreiller est en velours c\u00f4tel\u00e9 dont la composition est en polyester 100%. Notre oreiller de t\u00eate de lit est respirant et suffisamment confortable pour conserver sa forme et ne pas perdre sa forme avec le temps. Une poche lat\u00e9rale de chaque c\u00f4t\u00e9 vous permet de glisser votre livre ou votre t\u00e9l\u00e9phone.<\/li>\n<li>Facile \u00e0 laver : la housse du coussin de lecture est fix\u00e9e \u00e0 l&#039;oreiller avec des boutons et est facile \u00e0 retirer avec une simple fermeture \u00e9clair. Cela rend son nettoyage sans tracas. Retirez simplement la housse et effectuez un lavage rapide en machine pour que votre oreiller soit comme neuf.<\/li>\n<li><strong>Taille:<\/strong> 60cm (60*20*50cm, 2 boutons), 80cm (80*20*50cm, 2 boutons), 100cm (100*20*50cm, 3 boutons), 120cm (120*20*50cm, 4 boutons), 140cm (140*20*50cm, 4 boutons), 160cm (160*20*50cm, 5 boutons), 180cm (180*20*50cm, 6 boutons), 200cm (200*20*50cm, 7 boutons)<\/li>\n<\/ul>","protected":false},"featured_media":4048,"comment_status":"open","ping_status":"closed","template":"","meta":[],"product_brand":[],"product_cat":[15],"product_tag":[],"class_list":{"0":"post-4064","1":"product","2":"type-product","3":"status-publish","4":"has-post-thumbnail","6":"product_cat-large-wedge-pillow","8":"first","9":"instock","10":"shipping-taxable","11":"purchasable","12":"product-type-variable","13":"has-default-attributes"},"_links":{"self":[{"href":"https:\/\/www.largepillow.com\/fr\/wp-json\/wp\/v2\/product\/4064","targetHints":{"allow":["GET"]}}],"collection":[{"href":"https:\/\/www.largepillow.com\/fr\/wp-json\/wp\/v2\/product"}],"about":[{"href":"https:\/\/www.largepillow.com\/fr\/wp-json\/wp\/v2\/types\/product"}],"replies":[{"embeddable":true,"href":"https:\/\/www.largepillow.com\/fr\/wp-json\/wp\/v2\/comments?post=4064"}],"wp:featuredmedia":[{"embeddable":true,"href":"https:\/\/www.largepillow.com\/fr\/wp-json\/wp\/v2\/media\/4048"}],"wp:attachment":[{"href":"https:\/\/www.largepillow.com\/fr\/wp-json\/wp\/v2\/media?parent=4064"}],"wp:term":[{"taxonomy":"product_brand","embeddable":true,"href":"https:\/\/www.largepillow.com\/fr\/wp-json\/wp\/v2\/product_brand?post=4064"},{"taxonomy":"product_cat","embeddable":true,"href":"https:\/\/www.largepillow.com\/fr\/wp-json\/wp\/v2\/product_cat?post=4064"},{"taxonomy":"product_tag","embeddable":true,"href":"https:\/\/www.largepillow.com\/fr\/wp-json\/wp\/v2\/product_tag?post=4064"}],"curies":[{"name":"wp","href":"https:\/\/api.w.org\/{rel}","templated":true}]}}