{"id":4160,"date":"2024-09-12T03:12:48","date_gmt":"2024-09-12T03:12:48","guid":{"rendered":"https:\/\/www.largepillow.com\/product\/headboard-pillow-white-plush-large-wedge-reading-pillow"},"modified":"2025-08-27T10:53:28","modified_gmt":"2025-08-27T10:53:28","slug":"coussin-de-tete-de-lit-en-peluche-blanche-grand-coussin-de-lecture-en-coin","status":"publish","type":"product","link":"https:\/\/www.largepillow.com\/fr\/product\/headboard-pillow-white-plush-large-wedge-reading-pillow","title":{"rendered":"Coussin de t\u00eate de lit en peluche blanche, grand coussin de lecture en coin"},"content":{"rendered":"","protected":false},"excerpt":{"rendered":"<ul>\n<li><strong>MULTIFONCTIONNALIT\u00c9 :<\/strong> Plus qu&#039;un simple oreiller de t\u00eate de lit, notre conception d&#039;oreiller de lit compens\u00e9 prend en charge une vari\u00e9t\u00e9 d&#039;utilisations et peut \u00eatre utilis\u00e9e comme une aide id\u00e9ale pour le soutien du dos, l&#039;\u00e9l\u00e9vation des jambes, la lecture, regarder la t\u00e9l\u00e9vision et de nombreuses autres postures pour r\u00e9pondre \u00e0 vos multiples besoins.<\/li>\n<li><strong>CONCEPTION ERGONOMIQUE :<\/strong> Soins intimes, ing\u00e9niosit\u00e9 ergonomique. Offrez-vous le soutien le plus confortable, r\u00e9duisez la pression sur les vert\u00e8bres cervicales et lombaires, profitez de chaque instant de confort et de convivialit\u00e9.<\/li>\n<li><strong>CONFORTABILIT\u00c9 :<\/strong> Le grand oreiller triangulaire est fabriqu\u00e9 \u00e0 partir de mat\u00e9riaux de haute qualit\u00e9 et d&#039;une technologie de traitement d\u00e9licate pour assurer la douceur et le confort de l&#039;oreiller d&#039;appui-t\u00eate en coin, afin que vous puissiez profiter de l&#039;ajustement intime, de la sensation de chaleur et de confort.<\/li>\n<li><strong>MAT\u00c9RIEL:<\/strong> Les coussins de dossier du lit de repos choisissent des tissus de haute qualit\u00e9, doux et respectueux de la peau, infroissables et r\u00e9sistants \u00e0 l&#039;usure, vous offrant un toucher confortable et une excellente respirabilit\u00e9, vous gardant au sec et \u00e0 l&#039;aise.<\/li>\n<li><strong>FACILE \u00c0 NETTOYER :<\/strong> L&#039;oreiller de lit compens\u00e9 est dot\u00e9 d&#039;une housse amovible et lavable pour un entretien facile, afin que vous ayez toujours un environnement de repos frais et bien rang\u00e9.<\/li>\n<li><strong>Taille:<\/strong> 60 cm (60*20*50 cm), 80 cm (80*20*50 cm), 100 cm (100*20*50 cm), 120 cm (120*20*50 cm), 140 cm (140*20*50 cm), 160 cm (160*20*50 cm), 180 cm (180*20*50 cm), 200 cm (200*20*50 cm)<\/li>\n<\/ul>","protected":false},"featured_media":4148,"comment_status":"open","ping_status":"closed","template":"","meta":[],"product_brand":[],"product_cat":[15],"product_tag":[],"class_list":{"0":"post-4160","1":"product","2":"type-product","3":"status-publish","4":"has-post-thumbnail","6":"product_cat-large-wedge-pillow","8":"first","9":"instock","10":"shipping-taxable","11":"purchasable","12":"product-type-variable","13":"has-default-attributes"},"_links":{"self":[{"href":"https:\/\/www.largepillow.com\/fr\/wp-json\/wp\/v2\/product\/4160","targetHints":{"allow":["GET"]}}],"collection":[{"href":"https:\/\/www.largepillow.com\/fr\/wp-json\/wp\/v2\/product"}],"about":[{"href":"https:\/\/www.largepillow.com\/fr\/wp-json\/wp\/v2\/types\/product"}],"replies":[{"embeddable":true,"href":"https:\/\/www.largepillow.com\/fr\/wp-json\/wp\/v2\/comments?post=4160"}],"wp:featuredmedia":[{"embeddable":true,"href":"https:\/\/www.largepillow.com\/fr\/wp-json\/wp\/v2\/media\/4148"}],"wp:attachment":[{"href":"https:\/\/www.largepillow.com\/fr\/wp-json\/wp\/v2\/media?parent=4160"}],"wp:term":[{"taxonomy":"product_brand","embeddable":true,"href":"https:\/\/www.largepillow.com\/fr\/wp-json\/wp\/v2\/product_brand?post=4160"},{"taxonomy":"product_cat","embeddable":true,"href":"https:\/\/www.largepillow.com\/fr\/wp-json\/wp\/v2\/product_cat?post=4160"},{"taxonomy":"product_tag","embeddable":true,"href":"https:\/\/www.largepillow.com\/fr\/wp-json\/wp\/v2\/product_tag?post=4160"}],"curies":[{"name":"wp","href":"https:\/\/api.w.org\/{rel}","templated":true}]}}