{"id":4182,"date":"2024-09-12T03:55:25","date_gmt":"2024-09-12T03:55:25","guid":{"rendered":"https:\/\/www.largepillow.com\/product\/triangular-headboard-pillow-for-sleeping-with-side-pocket"},"modified":"2024-10-03T16:31:33","modified_gmt":"2024-10-03T16:31:33","slug":"oreiller-de-tete-de-lit-triangulaire-pour-dormir-avec-poche-laterale","status":"publish","type":"product","link":"https:\/\/www.largepillow.com\/fr\/product\/triangular-headboard-pillow-for-sleeping-with-side-pocket","title":{"rendered":"Oreiller de t\u00eate de lit triangulaire pour dormir avec poche lat\u00e9rale"},"content":{"rendered":"","protected":false},"excerpt":{"rendered":"<ul>\n<li><strong>Fabrication de haute qualit\u00e9 :<\/strong> Pour rendre les coussins de dossier plus parfaits et harmonieux, le designer a choisi un bouton d\u00e9coratif de la m\u00eame couleur que la housse de coussin. La housse de coussin est lisse et durable, et le coussin compens\u00e9 est doux et \u00e9lastique. Il y a une fermeture \u00e9clair en bas et le coton de remplissage est emball\u00e9 dans une couche de rembourrage. Du coton PP peut \u00eatre ajout\u00e9 ou r\u00e9duit selon votre propre ressenti pendant l&#039;utilisation.<\/li>\n<li><strong>Mat\u00e9riel:<\/strong> Housse de coussin en coin imprim\u00e9e en coton 100%. Le rembourrage est en fibre de polyester (coton PP). Doux au toucher, teint de mani\u00e8re \u00e9cologique, pas de boulochage, pas de d\u00e9coloration. Les imprim\u00e9s d\u00e9licats d\u00e9corent mieux l&#039;environnement int\u00e9rieur.<\/li>\n<li><strong>Fonction:<\/strong>\u00a0Nos coussins de soutien fonctionnels peuvent soutenir votre dos lorsque vous travaillez ou lisez, afin que vous ne vous sentiez pas si fatigu\u00e9. Il suffit de le ramener \u00e0 la maison et vos canap\u00e9s et lits ordinaires deviendront plus raffin\u00e9s. De plus, notre coussin de t\u00eate de lit en peluche \u00e0 motifs peut donner une apparence fra\u00eeche et \u00e9l\u00e9gante aux balcons de salon int\u00e9rieurs et aux chaises de jardin ext\u00e9rieures. Les t\u00e9l\u00e9phones portables ou autres n\u00e9cessit\u00e9s quotidiennes peuvent \u00eatre rang\u00e9s dans les poches lat\u00e9rales des coussins.<\/li>\n<li><strong>Taille:<\/strong> 60 cm (60*20*50 cm), 140 cm (140*20*50 cm), 180 cm (180*20*50 cm)<\/li>\n<li>Veuillez noter que les boutons ne sont pas amovibles et sont solidement cousus dans le noyau du coussin. Un trou est volontairement laiss\u00e9 sous chaque bouton pour faciliter le retrait de la housse du coussin.<\/li>\n<\/ul>","protected":false},"featured_media":4169,"comment_status":"open","ping_status":"closed","template":"","meta":[],"product_brand":[],"product_cat":[15],"product_tag":[],"class_list":{"0":"post-4182","1":"product","2":"type-product","3":"status-publish","4":"has-post-thumbnail","6":"product_cat-large-wedge-pillow","8":"first","9":"instock","10":"shipping-taxable","11":"purchasable","12":"product-type-variable","13":"has-default-attributes"},"_links":{"self":[{"href":"https:\/\/www.largepillow.com\/fr\/wp-json\/wp\/v2\/product\/4182","targetHints":{"allow":["GET"]}}],"collection":[{"href":"https:\/\/www.largepillow.com\/fr\/wp-json\/wp\/v2\/product"}],"about":[{"href":"https:\/\/www.largepillow.com\/fr\/wp-json\/wp\/v2\/types\/product"}],"replies":[{"embeddable":true,"href":"https:\/\/www.largepillow.com\/fr\/wp-json\/wp\/v2\/comments?post=4182"}],"wp:featuredmedia":[{"embeddable":true,"href":"https:\/\/www.largepillow.com\/fr\/wp-json\/wp\/v2\/media\/4169"}],"wp:attachment":[{"href":"https:\/\/www.largepillow.com\/fr\/wp-json\/wp\/v2\/media?parent=4182"}],"wp:term":[{"taxonomy":"product_brand","embeddable":true,"href":"https:\/\/www.largepillow.com\/fr\/wp-json\/wp\/v2\/product_brand?post=4182"},{"taxonomy":"product_cat","embeddable":true,"href":"https:\/\/www.largepillow.com\/fr\/wp-json\/wp\/v2\/product_cat?post=4182"},{"taxonomy":"product_tag","embeddable":true,"href":"https:\/\/www.largepillow.com\/fr\/wp-json\/wp\/v2\/product_tag?post=4182"}],"curies":[{"name":"wp","href":"https:\/\/api.w.org\/{rel}","templated":true}]}}