{"id":4212,"date":"2024-09-13T00:40:09","date_gmt":"2024-09-13T00:40:09","guid":{"rendered":"https:\/\/www.largepillow.com\/product\/space-themed-backrest-cushion-for-kids-headboard-pillow-moon"},"modified":"2024-10-03T16:31:23","modified_gmt":"2024-10-03T16:31:23","slug":"coussin-de-dossier-a-theme-spatial-pour-tete-de-lit-pour-enfants-oreiller-lune","status":"publish","type":"product","link":"https:\/\/www.largepillow.com\/fr\/product\/space-themed-backrest-cushion-for-kids-headboard-pillow-moon\/","title":{"rendered":"Coussin de dossier \u00e0 th\u00e8me spatial pour enfants \u2013 Coussin de t\u00eate de lit (Lune)"},"content":{"rendered":"[zc_getpagecontent mb=&#8221;mb_aplus&#8221; apid=&#8221;90&#8243;]\n","protected":false},"excerpt":{"rendered":"<ul>\n<li><strong>Taille du produit :<\/strong>\u00a0Nous avons 3 types d&#039;oreillers de soutien du dos plan\u00e9taires disponibles, qui sont la terre, la lune et Jupiter, mesurant environ 39 x 19,6 pouces, vous pouvez choisir l&#039;apparence de vos oreillers pr\u00e9f\u00e9r\u00e9s en fonction de votre humeur ; Cr\u00e9ez une chambre de r\u00eave et imaginative avec cet adorable coussin traversin plan\u00e9taire, con\u00e7u pour inspirer les r\u00eaves d&#039;exploration spatiale de votre tout-petit.<\/li>\n<li><strong>Doux et confortable :<\/strong>\u00a0L&#039;oreiller de lecture de la plan\u00e8te est fait de tissu en peluche courte, doux et confortable, offrant une texture lisse, chaude et confortable pour vous; le mat\u00e9riau int\u00e9rieur est en coton PP, doux et soutenu, il peut \u00eatre plac\u00e9 sur le lit ou le canap\u00e9, il donne \u00e0 votre dos suffisamment de soutien mais am\u00e9liore \u00e9galement la posture et soulage les maux de dos m\u00e9caniques.<\/li>\n<li><strong>Conception dynamique et r\u00e9aliste :<\/strong>\u00a0Notre coussin de t\u00eate de lit plan\u00e8tes adopte un design imprim\u00e9 recto verso sur le th\u00e8me \u00e9tonnant de l&#039;univers extra-atmosph\u00e9rique Galaxy Planet. Les enfants peuvent en apprendre davantage sur chaque plan\u00e8te avec des d\u00e9tails textur\u00e9s et comparer leurs tailles tout en se pr\u00e9lassant sur des coussins moelleux parfaits pour un jeu imaginatif. Ces d\u00e9corations de galaxie extra-atmosph\u00e9riques cool ajoutent une petite touche galactique \u00e0 votre d\u00e9coration int\u00e9rieure de galaxie. Cr\u00e9ez une chambre \u00e0 coucher de d\u00e9coration de plan\u00e8te astronaute unique pour gar\u00e7ons et filles.<\/li>\n<li><strong>Utilisation polyvalente :<\/strong>\u00a0Les coussins de dossier de plan\u00e8te simul\u00e9s en 3D avec un style de motif d&#039;impression recto verso vif, ces coussins peuvent non seulement \u00eatre utilis\u00e9s comme d\u00e9coration int\u00e9rieure distinctive sur le sol, la chambre, le canap\u00e9, le salon et les meubles, mais aussi un coussin de c\u00e2lin int\u00e9ressant pour votre famille, am\u00e9liorant l&#039;apparence de nombreux endroits.<\/li>\n<li><strong>Conception de fermeture \u00e0 glissi\u00e8re cach\u00e9e\u00a0:<\/strong>\u00a0Chaque taie d&#039;oreiller Planet Throw est con\u00e7ue avec une fermeture \u00e9clair cach\u00e9e, pr\u00e9sentant une apparence sans couture et d\u00e9licate. De plus, cela facilite le retrait et l&#039;insertion des oreillers pour le nettoyage ou le remplacement. C&#039;est un cadeau d&#039;anniversaire magique sp\u00e9cial pour les gar\u00e7ons et les filles.<\/li>\n<\/ul>","protected":false},"featured_media":4204,"comment_status":"open","ping_status":"closed","template":"","meta":[],"product_brand":[],"product_cat":[228],"product_tag":[],"class_list":{"0":"post-4212","1":"product","2":"type-product","3":"status-publish","4":"has-post-thumbnail","6":"product_cat-cushions","8":"first","9":"instock","10":"shipping-taxable","11":"purchasable","12":"product-type-simple"},"_links":{"self":[{"href":"https:\/\/www.largepillow.com\/fr\/wp-json\/wp\/v2\/product\/4212","targetHints":{"allow":["GET"]}}],"collection":[{"href":"https:\/\/www.largepillow.com\/fr\/wp-json\/wp\/v2\/product"}],"about":[{"href":"https:\/\/www.largepillow.com\/fr\/wp-json\/wp\/v2\/types\/product"}],"replies":[{"embeddable":true,"href":"https:\/\/www.largepillow.com\/fr\/wp-json\/wp\/v2\/comments?post=4212"}],"wp:featuredmedia":[{"embeddable":true,"href":"https:\/\/www.largepillow.com\/fr\/wp-json\/wp\/v2\/media\/4204"}],"wp:attachment":[{"href":"https:\/\/www.largepillow.com\/fr\/wp-json\/wp\/v2\/media?parent=4212"}],"wp:term":[{"taxonomy":"product_brand","embeddable":true,"href":"https:\/\/www.largepillow.com\/fr\/wp-json\/wp\/v2\/product_brand?post=4212"},{"taxonomy":"product_cat","embeddable":true,"href":"https:\/\/www.largepillow.com\/fr\/wp-json\/wp\/v2\/product_cat?post=4212"},{"taxonomy":"product_tag","embeddable":true,"href":"https:\/\/www.largepillow.com\/fr\/wp-json\/wp\/v2\/product_tag?post=4212"}],"curies":[{"name":"wp","href":"https:\/\/api.w.org\/{rel}","templated":true}]}}