{"id":4315,"date":"2024-09-13T03:09:11","date_gmt":"2024-09-13T03:09:11","guid":{"rendered":"https:\/\/www.largepillow.com\/product\/large-headboard-reading-pillow-bolster-body-pillow-black"},"modified":"2025-06-26T18:00:45","modified_gmt":"2025-06-26T18:00:45","slug":"grand-coussin-de-lecture-pour-tete-de-lit-coussin-de-corps-noir","status":"publish","type":"product","link":"https:\/\/www.largepillow.com\/fr\/product\/large-headboard-reading-pillow-bolster-body-pillow-black\/","title":{"rendered":"Grand coussin de lecture pour t\u00eate de lit, coussin de corps noir"},"content":{"rendered":"[zc_getpagecontent mb=&#8221;mb_aplus&#8221; apid=&#8221;60&#8243;]\n","protected":false},"excerpt":{"rendered":"<ul>\n<li>Design moderne : con\u00e7u avec des boutons touffet\u00e9s et des d\u00e9tails cousus, les bords roul\u00e9s ajoutent \u00e9galement une touche d\u00e9corative suppl\u00e9mentaire. Ce coussin lombaire surdimensionn\u00e9 avec un rembourrage g\u00e9n\u00e9reux ajoute un confort suppl\u00e9mentaire et vous assure le meilleur soutien lorsque vous vous asseyez et vous d\u00e9tendez. Utilisez-le seul comme pi\u00e8ce d&#039;accent ou m\u00e9langez-le avec d&#039;autres coussins imprim\u00e9s\/unis standard ou d&#039;autres coussins brod\u00e9s pour un look coordonn\u00e9.<\/li>\n<li>Excellent coussin de soutien du dos : ce coussin surdimensionn\u00e9 offre un meilleur soutien que les coussins moelleux de taille standard, les coussins boudoir ou les coussins europ\u00e9ens et il est robuste pour conserver sa forme. Ce coussin de t\u00eate de lit surdimensionn\u00e9 avec un rembourrage g\u00e9n\u00e9reux ajoute du confort, associ\u00e9 \u00e0 un matelas moelleux, il vous assure le meilleur soutien lorsque vous vous penchez en arri\u00e8re et vous d\u00e9tendez. Et ce grand coussin de dossier moderne r\u00e9soudra \u00e9galement le probl\u00e8me des oreillers de lit qui glissent entre le matelas et la t\u00eate de lit.<\/li>\n<li>Multi-usage : utilisez ce grand coussin de soutien dorsal comme alternative \u00e0 la t\u00eate de lit ou au dossier du canap\u00e9, ou placez-le sur un banc pour avoir un nouveau canap\u00e9. Ce long coussin de lit peut \u00e9galement \u00eatre utilis\u00e9 comme grand coussin de corps pour vous aider \u00e0 passer une bonne nuit de sommeil. Ce coussin de t\u00eate de lit rembourr\u00e9 est si magnifique, d&#039;une qualit\u00e9 exceptionnelle et super confortable pour s&#039;appuyer dessus. En m\u00eame temps, il s&#039;accorde bien avec diff\u00e9rents styles de d\u00e9coration int\u00e9rieure, ajoutant une sensation chaleureuse et douillette \u00e0 la chambre.<\/li>\n<li>Artisanat de qualit\u00e9 sup\u00e9rieure : le coussin d\u00e9coratif en tissu polyester 100% est ultra doux et confortable pour votre peau. Les coussins d\u00e9coratifs traditionnels ont tendance \u00e0 s&#039;affaisser avec le temps, mais ce coussin de lecture est dot\u00e9 de boutons touffet\u00e9s qui non seulement offrent un style contemporain mais maintiennent \u00e9galement le rembourrage en place pour plus de durabilit\u00e9. Les coutures patchwork et les bords \u00e0 brides ajoutent \u00e9galement une d\u00e9coration suppl\u00e9mentaire.<\/li>\n<li>Instructions d&#039;entretien des taies d&#039;oreiller : Les taies d&#039;oreiller sont amovibles, ne se d\u00e9colorent pas et ne s&#039;effilochent pas, sont faciles d&#039;entretien et lavables en machine gr\u00e2ce \u00e0 la conception des boutons touffet\u00e9s et \u00e0 la fermeture \u00e9clair invisible.<\/li>\n<\/ul>","protected":false},"featured_media":4297,"comment_status":"open","ping_status":"closed","template":"","meta":[],"product_brand":[],"product_cat":[28],"product_tag":[],"class_list":{"0":"post-4315","1":"product","2":"type-product","3":"status-publish","4":"has-post-thumbnail","6":"product_cat-large-body-pillow","8":"first","9":"instock","10":"shipping-taxable","11":"purchasable","12":"product-type-variable","13":"has-default-attributes"},"_links":{"self":[{"href":"https:\/\/www.largepillow.com\/fr\/wp-json\/wp\/v2\/product\/4315","targetHints":{"allow":["GET"]}}],"collection":[{"href":"https:\/\/www.largepillow.com\/fr\/wp-json\/wp\/v2\/product"}],"about":[{"href":"https:\/\/www.largepillow.com\/fr\/wp-json\/wp\/v2\/types\/product"}],"replies":[{"embeddable":true,"href":"https:\/\/www.largepillow.com\/fr\/wp-json\/wp\/v2\/comments?post=4315"}],"wp:featuredmedia":[{"embeddable":true,"href":"https:\/\/www.largepillow.com\/fr\/wp-json\/wp\/v2\/media\/4297"}],"wp:attachment":[{"href":"https:\/\/www.largepillow.com\/fr\/wp-json\/wp\/v2\/media?parent=4315"}],"wp:term":[{"taxonomy":"product_brand","embeddable":true,"href":"https:\/\/www.largepillow.com\/fr\/wp-json\/wp\/v2\/product_brand?post=4315"},{"taxonomy":"product_cat","embeddable":true,"href":"https:\/\/www.largepillow.com\/fr\/wp-json\/wp\/v2\/product_cat?post=4315"},{"taxonomy":"product_tag","embeddable":true,"href":"https:\/\/www.largepillow.com\/fr\/wp-json\/wp\/v2\/product_tag?post=4315"}],"curies":[{"name":"wp","href":"https:\/\/api.w.org\/{rel}","templated":true}]}}