{"id":432,"date":"2022-09-16T01:26:03","date_gmt":"2022-09-16T01:26:03","guid":{"rendered":"https:\/\/www.largepillow.com\/product\/headboard-for-bed"},"modified":"2025-11-05T02:15:27","modified_gmt":"2025-11-05T02:15:27","slug":"oreiller-pour-le-dos-large","status":"publish","type":"product","link":"https:\/\/www.largepillow.com\/fr\/product\/large-back-support-pillow","title":{"rendered":"Grand oreiller de soutien dorsal"},"content":{"rendered":"<p>Le grand oreiller de soutien dorsal \u2013 votre solution ultime pour une exp\u00e9rience de d\u00e9tente douillette et confortable\u00a0! Cet oreiller de t\u00eate de lit est con\u00e7u avec une forme triangulaire, offrant un excellent soutien \u00e0 votre dos et \u00e0 votre taille, minimisant ainsi la pression lombaire et dorsale. Que vous soyez un oiseau de nuit qui aime travailler au lit, un rat de biblioth\u00e8que qui aime lire au lit ou quelqu&#039;un qui aime regarder la t\u00e9l\u00e9vision au lit, ce coussin de lecture compens\u00e9 vous aidera \u00e0 rester d\u00e9tendu et sans tension.<\/p>\n<p>Ce grand traversin est le seul oreiller de t\u00eate de lit compens\u00e9 pouvant accueillir deux personnes, ce qui le rend parfait pour les couples qui aiment se blottir dans le lit. Sa conception 3-en-1 vous permet de l&#039;utiliser comme oreiller de t\u00eate de lit avec support dorsal lorsque vous \u00eates assis dans le lit, comme grand oreiller compens\u00e9 lorsque vous dormez sur le dos ou sur le c\u00f4t\u00e9, ou comme oreiller de jambe pour sur\u00e9lever vos jambes.<\/p>\n<p>Le design multifonctionnel de ce grand coussin triangulaire est ce qui le rend vraiment exceptionnel. Vous pouvez l&#039;utiliser comme coussin pare-chocs, comme coussin de traversin pour dossier de canap\u00e9 ou de lit de repos, ou m\u00eame comme oreiller de t\u00eate de lit. Il est \u00e0 la fois \u00e9l\u00e9gant et fonctionnel, ce qui en fait un excellent ajout \u00e0 n&#039;importe quelle chambre.<\/p>\n<p>Le savoir-faire sup\u00e9rieur de notre grand oreiller de soutien dorsal se refl\u00e8te dans ses mat\u00e9riaux et sa conception. La taie d&#039;oreiller est en velours de polyester 100%, doux, \u00e9l\u00e9gant et confortable au toucher, et le rembourrage est en fibres de polyester haute densit\u00e9 et de haute qualit\u00e9, qui emp\u00eachent l&#039;affaissement m\u00eame apr\u00e8s des mois d&#039;utilisation. Il est m\u00eame dot\u00e9 de poches lat\u00e9rales pour ranger votre livre ou votre t\u00e9l\u00e9phone.<\/p>\n<p>Le nettoyage de ce coussin de lecture se fait sans tracas. La housse est fix\u00e9e \u00e0 l&#039;oreiller \u00e0 l&#039;aide de boutons et s&#039;enl\u00e8ve facilement gr\u00e2ce \u00e0 une simple fermeture \u00e9clair. Retirez simplement la housse et effectuez un lavage rapide en machine pour donner \u00e0 votre oreiller un aspect neuf.<\/p>\n<p>Disponible en diff\u00e9rentes tailles, de 45 cm \u00e0 200 cm, vous pourrez choisir la taille id\u00e9ale qui correspond \u00e0 vos besoins. De plus, avec la multitude de couleurs disponibles, vous pouvez facilement assortir le grand oreiller de soutien dorsal \u00e0 la palette de couleurs de votre chambre.<\/p>\n<p>Les clients ont \u00e9t\u00e9 ravis de notre grand oreiller de soutien du dos, et certains l&#039;appellent la meilleure chose qu&#039;ils ont achet\u00e9e pour leur lit. Un client a d\u00e9clar\u00e9 : \u00ab Cet oreiller a fait une \u00e9norme diff\u00e9rence dans ma vie. Il offre un excellent soutien et j\u2019adore son apparence dans ma chambre. Un autre a d\u00e9clar\u00e9 : \u00ab Le mat\u00e9riau est si doux et confortable. Je ne peux pas imaginer dormir sans.<\/p>\n<p>Si vous recherchez confort, soutien et style, ne cherchez pas plus loin que le grand oreiller de soutien dorsal. Essayez-le par vous-m\u00eame et voyez de quoi il s\u2019agit !<\/p>","protected":false},"excerpt":{"rendered":"<ul>\n<li><strong>Confort ultime\u00a0:<\/strong> Cet oreiller de t\u00eate de lit offre un excellent confort gr\u00e2ce \u00e0 sa forme triangulaire. Le coussin de soutien du lit s&#039;adapte parfaitement au dos et \u00e0 la taille, minimisant ainsi la pression lombaire\/dos. Cet oreiller de lecture compens\u00e9 peut vous aider \u00e0 rester sans tension dans votre lit ou votre canap\u00e9, ce qui est id\u00e9al pour les noctambules qui travaillent, les rats de biblioth\u00e8que et pour regarder la t\u00e9l\u00e9vision au lit. Ce traversin extra large est le seul oreiller de t\u00eate de lit compens\u00e9 pouvant accueillir deux personnes.<\/li>\n<li><strong>Grand traversin 3 en 1\u00a0:<\/strong> Vous pouvez utiliser l&#039;oreiller droit comme oreiller de t\u00eate de lit pour vous asseoir dans le lit ou le poser \u00e0 plat sur le lit pour l&#039;utiliser comme un grand oreiller compens\u00e9 lorsque vous dormez sur le dos ou sur le c\u00f4t\u00e9, ou comme oreiller de jambe pour sur\u00e9lever vos jambes. Si vous souhaitez un grand oreiller de t\u00eate de lit qui offre un soutien \u00e0 vous et \u00e0 votre conjoint. C&#039;est une excellente alternative.<\/li>\n<li><strong>Conception multifonctionnelle\u00a0:<\/strong> Certaines personnes utilisent le grand coussin triangulaire comme oreiller de t\u00eate de lit, tandis que d&#039;autres l&#039;utilisent comme oreiller pare-chocs, il peut \u00e9galement \u00eatre un traversin de dossier de canap\u00e9 ou de lit de repos. Il est \u00e0 la fois \u00e9l\u00e9gant et fonctionnel, ce qui en fait un excellent ajout \u00e0 n&#039;importe quelle chambre.<\/li>\n<li><strong>Artisanat sup\u00e9rieur\u00a0:<\/strong> Notre taie d&#039;oreiller est fabriqu\u00e9e en velours polyester 100%, doux, \u00e9l\u00e9gant et confortable au toucher. Le rembourrage est compos\u00e9 de fibres de polyester haute densit\u00e9 et de haute qualit\u00e9 qui emp\u00eachent l&#039;affaissement m\u00eame apr\u00e8s des mois d&#039;utilisation. De plus, il est dot\u00e9 de poches lat\u00e9rales pour ranger votre livre ou votre t\u00e9l\u00e9phone.<\/li>\n<li><strong>Facile \u00e0 nettoyer:<\/strong> La housse du coussin de lecture est fix\u00e9e \u00e0 l&#039;oreiller avec des boutons et est facile \u00e0 retirer avec une simple fermeture \u00e9clair. Cela rend son nettoyage sans tracas. Retirez simplement la housse et effectuez un lavage rapide en machine pour donner \u00e0 votre oreiller un aspect neuf.<\/li>\n<li><strong>Taille:<\/strong> 45 cm (L45 x L20 x H50 | 0 boutons), 60 cm (L60 x L20 x H50 | 0 boutons), 80 cm (L80 x L20 x H50 | 2 boutons), 100 cm (L100 x L20 x H50 | 3 boutons), 120 cm ( L120 x L20 x H50 | 4 boutons), 140 cm (L140 x L20 x H50 | 4 boutons), 160 cm (L160 x L20 x H50 | 5 boutons), 180 cm (L180 x L20 x H50 | 6 boutons), 200 cm (L200 x L20 x H50 | 7 boutons).<\/li>\n<\/ul>","protected":false},"featured_media":414,"comment_status":"open","ping_status":"closed","template":"","meta":[],"product_brand":[],"product_cat":[15],"product_tag":[205,67,204,168,132,163,112,143,71,65],"class_list":{"0":"post-432","1":"product","2":"type-product","3":"status-publish","4":"has-post-thumbnail","6":"product_cat-large-wedge-pillow","7":"product_tag-back-support-headboard-pillow","8":"product_tag-backrest-reading-pillow","9":"product_tag-bed-support-cushion","10":"product_tag-headboard-pillow","11":"product_tag-large-bolster-pillow","12":"product_tag-leg-pillow","13":"product_tag-lumbar-support-pillow","14":"product_tag-multifunctional-pillow","15":"product_tag-tv-pillow","16":"product_tag-wedge-pillow","18":"first","19":"instock","20":"featured","21":"shipping-taxable","22":"purchasable","23":"product-type-variable"},"_links":{"self":[{"href":"https:\/\/www.largepillow.com\/fr\/wp-json\/wp\/v2\/product\/432","targetHints":{"allow":["GET"]}}],"collection":[{"href":"https:\/\/www.largepillow.com\/fr\/wp-json\/wp\/v2\/product"}],"about":[{"href":"https:\/\/www.largepillow.com\/fr\/wp-json\/wp\/v2\/types\/product"}],"replies":[{"embeddable":true,"href":"https:\/\/www.largepillow.com\/fr\/wp-json\/wp\/v2\/comments?post=432"}],"wp:featuredmedia":[{"embeddable":true,"href":"https:\/\/www.largepillow.com\/fr\/wp-json\/wp\/v2\/media\/414"}],"wp:attachment":[{"href":"https:\/\/www.largepillow.com\/fr\/wp-json\/wp\/v2\/media?parent=432"}],"wp:term":[{"taxonomy":"product_brand","embeddable":true,"href":"https:\/\/www.largepillow.com\/fr\/wp-json\/wp\/v2\/product_brand?post=432"},{"taxonomy":"product_cat","embeddable":true,"href":"https:\/\/www.largepillow.com\/fr\/wp-json\/wp\/v2\/product_cat?post=432"},{"taxonomy":"product_tag","embeddable":true,"href":"https:\/\/www.largepillow.com\/fr\/wp-json\/wp\/v2\/product_tag?post=432"}],"curies":[{"name":"wp","href":"https:\/\/api.w.org\/{rel}","templated":true}]}}