{"id":4391,"date":"2024-09-13T04:14:15","date_gmt":"2024-09-13T04:14:15","guid":{"rendered":"https:\/\/www.largepillow.com\/product\/giant-dog-beds-for-adult-humans-large-floor-bed-mattress"},"modified":"2024-10-03T16:31:23","modified_gmt":"2024-10-03T16:31:23","slug":"lits-pour-chiens-geants-pour-adultes-grand-matelas-de-sol","status":"publish","type":"product","link":"https:\/\/www.largepillow.com\/fr\/product\/giant-dog-beds-for-adult-humans-large-floor-bed-mattress\/","title":{"rendered":"Lits g\u00e9ants pour chiens adultes Grand matelas de sol"},"content":{"rendered":"[zc_getpagecontent mb=&#8221;mb_aplus&#8221; apid=&#8221;41&#8243;]\n","protected":false},"excerpt":{"rendered":"<ul>\n<li><strong>D\u00e9tente ultime<\/strong>: Pr\u00e9parez-vous \u00e0 vous d\u00e9tendre dans un confort ultime avec notre lit pour chien humain - l&#039;endroit id\u00e9al pour vous d\u00e9tendre avec votre meilleur ami \u00e0 quatre pattes ! Avec son design spacieux et ses mat\u00e9riaux douillets, vous ne voudrez plus jamais partir.<\/li>\n<li><strong>Extr\u00eamement s\u00e9curis\u00e9<\/strong>:Notre lit pour chien de taille humaine est con\u00e7u avec un design unique \u00e0 cordon de serrage, offrant \u00e0 vous et \u00e0 votre ami \u00e0 quatre pattes un sentiment de s\u00e9curit\u00e9 et de confort in\u00e9gal\u00e9. Blottissez-vous l&#039;un contre l&#039;autre et ressentez la sensation d&#039;\u00eatre envelopp\u00e9 dans une \u00e9treinte chaleureuse et confortable, un peu comme la sensation r\u00e9confortante de se reposer dans les bras d&#039;une m\u00e8re.<\/li>\n<li><strong>Confortable et facile \u00e0 nettoyer<\/strong>: Ce lit pour chien est fabriqu\u00e9 en tissu velours doux, il est \u00e9galement facile de nettoyer les poils d&#039;animaux. Le rembourrage en fibre de polyester de qualit\u00e9 sup\u00e9rieure offre juste la bonne quantit\u00e9 de soutien pour que votre animal puisse se reposer et se ressourcer. Qu&#039;il fasse la sieste ou qu&#039;il cherche un endroit confortable pour se blottir, ce pouf est parfait pour vous et votre animal de compagnie.<\/li>\n<li><strong>Pratique \u00e0 ranger<\/strong>:Notre grand lit pour animaux de compagnie est con\u00e7u pour une commodit\u00e9 ultime gr\u00e2ce \u00e0 sa fonction d\u00e9tachable. Le matelas principal et la cl\u00f4ture \u00e0 cordon peuvent \u00eatre facilement reli\u00e9s \u00e0 l&#039;aide de fermetures \u00e0 glissi\u00e8re de haute qualit\u00e9, permettant un assemblage rapide et facile. Lorsqu&#039;il n&#039;est pas utilis\u00e9, d\u00e9tachez simplement les deux sections et enroulez le lit pour un rangement compact. Veuillez noter que la couverture sur la photo n&#039;est pas incluse.<\/li>\n<li><strong>Matelas de lit temporaire id\u00e9al<\/strong>:Notre lit pour chien n&#039;est pas seulement un endroit confortable pour que votre ami \u00e0 quatre pattes puisse se reposer, mais il constitue \u00e9galement le remplacement parfait des matelas gonflables traditionnels. Contrairement \u00e0 ces matelas pneumatiques encombrants, ce lit pour animaux de compagnie offre un rembourrage moelleux et confortable qui garantit \u00e0 votre animal le repos dont il a besoin. Il est id\u00e9al lorsque vous faites du camping, que vous voyagez ou que vous avez simplement besoin d&#039;une solution temporaire pour le confort de votre animal.<\/li>\n<\/ul>","protected":false},"featured_media":4372,"comment_status":"open","ping_status":"closed","template":"","meta":[],"product_brand":[],"product_cat":[228],"product_tag":[],"class_list":{"0":"post-4391","1":"product","2":"type-product","3":"status-publish","4":"has-post-thumbnail","6":"product_cat-cushions","8":"first","9":"outofstock","10":"shipping-taxable","11":"purchasable","12":"product-type-simple"},"_links":{"self":[{"href":"https:\/\/www.largepillow.com\/fr\/wp-json\/wp\/v2\/product\/4391","targetHints":{"allow":["GET"]}}],"collection":[{"href":"https:\/\/www.largepillow.com\/fr\/wp-json\/wp\/v2\/product"}],"about":[{"href":"https:\/\/www.largepillow.com\/fr\/wp-json\/wp\/v2\/types\/product"}],"replies":[{"embeddable":true,"href":"https:\/\/www.largepillow.com\/fr\/wp-json\/wp\/v2\/comments?post=4391"}],"wp:featuredmedia":[{"embeddable":true,"href":"https:\/\/www.largepillow.com\/fr\/wp-json\/wp\/v2\/media\/4372"}],"wp:attachment":[{"href":"https:\/\/www.largepillow.com\/fr\/wp-json\/wp\/v2\/media?parent=4391"}],"wp:term":[{"taxonomy":"product_brand","embeddable":true,"href":"https:\/\/www.largepillow.com\/fr\/wp-json\/wp\/v2\/product_brand?post=4391"},{"taxonomy":"product_cat","embeddable":true,"href":"https:\/\/www.largepillow.com\/fr\/wp-json\/wp\/v2\/product_cat?post=4391"},{"taxonomy":"product_tag","embeddable":true,"href":"https:\/\/www.largepillow.com\/fr\/wp-json\/wp\/v2\/product_tag?post=4391"}],"curies":[{"name":"wp","href":"https:\/\/api.w.org\/{rel}","templated":true}]}}