{"id":4405,"date":"2024-09-14T02:18:37","date_gmt":"2024-09-14T02:18:37","guid":{"rendered":"https:\/\/www.largepillow.com\/product\/large-floor-loveseat-cozy-chair-for-home-spaces"},"modified":"2024-12-12T09:14:40","modified_gmt":"2024-12-12T09:14:40","slug":"grande-causeuse-au-sol-chaise-confortable-pour-les-espaces-domestiques","status":"publish","type":"product","link":"https:\/\/www.largepillow.com\/fr\/product\/large-floor-loveseat-cozy-chair-for-home-spaces","title":{"rendered":"Grand canap\u00e9 de sol \u2013 Chaise confortable pour les espaces domestiques"},"content":{"rendered":"[zc_getpagecontent mb=&#8221;mb_aplus&#8221; apid=&#8221;96&#8243;]\n","protected":false},"excerpt":{"rendered":"<ul>\n<li><strong>CONFORT ULTIME :<\/strong> B\u00e9n\u00e9ficiez d&#039;un confort in\u00e9gal\u00e9 avec la chaise longue. Dot\u00e9 d&#039;un rev\u00eatement en fourrure de lapin et d&#039;un rembourrage en mousse haute r\u00e9silience, ce canap\u00e9 assure un confort maximal que vous soyez assis pour lire un livre, regarder la t\u00e9l\u00e9vision ou simplement vous d\u00e9tendre apr\u00e8s une journ\u00e9e bien remplie.<\/li>\n<li><strong>SAVOIR-FAIRE DE HAUT NIVEAU :<\/strong> Ce canap\u00e9 sans cadre est dot\u00e9 d&#039;une housse en velours c\u00f4tel\u00e9 shaggy et d&#039;un dossier en coton PP, alliant praticit\u00e9 et confort pour une exp\u00e9rience luxueuse et durable. Il est facile \u00e0 d\u00e9monter et \u00e0 assembler, garantissant une \u00e9l\u00e9gance durable dans n&#039;importe quelle pi\u00e8ce.<\/li>\n<li><strong>SUPPORT STABLE :<\/strong> Profitez d&#039;une d\u00e9tente paisible avec notre canap\u00e9 de sol. La mousse haute densit\u00e9 offre un excellent soutien et un amorti qui \u00e9pouse les courbes du corps et soulage les points de pression. La stabilit\u00e9 du canap\u00e9 encastrable garantit s\u00e9curit\u00e9 et fiabilit\u00e9.<\/li>\n<li><strong>CONCEPTION UNIQUE ET FACILE \u00c0 NETTOYER :<\/strong> Ce canap\u00e9 est non seulement confortable mais aussi facile \u00e0 nettoyer. La fermeture \u00e9clair invisible est facile \u00e0 retirer et \u00e0 nettoyer, ce qui permet de garder le canap\u00e9 bien rang\u00e9. Vous permet de profiter de votre temps libre en tout confort.<\/li>\n<li><strong>TAILLE ID\u00c9ALE POUR LE CONFORT :<\/strong> Notre chaise longue d&#039;int\u00e9rieur mesure 122*122*27cm, ce qui est la taille id\u00e9ale pour un fauteuil inclinable et est facile \u00e0 ranger et \u00e0 \u00e9conomiser de l&#039;espace.<\/li>\n<\/ul>","protected":false},"featured_media":4393,"comment_status":"open","ping_status":"closed","template":"","meta":[],"product_brand":[],"product_cat":[228],"product_tag":[],"class_list":{"0":"post-4405","1":"product","2":"type-product","3":"status-publish","4":"has-post-thumbnail","6":"product_cat-cushions","8":"first","9":"outofstock","10":"shipping-taxable","11":"purchasable","12":"product-type-simple"},"_links":{"self":[{"href":"https:\/\/www.largepillow.com\/fr\/wp-json\/wp\/v2\/product\/4405","targetHints":{"allow":["GET"]}}],"collection":[{"href":"https:\/\/www.largepillow.com\/fr\/wp-json\/wp\/v2\/product"}],"about":[{"href":"https:\/\/www.largepillow.com\/fr\/wp-json\/wp\/v2\/types\/product"}],"replies":[{"embeddable":true,"href":"https:\/\/www.largepillow.com\/fr\/wp-json\/wp\/v2\/comments?post=4405"}],"wp:featuredmedia":[{"embeddable":true,"href":"https:\/\/www.largepillow.com\/fr\/wp-json\/wp\/v2\/media\/4393"}],"wp:attachment":[{"href":"https:\/\/www.largepillow.com\/fr\/wp-json\/wp\/v2\/media?parent=4405"}],"wp:term":[{"taxonomy":"product_brand","embeddable":true,"href":"https:\/\/www.largepillow.com\/fr\/wp-json\/wp\/v2\/product_brand?post=4405"},{"taxonomy":"product_cat","embeddable":true,"href":"https:\/\/www.largepillow.com\/fr\/wp-json\/wp\/v2\/product_cat?post=4405"},{"taxonomy":"product_tag","embeddable":true,"href":"https:\/\/www.largepillow.com\/fr\/wp-json\/wp\/v2\/product_tag?post=4405"}],"curies":[{"name":"wp","href":"https:\/\/api.w.org\/{rel}","templated":true}]}}